{"id":5834,"date":"2016-08-19T14:37:40","date_gmt":"2016-08-19T14:37:40","guid":{"rendered":"https:\/\/epit.lt\/contact-us\/"},"modified":"2023-02-27T10:23:09","modified_gmt":"2023-02-27T10:23:09","slug":"kontaktai","status":"publish","type":"page","link":"https:\/\/epit.lt\/en\/kontaktai\/","title":{"rendered":"Contacts"},"content":{"rendered":"<section class=\"wpb-content-wrapper\"><div class=\"vc_row wpb_row vc_row-fluid qodef-section vc_custom_1470996926898 qodef-content-aligment-left qodef-grid-section\" style=\"\"><div class=\"clearfix qodef-section-inner\"><div class=\"qodef-section-inner-margin clearfix\"><div class=\"wpb_column vc_column_container vc_col-sm-12 vc_col-lg-6 vc_col-md-12\"><div class=\"vc_column-inner vc_custom_1471259768419\"><div class=\"wpb_wrapper\"><div class=\"vc_empty_space\"   style=\"height: 35px\"><span class=\"vc_empty_space_inner\"><\/span><\/div>\n\t<div class=\"wpb_text_column wpb_content_element\" >\n\t\t<div class=\"wpb_wrapper\">\n\t\t\t<h2>Contact Us<\/h2>\n\n\t\t<\/div>\n\t<\/div>\n<div class=\"vc_empty_space\"   style=\"height: 10px\"><span class=\"vc_empty_space_inner\"><\/span><\/div>\n\t<div class=\"wpb_text_column wpb_content_element\" >\n\t\t<div class=\"wpb_wrapper\">\n\t\t\t<p>UAB &#8222;Ecodomus PIT&#8221;<\/p>\n\n\t\t<\/div>\n\t<\/div>\n<div class=\"vc_empty_space\"   style=\"height: 10px\"><span class=\"vc_empty_space_inner\"><\/span><\/div><div class=\"qodef-icon-list-item\">\n    <div class=\"qodef-icon-list-icon-holder\">\n        <div class=\"qodef-icon-list-icon-holder-inner clearfix\">\n\t\t\t<i class=\"qodef-icon-ion-icon ion-ios-person\" style=\"color:#9ec52a;font-size:22px\"><\/i>        <\/div>\n    <\/div>\n    <p class=\"qodef-icon-list-text\" style=\"font-size:15px\" > Vaidotas Baltaduonis<\/p>\n<\/div><div class=\"qodef-icon-list-item\">\n    <div class=\"qodef-icon-list-icon-holder\">\n        <div class=\"qodef-icon-list-icon-holder-inner clearfix\">\n\t\t\t<i class=\"qodef-icon-ion-icon ion-ios-location-outline\" style=\"color:#9ec52a;font-size:22px\"><\/i>        <\/div>\n    <\/div>\n    <p class=\"qodef-icon-list-text\" style=\"font-size:15px\" > Karaliaus Mindaugo pr. 38 LT-44307 Kaunas, Lietuva<\/p>\n<\/div><div class=\"qodef-icon-list-item\">\n    <div class=\"qodef-icon-list-icon-holder\">\n        <div class=\"qodef-icon-list-icon-holder-inner clearfix\">\n\t\t\t<i class=\"qodef-icon-ion-icon ion-iphone\" style=\"color:#9ec52a;font-size:22px\"><\/i>        <\/div>\n    <\/div>\n    <p class=\"qodef-icon-list-text\" style=\"font-size:15px\" > +370 656 97404<\/p>\n<\/div><div class=\"qodef-icon-list-item\">\n    <div class=\"qodef-icon-list-icon-holder\">\n        <div class=\"qodef-icon-list-icon-holder-inner clearfix\">\n\t\t\t<i class=\"qodef-icon-ion-icon ion-ios-email-outline\" style=\"color:#9ec52a;font-size:22px\"><\/i>        <\/div>\n    <\/div>\n    <p class=\"qodef-icon-list-text\" style=\"font-size:15px\" > info{@}epit.lt<\/p>\n<\/div><\/div><\/div><\/div><div class=\"wpb_column vc_column_container vc_col-sm-12 vc_col-lg-6 vc_col-md-12\"><div class=\"vc_column-inner\"><div class=\"wpb_wrapper\"><div class=\"vc_empty_space\"   style=\"height: 40px\"><span class=\"vc_empty_space_inner\"><\/span><\/div>\n<div class=\"wpcf7 no-js\" id=\"wpcf7-f5747-o1\" lang=\"lt-LT\" dir=\"ltr\">\n<div class=\"screen-reader-response\"><p role=\"status\" aria-live=\"polite\" aria-atomic=\"true\"><\/p> <ul><\/ul><\/div>\n<form action=\"\/en\/wp-json\/wp\/v2\/pages\/5834#wpcf7-f5747-o1\" method=\"post\" class=\"wpcf7-form init cf7_custom_style_1\" aria-label=\"Kontakt\u0173 forma\" novalidate=\"novalidate\" data-status=\"init\" data-trp-original-action=\"\/en\/wp-json\/wp\/v2\/pages\/5834#wpcf7-f5747-o1\">\n<div style=\"display: none;\">\n<input type=\"hidden\" name=\"_wpcf7\" value=\"5747\" \/>\n<input type=\"hidden\" name=\"_wpcf7_version\" value=\"5.9.8\" \/>\n<input type=\"hidden\" name=\"_wpcf7_locale\" value=\"lt_LT\" \/>\n<input type=\"hidden\" name=\"_wpcf7_unit_tag\" value=\"wpcf7-f5747-o1\" \/>\n<input type=\"hidden\" name=\"_wpcf7_container_post\" value=\"0\" \/>\n<input type=\"hidden\" name=\"_wpcf7_posted_data_hash\" value=\"\" \/>\n<\/div>\n<p><label> Your name*<br \/>\n<span class=\"wpcf7-form-control-wrap\" data-name=\"your-name\"><input size=\"40\" maxlength=\"400\" class=\"wpcf7-form-control wpcf7-text wpcf7-validates-as-required\" aria-required=\"true\" aria-invalid=\"false\" value=\"\" type=\"text\" name=\"your-name\" \/><\/span> <\/label>\n<\/p>\n<p><label>Your e-mail*<br \/>\n<span class=\"wpcf7-form-control-wrap\" data-name=\"your-email\"><input size=\"40\" maxlength=\"400\" class=\"wpcf7-form-control wpcf7-email wpcf7-validates-as-required wpcf7-text wpcf7-validates-as-email\" aria-required=\"true\" aria-invalid=\"false\" value=\"\" type=\"email\" name=\"your-email\" \/><\/span> <\/label>\n<\/p>\n<p><label> Your note*<br \/>\n<span class=\"wpcf7-form-control-wrap\" data-name=\"your-message\"><textarea cols=\"40\" rows=\"10\" maxlength=\"2000\" class=\"wpcf7-form-control wpcf7-textarea\" aria-invalid=\"false\" name=\"your-message\"><\/textarea><\/span> <\/label>\n<\/p>\n<p><input class=\"wpcf7-form-control wpcf7-submit has-spinner\" type=\"submit\" value=\"Send\" \/>\n<\/p><div class=\"wpcf7-response-output\" aria-hidden=\"true\"><\/div>\n<input type=\"hidden\" name=\"trp-form-language\" value=\"en\"\/><\/form>\n<\/div>\n<\/div><\/div><\/div><\/div><\/div><\/div>\n<\/section>","protected":false},"excerpt":{"rendered":"Susisiekite su mumis UAB \"Ecodomus PIT\" Vaidotas Baltaduonis Karaliaus Mindaugo pr. 38 LT-44307 Kaunas, Lietuva +370 656 97404 info{@}epit.lt J\u016bs\u0173 vardas* J\u016bs\u0173 el. pa\u0161tas* J\u016bs\u0173 \u017einut\u0117*","protected":false},"author":2,"featured_media":0,"parent":0,"menu_order":0,"comment_status":"closed","ping_status":"closed","template":"full-width.php","meta":{"footnotes":""},"_links":{"self":[{"href":"https:\/\/epit.lt\/en\/wp-json\/wp\/v2\/pages\/5834"}],"collection":[{"href":"https:\/\/epit.lt\/en\/wp-json\/wp\/v2\/pages"}],"about":[{"href":"https:\/\/epit.lt\/en\/wp-json\/wp\/v2\/types\/page"}],"author":[{"embeddable":true,"href":"https:\/\/epit.lt\/en\/wp-json\/wp\/v2\/users\/2"}],"replies":[{"embeddable":true,"href":"https:\/\/epit.lt\/en\/wp-json\/wp\/v2\/comments?post=5834"}],"version-history":[{"count":21,"href":"https:\/\/epit.lt\/en\/wp-json\/wp\/v2\/pages\/5834\/revisions"}],"predecessor-version":[{"id":7370,"href":"https:\/\/epit.lt\/en\/wp-json\/wp\/v2\/pages\/5834\/revisions\/7370"}],"wp:attachment":[{"href":"https:\/\/epit.lt\/en\/wp-json\/wp\/v2\/media?parent=5834"}],"curies":[{"name":"wp","href":"https:\/\/api.w.org\/{rel}","templated":true}]}}