{"id":5851,"date":"2016-09-01T11:34:02","date_gmt":"2016-09-01T11:34:02","guid":{"rendered":"https:\/\/epit.lt\/gallery-four-columns-wide\/"},"modified":"2024-01-25T12:54:28","modified_gmt":"2024-01-25T12:54:28","slug":"projektai","status":"publish","type":"page","link":"https:\/\/epit.lt\/en\/projektai\/","title":{"rendered":"Projects"},"content":{"rendered":"<section class=\"wpb-content-wrapper\"><div class=\"vc_row wpb_row vc_row-fluid qodef-section vc_custom_1473875049161 qodef-content-aligment-left\" style=\"\"><div class=\"clearfix qodef-full-section-inner\"><div class=\"wpb_column vc_column_container vc_col-sm-12\"><div class=\"vc_column-inner\"><div class=\"wpb_wrapper\"><div class=\"vc_empty_space\"   style=\"height: 45px\"><span class=\"vc_empty_space_inner\"><\/span><\/div><div class = \"qodef-portfolio-list-holder-outer qodef-ptf-gallery-space qodef-ptf-four-columns\" data-next-page= \"2\" data-type= \"gallery-space\" data-columns= \"four\" data-grid-size= \"three\" data-order-by= \"title\" data-order= \"ASC\" data-number= \"-1\" data-image-size= \"square\" data-filter= \"no\" data-filter-order-by= \"name\" data-show-load-more= \"no\" data-title-tag= \"h5\" data-max-num-pages = \"0\"><div class = \"qodef-portfolio-list-holder clearfix\" >    <article class=\"qodef-portfolio-item mix portfolio_category_288\">\n        <div class=\"qodef-portfolio-item-inner\">\n            <a class=\"qodef-portfolio-link\" href=\"https:\/\/epit.lt\/en\/portfolio-item\/epit15badenbaden-2-2\/\"><\/a>\n            <div class=\"qodef-item-image-holder\">\n\t\t\t\t<img loading=\"lazy\" decoding=\"async\" width=\"550\" height=\"550\" src=\"https:\/\/epit.lt\/wp-content\/uploads\/2024\/12\/Carport-Werdohl-1-e1734529726784-550x550.jpg\" class=\"attachment-kudos_qodef_square size-kudos_qodef_square wp-post-image\" alt=\"\" srcset=\"https:\/\/epit.lt\/wp-content\/uploads\/2024\/12\/Carport-Werdohl-1-e1734529726784-550x550.jpg 550w, https:\/\/epit.lt\/wp-content\/uploads\/2024\/12\/Carport-Werdohl-1-e1734529726784-150x150.jpg 150w, https:\/\/epit.lt\/wp-content\/uploads\/2024\/12\/Carport-Werdohl-1-e1734529726784-485x485.jpg 485w, https:\/\/epit.lt\/wp-content\/uploads\/2024\/12\/Carport-Werdohl-1-e1734529726784-1000x1000.jpg 1000w\" sizes=\"(max-width: 550px) 100vw, 550px\" \/>            <\/div>\n            <div class=\"qodef-item-text-overlay\">\n                <div class=\"qodef-item-text-overlay-inner\">\n                    <div class=\"qodef-item-text-holder\">\n                        <div class=\"qodef-item-text-holder-inner\" style=\"background-color: #51ae3e\">\n                            <h5 class=\"qodef-item-title\">\n\t\t\t\t\t\t\tePIT 12V120-5, Werdohl, Vokietija                        <\/h5>\n\t\t\t\t\t\t<div class=\"qodef-ptf-category-holder\"><span>Projects<\/span><\/div>                    <\/div>\n                <\/div>\n            <\/div>\n        <\/div>\n        <\/div>\n    <\/article>\n    <article class=\"qodef-portfolio-item mix\">\n        <div class=\"qodef-portfolio-item-inner\">\n            <a class=\"qodef-portfolio-link\" href=\"https:\/\/epit.lt\/en\/portfolio-item\/epit15badenbaden\/\"><\/a>\n            <div class=\"qodef-item-image-holder\">\n\t\t\t\t<img loading=\"lazy\" decoding=\"async\" width=\"550\" height=\"550\" src=\"https:\/\/epit.lt\/wp-content\/uploads\/2024\/01\/SOLID-ePIT-12V-120-DE_2-550x550.jpg\" class=\"attachment-kudos_qodef_square size-kudos_qodef_square wp-post-image\" alt=\"\" srcset=\"https:\/\/epit.lt\/wp-content\/uploads\/2024\/01\/SOLID-ePIT-12V-120-DE_2-550x550.jpg 550w, https:\/\/epit.lt\/wp-content\/uploads\/2024\/01\/SOLID-ePIT-12V-120-DE_2-150x150.jpg 150w, https:\/\/epit.lt\/wp-content\/uploads\/2024\/01\/SOLID-ePIT-12V-120-DE_2-485x485.jpg 485w\" sizes=\"(max-width: 550px) 100vw, 550px\" \/>            <\/div>\n            <div class=\"qodef-item-text-overlay\">\n                <div class=\"qodef-item-text-overlay-inner\">\n                    <div class=\"qodef-item-text-holder\">\n                        <div class=\"qodef-item-text-holder-inner\" style=\"background-color: #51ae3e\">\n                            <h5 class=\"qodef-item-title\">\n\t\t\t\t\t\t\tSolid ePIT 12V120-3, showroom in Germany                        <\/h5>\n\t\t\t\t\t\t<div class=\"qodef-ptf-category-holder\"><\/div>                    <\/div>\n                <\/div>\n            <\/div>\n        <\/div>\n        <\/div>\n    <\/article>\n    <article class=\"qodef-portfolio-item mix\">\n        <div class=\"qodef-portfolio-item-inner\">\n            <a class=\"qodef-portfolio-link\" href=\"https:\/\/epit.lt\/en\/portfolio-item\/epit15klaipeda-2\/\"><\/a>\n            <div class=\"qodef-item-image-holder\">\n\t\t\t\t<img loading=\"lazy\" decoding=\"async\" width=\"550\" height=\"550\" src=\"https:\/\/epit.lt\/wp-content\/uploads\/2023\/02\/GB_0003-1-550x550.jpg\" class=\"attachment-kudos_qodef_square size-kudos_qodef_square wp-post-image\" alt=\"\" srcset=\"https:\/\/epit.lt\/wp-content\/uploads\/2023\/02\/GB_0003-1-550x550.jpg 550w, https:\/\/epit.lt\/wp-content\/uploads\/2023\/02\/GB_0003-1-150x150.jpg 150w, https:\/\/epit.lt\/wp-content\/uploads\/2023\/02\/GB_0003-1-485x485.jpg 485w, https:\/\/epit.lt\/wp-content\/uploads\/2023\/02\/GB_0003-1-1000x1000.jpg 1000w\" sizes=\"(max-width: 550px) 100vw, 550px\" \/>            <\/div>\n            <div class=\"qodef-item-text-overlay\">\n                <div class=\"qodef-item-text-overlay-inner\">\n                    <div class=\"qodef-item-text-holder\">\n                        <div class=\"qodef-item-text-holder-inner\" style=\"background-color: #51ae3e\">\n                            <h5 class=\"qodef-item-title\">\n\t\t\t\t\t\t\tSolid ePIT 15V160-3, Klaip\u0117da, Lithuania                        <\/h5>\n\t\t\t\t\t\t<div class=\"qodef-ptf-category-holder\"><\/div>                    <\/div>\n                <\/div>\n            <\/div>\n        <\/div>\n        <\/div>\n    <\/article>\n    <article class=\"qodef-portfolio-item mix\">\n        <div class=\"qodef-portfolio-item-inner\">\n            <a class=\"qodef-portfolio-link\" href=\"https:\/\/epit.lt\/en\/portfolio-item\/epit16vilnius-2\/\"><\/a>\n            <div class=\"qodef-item-image-holder\">\n\t\t\t\t<img loading=\"lazy\" decoding=\"async\" width=\"550\" height=\"550\" src=\"https:\/\/epit.lt\/wp-content\/uploads\/2020\/04\/V_308264_cor_v2_FINAL_su_logo_small-1-550x550.jpg\" class=\"attachment-kudos_qodef_square size-kudos_qodef_square wp-post-image\" alt=\"\" srcset=\"https:\/\/epit.lt\/wp-content\/uploads\/2020\/04\/V_308264_cor_v2_FINAL_su_logo_small-1-550x550.jpg 550w, https:\/\/epit.lt\/wp-content\/uploads\/2020\/04\/V_308264_cor_v2_FINAL_su_logo_small-1-150x150.jpg 150w, https:\/\/epit.lt\/wp-content\/uploads\/2020\/04\/V_308264_cor_v2_FINAL_su_logo_small-1-485x485.jpg 485w, https:\/\/epit.lt\/wp-content\/uploads\/2020\/04\/V_308264_cor_v2_FINAL_su_logo_small-1-1000x1000.jpg 1000w\" sizes=\"(max-width: 550px) 100vw, 550px\" \/>            <\/div>\n            <div class=\"qodef-item-text-overlay\">\n                <div class=\"qodef-item-text-overlay-inner\">\n                    <div class=\"qodef-item-text-holder\">\n                        <div class=\"qodef-item-text-holder-inner\" style=\"background-color: #51ae3e\">\n                            <h5 class=\"qodef-item-title\">\n\t\t\t\t\t\t\tSolid ePIT 16V160-3, Vilnius, Lithuania                        <\/h5>\n\t\t\t\t\t\t<div class=\"qodef-ptf-category-holder\"><\/div>                    <\/div>\n                <\/div>\n            <\/div>\n        <\/div>\n        <\/div>\n    <\/article>\n    <article class=\"qodef-portfolio-item mix portfolio_category_288\">\n        <div class=\"qodef-portfolio-item-inner\">\n            <a class=\"qodef-portfolio-link\" href=\"https:\/\/epit.lt\/en\/portfolio-item\/epit15badenbaden-2\/\"><\/a>\n            <div class=\"qodef-item-image-holder\">\n\t\t\t\t<img loading=\"lazy\" decoding=\"async\" width=\"550\" height=\"550\" src=\"https:\/\/epit.lt\/wp-content\/uploads\/2023\/02\/ePIT-BadenBaden-2-550x550.jpg\" class=\"attachment-kudos_qodef_square size-kudos_qodef_square wp-post-image\" alt=\"\" srcset=\"https:\/\/epit.lt\/wp-content\/uploads\/2023\/02\/ePIT-BadenBaden-2-550x550.jpg 550w, https:\/\/epit.lt\/wp-content\/uploads\/2023\/02\/ePIT-BadenBaden-2-150x150.jpg 150w, https:\/\/epit.lt\/wp-content\/uploads\/2023\/02\/ePIT-BadenBaden-2-485x485.jpg 485w\" sizes=\"(max-width: 550px) 100vw, 550px\" \/>            <\/div>\n            <div class=\"qodef-item-text-overlay\">\n                <div class=\"qodef-item-text-overlay-inner\">\n                    <div class=\"qodef-item-text-holder\">\n                        <div class=\"qodef-item-text-holder-inner\" style=\"background-color: #51ae3e\">\n                            <h5 class=\"qodef-item-title\">\n\t\t\t\t\t\t\tSolid ePIT 18V160-3, Baden-Baden, Germany                        <\/h5>\n\t\t\t\t\t\t<div class=\"qodef-ptf-category-holder\"><span>Projects<\/span><\/div>                    <\/div>\n                <\/div>\n            <\/div>\n        <\/div>\n        <\/div>\n    <\/article>\n    <article class=\"qodef-portfolio-item mix portfolio_category_288\">\n        <div class=\"qodef-portfolio-item-inner\">\n            <a class=\"qodef-portfolio-link\" href=\"https:\/\/epit.lt\/en\/portfolio-item\/epitshedzatorskiovilos-2-2\/\"><\/a>\n            <div class=\"qodef-item-image-holder\">\n\t\t\t\t<img loading=\"lazy\" decoding=\"async\" width=\"550\" height=\"550\" src=\"https:\/\/epit.lt\/wp-content\/uploads\/2024\/06\/ePIT-ALU-10TH2-11.5_72-550x550.jpg\" class=\"attachment-kudos_qodef_square size-kudos_qodef_square wp-post-image\" alt=\"\" srcset=\"https:\/\/epit.lt\/wp-content\/uploads\/2024\/06\/ePIT-ALU-10TH2-11.5_72-550x550.jpg 550w, https:\/\/epit.lt\/wp-content\/uploads\/2024\/06\/ePIT-ALU-10TH2-11.5_72-150x150.jpg 150w, https:\/\/epit.lt\/wp-content\/uploads\/2024\/06\/ePIT-ALU-10TH2-11.5_72-11x12.jpg 11w, https:\/\/epit.lt\/wp-content\/uploads\/2024\/06\/ePIT-ALU-10TH2-11.5_72-485x485.jpg 485w, https:\/\/epit.lt\/wp-content\/uploads\/2024\/06\/ePIT-ALU-10TH2-11.5_72-1000x1000.jpg 1000w\" sizes=\"(max-width: 550px) 100vw, 550px\" \/>            <\/div>\n            <div class=\"qodef-item-text-overlay\">\n                <div class=\"qodef-item-text-overlay-inner\">\n                    <div class=\"qodef-item-text-holder\">\n                        <div class=\"qodef-item-text-holder-inner\" style=\"background-color: #51ae3e\">\n                            <h5 class=\"qodef-item-title\">\n\t\t\t\t\t\t\tSolid ePIT ALU-10TH2, ,,Zatorskio vilos\u201d, Kaunas, Lithuania                        <\/h5>\n\t\t\t\t\t\t<div class=\"qodef-ptf-category-holder\"><span>Projects<\/span><\/div>                    <\/div>\n                <\/div>\n            <\/div>\n        <\/div>\n        <\/div>\n    <\/article>\n    <article class=\"qodef-portfolio-item mix portfolio_category_288\">\n        <div class=\"qodef-portfolio-item-inner\">\n            <a class=\"qodef-portfolio-link\" href=\"https:\/\/epit.lt\/en\/portfolio-item\/eshedvilnius-2-2\/\"><\/a>\n            <div class=\"qodef-item-image-holder\">\n\t\t\t\t<img loading=\"lazy\" decoding=\"async\" width=\"550\" height=\"550\" src=\"https:\/\/epit.lt\/wp-content\/uploads\/2024\/01\/IMG_8288-550x550.jpg\" class=\"attachment-kudos_qodef_square size-kudos_qodef_square wp-post-image\" alt=\"\" srcset=\"https:\/\/epit.lt\/wp-content\/uploads\/2024\/01\/IMG_8288-550x550.jpg 550w, https:\/\/epit.lt\/wp-content\/uploads\/2024\/01\/IMG_8288-150x150.jpg 150w, https:\/\/epit.lt\/wp-content\/uploads\/2024\/01\/IMG_8288-485x485.jpg 485w, https:\/\/epit.lt\/wp-content\/uploads\/2024\/01\/IMG_8288-1000x1000.jpg 1000w\" sizes=\"(max-width: 550px) 100vw, 550px\" \/>            <\/div>\n            <div class=\"qodef-item-text-overlay\">\n                <div class=\"qodef-item-text-overlay-inner\">\n                    <div class=\"qodef-item-text-holder\">\n                        <div class=\"qodef-item-text-holder-inner\" style=\"background-color: #51ae3e\">\n                            <h5 class=\"qodef-item-title\">\n\t\t\t\t\t\t\tSolid ePIT GL-10TH2-160-3, Kaunas, Lithuania                        <\/h5>\n\t\t\t\t\t\t<div class=\"qodef-ptf-category-holder\"><span>Projects<\/span><\/div>                    <\/div>\n                <\/div>\n            <\/div>\n        <\/div>\n        <\/div>\n    <\/article>\n    <article class=\"qodef-portfolio-item mix\">\n        <div class=\"qodef-portfolio-item-inner\">\n            <a class=\"qodef-portfolio-link\" href=\"https:\/\/epit.lt\/en\/portfolio-item\/eshedvilnius-2\/\"><\/a>\n            <div class=\"qodef-item-image-holder\">\n\t\t\t\t<img loading=\"lazy\" decoding=\"async\" width=\"550\" height=\"550\" src=\"https:\/\/epit.lt\/wp-content\/uploads\/2023\/02\/GB_0023-550x550.jpg\" class=\"attachment-kudos_qodef_square size-kudos_qodef_square wp-post-image\" alt=\"\" srcset=\"https:\/\/epit.lt\/wp-content\/uploads\/2023\/02\/GB_0023-550x550.jpg 550w, https:\/\/epit.lt\/wp-content\/uploads\/2023\/02\/GB_0023-150x150.jpg 150w, https:\/\/epit.lt\/wp-content\/uploads\/2023\/02\/GB_0023-485x485.jpg 485w, https:\/\/epit.lt\/wp-content\/uploads\/2023\/02\/GB_0023-1000x1000.jpg 1000w\" sizes=\"(max-width: 550px) 100vw, 550px\" \/>            <\/div>\n            <div class=\"qodef-item-text-overlay\">\n                <div class=\"qodef-item-text-overlay-inner\">\n                    <div class=\"qodef-item-text-holder\">\n                        <div class=\"qodef-item-text-holder-inner\" style=\"background-color: #51ae3e\">\n                            <h5 class=\"qodef-item-title\">\n\t\t\t\t\t\t\tSolid ePIT GL-14TH2-160-7, Vilnius, Lietuva                        <\/h5>\n\t\t\t\t\t\t<div class=\"qodef-ptf-category-holder\"><\/div>                    <\/div>\n                <\/div>\n            <\/div>\n        <\/div>\n        <\/div>\n    <\/article>\n    <article class=\"qodef-portfolio-item mix portfolio_category_288\">\n        <div class=\"qodef-portfolio-item-inner\">\n            <a class=\"qodef-portfolio-link\" href=\"https:\/\/epit.lt\/en\/portfolio-item\/epitshedsvencionys-2-2\/\"><\/a>\n            <div class=\"qodef-item-image-holder\">\n\t\t\t\t<img loading=\"lazy\" decoding=\"async\" width=\"550\" height=\"550\" src=\"https:\/\/epit.lt\/wp-content\/uploads\/2024\/01\/ePIT-GL-28TH2-5_2-550x550.jpg\" class=\"attachment-kudos_qodef_square size-kudos_qodef_square wp-post-image\" alt=\"\" srcset=\"https:\/\/epit.lt\/wp-content\/uploads\/2024\/01\/ePIT-GL-28TH2-5_2-550x550.jpg 550w, https:\/\/epit.lt\/wp-content\/uploads\/2024\/01\/ePIT-GL-28TH2-5_2-150x150.jpg 150w, https:\/\/epit.lt\/wp-content\/uploads\/2024\/01\/ePIT-GL-28TH2-5_2-485x485.jpg 485w, https:\/\/epit.lt\/wp-content\/uploads\/2024\/01\/ePIT-GL-28TH2-5_2-1000x1000.jpg 1000w\" sizes=\"(max-width: 550px) 100vw, 550px\" \/>            <\/div>\n            <div class=\"qodef-item-text-overlay\">\n                <div class=\"qodef-item-text-overlay-inner\">\n                    <div class=\"qodef-item-text-holder\">\n                        <div class=\"qodef-item-text-holder-inner\" style=\"background-color: #51ae3e\">\n                            <h5 class=\"qodef-item-title\">\n\t\t\t\t\t\t\tSolid ePIT GL-28TH2-160-5, Naujieji \u0160aminiai, Lithuania                        <\/h5>\n\t\t\t\t\t\t<div class=\"qodef-ptf-category-holder\"><span>Projects<\/span><\/div>                    <\/div>\n                <\/div>\n            <\/div>\n        <\/div>\n        <\/div>\n    <\/article>\n<div class='qodef-filler'><\/div>\n<div class='qodef-filler'><\/div>\n<div class='qodef-filler'><\/div>\n<div class='qodef-filler'><\/div>\n<\/div><\/div><div class=\"vc_empty_space\"   style=\"height: 45px\"><span class=\"vc_empty_space_inner\"><\/span><\/div><\/div><\/div><\/div><\/div><\/div><div class=\"vc_row wpb_row vc_row-fluid qodef-section vc_custom_1677163506919 qodef-content-aligment-left\" style=\"min-height:60px;height:auto;\"><div class=\"clearfix qodef-full-section-inner\"><div class=\"wpb_column vc_column_container vc_col-sm-12\"><div class=\"vc_column-inner\"><div class=\"wpb_wrapper\"><div class=\"vc_empty_space  vc_custom_1677163669445\"   style=\"height: 32px\"><span class=\"vc_empty_space_inner\"><\/span><\/div>\t<div class=\"qodef-call-to-action normal\">\n\n\t\t\t\t<div class=\"qodef-container-inner\">\n\t\t\t\t\t<div class=\"qodef-call-to-action-row-75-25 clearfix\" >\n\t\t\t\t\t\t<div class=\"qodef-text-wrapper qodef-call-to-action-column1 qodef-call-to-action-cell\">\n\t\t\t\t\t\t\t\t\t<div class=\"qodef-call-to-action-text\" style=\"font-size: 26px\">\n<h4><span style=\"color: #ffffff;\">Interested in these projects?<\/span><\/h4>\n<\/div>\n\t\t\t\t<\/div>\n\n\t\t\t\t\t\t\t\t\t<div class=\"qodef-button-wrapper qodef-call-to-action-column2 qodef-call-to-action-cell\" style =\"text-align: right ;\">\n\t\t\t\t\t\t<a itemprop=\"url\" href=\"https:\/\/epit.lt\/en\/kontaktai\/\" target=\"_self\" style=\"color: #ffffff;background-color: #51ae3e;border-color: #ffffff\" class=\"qodef-btn qodef-btn-medium qodef-btn-outline qodef-btn-custom-hover-bg qodef-btn-custom-border-hover qodef-btn-custom-hover-color\" data-hover-bg-color=\"#ffffff\" data-hover-color=\"#51ae3e\" data-hover-border-color=\"#ffffff\"  >    <span class=\"qodef-btn-text\">Contact Us<\/span>    <\/a>\t\t\t\t\t<\/div>\n\t\t\t\t\t\t\t<\/div>\n\t\t\t\t<\/div>\n\t\t\t<\/div>\n<div class=\"vc_empty_space  vc_custom_1677163669445\"   style=\"height: 32px\"><span class=\"vc_empty_space_inner\"><\/span><\/div><\/div><\/div><\/div><\/div><\/div>\n<\/section>","protected":false},"excerpt":{"rendered":"Stogin\u0117s projektas \u0160ven\u010dioni\u0173 r.\u00a0 Stogin\u0117s, su integruotomis saul\u0117s panel\u0117mis vietoje stogo dangos, projekte integruota 10,36 kW saul\u0117s elektrin\u0117 su baterija. Stogin\u0117s modelis - Solid ePIT GL-28TH2-160-5. Projekto technin\u0119 specifikacij\u0105 galite rasti paspaud\u0119 \u0161i\u0105 nuorod\u0105: Daugiau apie projekt\u0105","protected":false},"author":2,"featured_media":0,"parent":0,"menu_order":0,"comment_status":"closed","ping_status":"closed","template":"full-width.php","meta":{"footnotes":""},"_links":{"self":[{"href":"https:\/\/epit.lt\/en\/wp-json\/wp\/v2\/pages\/5851"}],"collection":[{"href":"https:\/\/epit.lt\/en\/wp-json\/wp\/v2\/pages"}],"about":[{"href":"https:\/\/epit.lt\/en\/wp-json\/wp\/v2\/types\/page"}],"author":[{"embeddable":true,"href":"https:\/\/epit.lt\/en\/wp-json\/wp\/v2\/users\/2"}],"replies":[{"embeddable":true,"href":"https:\/\/epit.lt\/en\/wp-json\/wp\/v2\/comments?post=5851"}],"version-history":[{"count":33,"href":"https:\/\/epit.lt\/en\/wp-json\/wp\/v2\/pages\/5851\/revisions"}],"predecessor-version":[{"id":8652,"href":"https:\/\/epit.lt\/en\/wp-json\/wp\/v2\/pages\/5851\/revisions\/8652"}],"wp:attachment":[{"href":"https:\/\/epit.lt\/en\/wp-json\/wp\/v2\/media?parent=5851"}],"curies":[{"name":"wp","href":"https:\/\/api.w.org\/{rel}","templated":true}]}}