{"id":5882,"date":"2016-08-12T08:51:41","date_gmt":"2016-08-12T08:51:41","guid":{"rendered":"https:\/\/epit.lt\/about-us\/"},"modified":"2023-03-20T09:18:28","modified_gmt":"2023-03-20T09:18:28","slug":"apie-mus","status":"publish","type":"page","link":"https:\/\/epit.lt\/en\/apie-mus\/","title":{"rendered":"About Us"},"content":{"rendered":"<section class=\"wpb-content-wrapper\"><div class=\"vc_row wpb_row vc_row-fluid qodef-section vc_custom_1483640905823 qodef-content-aligment-left qodef-grid-section\" style=\"\"><div class=\"clearfix qodef-section-inner\"><div class=\"qodef-section-inner-margin clearfix\"><div class=\"wpb_column vc_column_container vc_col-sm-12 vc_col-lg-6 vc_col-md-12\"><div class=\"vc_column-inner\"><div class=\"wpb_wrapper\">\n\t<div class=\"wpb_text_column wpb_content_element\" >\n\t\t<div class=\"wpb_wrapper\">\n\t\t\t<h2>Who are we?<\/h2>\n\n\t\t<\/div>\n\t<\/div>\n<div class=\"vc_empty_space\"   style=\"height: 15px\"><span class=\"vc_empty_space_inner\"><\/span><\/div>\n\t<div class=\"wpb_text_column wpb_content_element\" >\n\t\t<div class=\"wpb_wrapper\">\n\t\t\t<p>Ecodomus PIT - a subsidiary of UAB \"Ecodomus\" along with its' partner Solitek have created a new product -  an ePIT carport that has integrated solar panels.<\/p>\n<p>Both Ecodomus and Solitek are deeply interested in creating as much a sustainable environment as possible and this new product emphasizes the values  that are cherished by both of the companies.<\/p>\n<p>ePIT - started out as a project of UAB Ecodomus and in a few years grew into a separate company that is constantly increasing its' manufacturing possibilities, is always looking for new partners abroad and consistently widens the range of its' services.<\/p>\n\n\t\t<\/div>\n\t<\/div>\n<div class=\"vc_empty_space\"   style=\"height: 40px\"><span class=\"vc_empty_space_inner\"><\/span><\/div><div class=\"vc_empty_space\"   style=\"height: 30px\"><span class=\"vc_empty_space_inner\"><\/span><\/div><\/div><\/div><\/div><div class=\"wpb_column vc_column_container vc_col-sm-12 vc_col-lg-6 vc_col-md-12\"><div class=\"vc_column-inner vc_custom_1471004079390\"><div class=\"wpb_wrapper\"><div class=\"vc_empty_space\"   style=\"height: 70px\"><span class=\"vc_empty_space_inner\"><\/span><\/div><div class=\"qodef-elements-holder qodef-responsive-mode-768\" ><div class=\"qodef-elements-holder-item\"   data-item-class=\"qodef-elements-holder-custom-158639\" data-768-1024=\"5px 0px 0px 0px\" data-600-768=\"5px 0px 0px 0px\" data-480-600=\"5px 0px 0px 0px\" data-480=\"5px 0px 0px 0px\">\n\t<div class=\"qodef-elements-holder-item-inner\">\n\t\t<div class=\"qodef-elements-holder-item-content qodef-elements-holder-custom-158639\" style=\"padding: 5px 0px 0px 95px\">\n\t\t\t<div class=\"qodef-iwt clearfix qodef-iwt-left-from-title qodef-iwt-icon-tiny\">\n    <div class=\"qodef-iwt-content-holder\">\n        <div class=\"qodef-iwt-icon-title-holder\">\n            <div class=\"qodef-iwt-icon-holder\">\n\t\t\t\t\t\t\t\t\t\n    <span class=\"qodef-icon-shortcode normal\"  >\n        \n        <span aria-hidden=\"true\" class=\"qodef-icon-font-elegant icon_compass qodef-icon-element\" style=\"font-size:25px\" ><\/span>\n            <\/span>\n\n\t\t\t\t            <\/div>\n            <div class=\"qodef-iwt-title-holder\">\n                <h5 >\n\t\t\t\tOur vision            <\/h5>\n        <\/div>\n    <\/div>\n\t    <div class=\"qodef-iwt-text-holder\">\n        <p >To become one the leading manufacturers of ecological and sustainable products for home welfare and environment in the Western Europe.<\/p>\n\n\t\t    <\/div>\n<\/div>\n<\/div><div class=\"vc_empty_space\"   style=\"height: 50px\"><span class=\"vc_empty_space_inner\"><\/span><\/div><div class=\"qodef-iwt clearfix qodef-iwt-left-from-title qodef-iwt-icon-tiny\">\n    <div class=\"qodef-iwt-content-holder\">\n        <div class=\"qodef-iwt-icon-title-holder\">\n            <div class=\"qodef-iwt-icon-holder\">\n\t\t\t\t\t\t\t\t\t\n    <span class=\"qodef-icon-shortcode normal\"  >\n        \n        <span aria-hidden=\"true\" class=\"qodef-icon-font-elegant icon_book qodef-icon-element\" style=\"font-size:25px\" ><\/span>\n            <\/span>\n\n\t\t\t\t            <\/div>\n            <div class=\"qodef-iwt-title-holder\">\n                <h5 >\n\t\t\t\tOur mission            <\/h5>\n        <\/div>\n    <\/div>\n\t    <div class=\"qodef-iwt-text-holder\">\n        <p >To design, develop and produce ecological and sustainable solutions for the improvement of home welfare and environment.<\/p>\n\n\t\t    <\/div>\n<\/div>\n<\/div><div class=\"vc_empty_space\"   style=\"height: 50px\"><span class=\"vc_empty_space_inner\"><\/span><\/div>\t\t<\/div>\n\t<\/div>\n<\/div><\/div><\/div><\/div><\/div><\/div><\/div><\/div><div data-qodef-parallax-speed=\"1\" class=\"vc_row wpb_row vc_row-fluid qodef-section vc_custom_1677507180664 qodef-content-aligment-center qodef-parallax-section-holder qodef-parallax-section-holder-touch-disabled qodef-grid-section\" style=\"background-image:url(https:\/\/epit.lt\/wp-content\/uploads\/2023\/02\/V_308310-1-scaled-1.jpg);\"><div class=\"clearfix qodef-section-inner\"><div class=\"qodef-section-inner-margin clearfix\"><div class=\"wpb_column vc_column_container vc_col-sm-12 vc_col-lg-3 vc_col-md-6\"><div class=\"vc_column-inner vc_custom_1483549381825\"><div class=\"wpb_wrapper\"><div class=\"qodef-counter-holder center\" >\n\n    <div class=\"qodef-counter-with-icon\">\n\t\t<i class=\"qodef-icon-font-awesome fa\"><\/i>    <\/div>\n\n    <span class=\"qodef-counter zero\" >\n\t\t200\t<\/span>\n    <div class=\"qodef-counter-separator-holder\">\n        <span class=\"qodef-counter-separator\"><\/span>\n    <\/div>\n    <h5 class=\"qodef-counter-title\" style=\"color: #ffffff\">\n\tkw power<\/h5>\n    <p class=\"qodef-counter-text\" style=\"color: #51ae3e\">is generated by ePIT produced carports<\/p>\n\n<\/div><\/div><\/div><\/div><div class=\"wpb_column vc_column_container vc_col-sm-12 vc_col-lg-3 vc_col-md-6\"><div class=\"vc_column-inner vc_custom_1483549397849\"><div class=\"wpb_wrapper\"><div class=\"qodef-counter-holder center\" >\n\n    <div class=\"qodef-counter-with-icon\">\n\t\t<i class=\"qodef-icon-font-awesome fa\"><\/i>    <\/div>\n\n    <span class=\"qodef-counter zero\" >\n\t\t350\t<\/span>\n    <div class=\"qodef-counter-separator-holder\">\n        <span class=\"qodef-counter-separator\"><\/span>\n    <\/div>\n    <h5 class=\"qodef-counter-title\" style=\"color: #ffffff\">\n\tSolar panels<\/h5>\n    <p class=\"qodef-counter-text\" style=\"color: #51ae3e\">were assembled while installing carports<\/p>\n\n<\/div><\/div><\/div><\/div><div class=\"wpb_column vc_column_container vc_col-sm-12 vc_col-lg-3 vc_col-md-6\"><div class=\"vc_column-inner vc_custom_1483549412198\"><div class=\"wpb_wrapper\"><div class=\"qodef-counter-holder center\" >\n\n    <div class=\"qodef-counter-with-icon\">\n\t\t<i class=\"qodef-icon-font-awesome fa\"><\/i>    <\/div>\n\n    <span class=\"qodef-counter zero\" >\n\t\t5\t<\/span>\n    <div class=\"qodef-counter-separator-holder\">\n        <span class=\"qodef-counter-separator\"><\/span>\n    <\/div>\n    <h5 class=\"qodef-counter-title\" style=\"color: #ffffff\">\n\tcountries<\/h5>\n    <p class=\"qodef-counter-text\" style=\"color: #51ae3e\">clients are already enjoying our products<\/p>\n\n<\/div><\/div><\/div><\/div><div class=\"wpb_column vc_column_container vc_col-sm-12 vc_col-lg-3 vc_col-md-6\"><div class=\"vc_column-inner vc_custom_1483549419886\"><div class=\"wpb_wrapper\"><div class=\"qodef-counter-holder center\" >\n\n    <div class=\"qodef-counter-with-icon\">\n\t\t<i class=\"qodef-icon-font-awesome fa\"><\/i>    <\/div>\n\n    <span class=\"qodef-counter zero\" >\n\t\t40\t<\/span>\n    <div class=\"qodef-counter-separator-holder\">\n        <span class=\"qodef-counter-separator\"><\/span>\n    <\/div>\n    <h5 class=\"qodef-counter-title\" style=\"color: #ffffff\">\n\telectric automobiles<\/h5>\n    <p class=\"qodef-counter-text\" style=\"color: #51ae3e\">can be charged simultaneously by ePIT produced carports<\/p>\n\n<\/div><\/div><\/div><\/div><\/div><\/div><\/div><div class=\"vc_row wpb_row vc_row-fluid qodef-section vc_custom_1483641183675 qodef-content-aligment-center qodef-grid-section\" style=\"\"><div class=\"clearfix qodef-section-inner\"><div class=\"qodef-section-inner-margin clearfix\"><div class=\"wpb_column vc_column_container vc_col-sm-12\"><div class=\"vc_column-inner\"><div class=\"wpb_wrapper\">\n\t<div class=\"wpb_text_column wpb_content_element\" >\n\t\t<div class=\"wpb_wrapper\">\n\t\t\t<h2>Why choose ePIT?<\/h2>\n\n\t\t<\/div>\n\t<\/div>\n<div class=\"vc_empty_space\"   style=\"height: 17px\"><span class=\"vc_empty_space_inner\"><\/span><\/div><div data-qodef-parallax-speed=\"1\" class=\"vc_row wpb_row vc_inner vc_row-fluid qodef-section qodef-content-aligment-center\" style=\"\"><div class=\"qodef-full-section-inner\"><div class=\"wpb_column vc_column_container vc_col-sm-12 vc_col-lg-offset-2 vc_col-lg-8 vc_col-md-offset-2 vc_col-md-8\"><div class=\"vc_column-inner\"><div class=\"wpb_wrapper\">\n\t<div class=\"wpb_text_column wpb_content_element\" >\n\t\t<div class=\"wpb_wrapper\">\n\t\t\t<h4>We always strive to improve, grow and share our experiences with others!<\/h4>\n\n\t\t<\/div>\n\t<\/div>\n<\/div><\/div><\/div><\/div><\/div><div class=\"vc_empty_space\"   style=\"height: 110px\"><span class=\"vc_empty_space_inner\"><\/span><\/div><div data-qodef-parallax-speed=\"1\" class=\"vc_row wpb_row vc_inner vc_row-fluid qodef-section qodef-content-aligment-left\" style=\"\"><div class=\"qodef-full-section-inner\"><div class=\"wpb_column vc_column_container vc_col-sm-3\"><div class=\"vc_column-inner\"><div class=\"wpb_wrapper\"><div class=\"qodef-numbered-process-holder clearfix qodef-numbered-process-small-number qodef-numbered-process-text-left\">\n\n    <div class=\"qodef-numbered-process-number\" >\n\t\t01    <\/div>\n    <div class=\"qodef-numbered-process-subtitle-holder\" >\n\t\t10 years    <\/div>\n    <div class=\"qodef-numbered-process-title-holder\">\n        <h3>\n\t\tEXPERIENCE IN PRODUCTION    <\/h3>\n<\/div>\n<div class=\"qodef-numbered-process-text-holder\">\n    <p >With more than a decade of experience, not only do we have our own qualified specialists but also our own specialized equipment which truly makes us the masters of our craft.<\/p>\n<\/div>\n    <div class=\"qodef-numbered-process-separator-holder\">\n        <span class=\"qodef-numbered-process-separator\"><\/span>\n    <\/div>\n<div class=\"qodef-numbered-process-link-holder\">\n\t<\/div>\n\n<\/div><div class=\"vc_empty_space\"   style=\"height: 30px\"><span class=\"vc_empty_space_inner\"><\/span><\/div><\/div><\/div><\/div><div class=\"wpb_column vc_column_container vc_col-sm-3\"><div class=\"vc_column-inner\"><div class=\"wpb_wrapper\"><div class=\"qodef-numbered-process-holder clearfix qodef-numbered-process-small-number qodef-numbered-process-text-left\">\n\n    <div class=\"qodef-numbered-process-number\" >\n\t\t02    <\/div>\n    <div class=\"qodef-numbered-process-subtitle-holder\" >\n\t\tHighest    <\/div>\n    <div class=\"qodef-numbered-process-title-holder\">\n        <h3>\n\t\tQUALITY    <\/h3>\n<\/div>\n<div class=\"qodef-numbered-process-text-holder\">\n    <p >When manufacturing segment products we give the most attention to their quality - thoroughly selecting the materials and their providers, performing manufacturing quality control inside the company,  carrying out qualification updating courses.<\/p>\n<\/div>\n    <div class=\"qodef-numbered-process-separator-holder\">\n        <span class=\"qodef-numbered-process-separator\"><\/span>\n    <\/div>\n<div class=\"qodef-numbered-process-link-holder\">\n\t<\/div>\n\n<\/div><div class=\"vc_empty_space\"   style=\"height: 30px\"><span class=\"vc_empty_space_inner\"><\/span><\/div><\/div><\/div><\/div><div class=\"wpb_column vc_column_container vc_col-sm-3\"><div class=\"vc_column-inner\"><div class=\"wpb_wrapper\"><div class=\"qodef-numbered-process-holder clearfix qodef-numbered-process-small-number qodef-numbered-process-text-left\">\n\n    <div class=\"qodef-numbered-process-number\" >\n\t\t03    <\/div>\n    <div class=\"qodef-numbered-process-subtitle-holder\" >\n\t\tLatest    <\/div>\n    <div class=\"qodef-numbered-process-title-holder\">\n        <h3>\n\t\tTECHNOLOGIES    <\/h3>\n<\/div>\n<div class=\"qodef-numbered-process-text-holder\">\n    <p >By looking for the best solutions offered by the market, we always seek to improve our designs so that our clients could enjoy not only sustainable and ecological but also technologically advanced products.<\/p>\n<\/div>\n    <div class=\"qodef-numbered-process-separator-holder\">\n        <span class=\"qodef-numbered-process-separator\"><\/span>\n    <\/div>\n<div class=\"qodef-numbered-process-link-holder\">\n\t<\/div>\n\n<\/div><div class=\"vc_empty_space\"   style=\"height: 30px\"><span class=\"vc_empty_space_inner\"><\/span><\/div><\/div><\/div><\/div><div class=\"wpb_column vc_column_container vc_col-sm-3\"><div class=\"vc_column-inner\"><div class=\"wpb_wrapper\"><div class=\"qodef-numbered-process-holder clearfix qodef-numbered-process-small-number qodef-numbered-process-text-left\">\n\n    <div class=\"qodef-numbered-process-number\" >\n\t\t04    <\/div>\n    <div class=\"qodef-numbered-process-subtitle-holder\" >\n\t\tIn every way passible    <\/div>\n    <div class=\"qodef-numbered-process-title-holder\">\n        <h3>\n\t\tAssistance    <\/h3>\n<\/div>\n<div class=\"qodef-numbered-process-text-holder\">\n    <p >One of our goals is that our client could enjoy our product with ease and because of that we always share our experiences, help install solar panels and recommend tools to track their efficiency throughout their lifetime.<\/p>\n<\/div>\n    <div class=\"qodef-numbered-process-separator-holder\">\n        <span class=\"qodef-numbered-process-separator\"><\/span>\n    <\/div>\n<div class=\"qodef-numbered-process-link-holder\">\n\t<\/div>\n\n<\/div><div class=\"vc_empty_space\"   style=\"height: 30px\"><span class=\"vc_empty_space_inner\"><\/span><\/div><\/div><\/div><\/div><\/div><\/div><\/div><\/div><\/div><\/div><\/div><\/div><div class=\"vc_row wpb_row vc_row-fluid qodef-section vc_custom_1677163506919 qodef-content-aligment-left\" style=\"min-height:60px;height:auto;\"><div class=\"clearfix qodef-full-section-inner\"><div class=\"wpb_column vc_column_container vc_col-sm-12\"><div class=\"vc_column-inner\"><div class=\"wpb_wrapper\"><div class=\"vc_empty_space  vc_custom_1677163669445\"   style=\"height: 32px\"><span class=\"vc_empty_space_inner\"><\/span><\/div>\t<div class=\"qodef-call-to-action normal\">\n\n\t\t\t\t<div class=\"qodef-container-inner\">\n\t\t\t\t\t<div class=\"qodef-call-to-action-row-75-25 clearfix\" >\n\t\t\t\t\t\t<div class=\"qodef-text-wrapper qodef-call-to-action-column1 qodef-call-to-action-cell\">\n\t\t\t\t\t\t\t\t\t<div class=\"qodef-call-to-action-text\" style=\"font-size: 26px\">\n<h4><span style=\"color: #ffffff;\">Have any questions? Want to become our partner?<\/span><\/h4>\n<\/div>\n\t\t\t\t<\/div>\n\n\t\t\t\t\t\t\t\t\t<div class=\"qodef-button-wrapper qodef-call-to-action-column2 qodef-call-to-action-cell\" style =\"text-align: right ;\">\n\t\t\t\t\t\t<a itemprop=\"url\" href=\"https:\/\/epit.lt\/en\/kontaktai\/\" target=\"_self\" style=\"color: #ffffff;background-color: #51ae3e;border-color: #ffffff\" class=\"qodef-btn qodef-btn-medium qodef-btn-outline qodef-btn-custom-hover-bg qodef-btn-custom-border-hover qodef-btn-custom-hover-color\" data-hover-bg-color=\"#ffffff\" data-hover-color=\"#51ae3e\" data-hover-border-color=\"#ffffff\"  >    <span class=\"qodef-btn-text\">Contact Us<\/span>    <\/a>\t\t\t\t\t<\/div>\n\t\t\t\t\t\t\t<\/div>\n\t\t\t\t<\/div>\n\t\t\t<\/div>\n<div class=\"vc_empty_space  vc_custom_1677163669445\"   style=\"height: 32px\"><span class=\"vc_empty_space_inner\"><\/span><\/div><\/div><\/div><\/div><\/div><\/div>\n<\/section>","protected":false},"excerpt":{"rendered":"Kas mes esame? Ecodomus PIT - dukterin\u0117 \u012fmon\u0117s UAB \"Ecodomus\" kompanija, kuri kartu su puikiai Europoje \u017einomu saul\u0117s moduli\u0173 gamintoju Solitek suk\u016br\u0117 nauj\u0105 produkt\u0105 - ePIT automobili\u0173 stogines su integruota saul\u0117s elektrine. Tiek Ecodomus, tiek Solitek yra suinteresuotos tvarios gyvenamosios aplinkos k\u016brimu, tad \u0161is naujas...","protected":false},"author":2,"featured_media":0,"parent":0,"menu_order":0,"comment_status":"closed","ping_status":"closed","template":"full-width.php","meta":{"footnotes":""},"_links":{"self":[{"href":"https:\/\/epit.lt\/en\/wp-json\/wp\/v2\/pages\/5882"}],"collection":[{"href":"https:\/\/epit.lt\/en\/wp-json\/wp\/v2\/pages"}],"about":[{"href":"https:\/\/epit.lt\/en\/wp-json\/wp\/v2\/types\/page"}],"author":[{"embeddable":true,"href":"https:\/\/epit.lt\/en\/wp-json\/wp\/v2\/users\/2"}],"replies":[{"embeddable":true,"href":"https:\/\/epit.lt\/en\/wp-json\/wp\/v2\/comments?post=5882"}],"version-history":[{"count":61,"href":"https:\/\/epit.lt\/en\/wp-json\/wp\/v2\/pages\/5882\/revisions"}],"predecessor-version":[{"id":7536,"href":"https:\/\/epit.lt\/en\/wp-json\/wp\/v2\/pages\/5882\/revisions\/7536"}],"wp:attachment":[{"href":"https:\/\/epit.lt\/en\/wp-json\/wp\/v2\/media?parent=5882"}],"curies":[{"name":"wp","href":"https:\/\/api.w.org\/{rel}","templated":true}]}}