{"id":7193,"date":"2023-02-20T08:36:58","date_gmt":"2023-02-20T08:36:58","guid":{"rendered":"https:\/\/epit.lt\/?page_id=7193"},"modified":"2023-12-04T12:40:37","modified_gmt":"2023-12-04T12:40:37","slug":"terasustogines","status":"publish","type":"page","link":"https:\/\/epit.lt\/en\/gaminiai\/terasustogines\/","title":{"rendered":"Terrace sheds"},"content":{"rendered":"<section class=\"wpb-content-wrapper\"><div class=\"vc_row wpb_row vc_row-fluid qodef-section vc_custom_1484328690301 qodef-content-aligment-center qodef-grid-section\" style=\"\"><div class=\"clearfix qodef-section-inner\"><div class=\"qodef-section-inner-margin clearfix\"><div class=\"wpb_column vc_column_container vc_col-sm-12 vc_col-lg-offset-2 vc_col-lg-8 vc_col-md-offset-2 vc_col-md-8\"><div class=\"vc_column-inner\"><div class=\"wpb_wrapper\">\n\t<div class=\"wpb_text_column wpb_content_element\" >\n\t\t<div class=\"wpb_wrapper\">\n\t\t\t<h4>ePIT produces high quality, premium class carports and terrace sheds of various sizes and wattages with integrated solar panels.<\/h4>\n\n\t\t<\/div>\n\t<\/div>\n<div class=\"vc_empty_space\"   style=\"height: 30px\"><span class=\"vc_empty_space_inner\"><\/span><\/div><\/div><\/div><\/div><\/div><\/div><\/div><div class=\"vc_row wpb_row vc_row-fluid qodef-section vc_custom_1483641571119 qodef-content-aligment-center qodef-grid-section\" style=\"\"><div class=\"clearfix qodef-section-inner\"><div class=\"qodef-section-inner-margin clearfix\"><div class=\"wpb_column vc_column_container vc_col-sm-4\"><div class=\"vc_column-inner\"><div class=\"wpb_wrapper\">\n\t<div class=\"wpb_text_column wpb_content_element\" >\n\t\t<div class=\"wpb_wrapper\">\n\t\t\t<h3><a href=\"https:\/\/epit.lt\/en\/gaminiai\/terasustogines\/alu\/\">Aluminium shed<\/a><\/h3>\n\n\t\t<\/div>\n\t<\/div>\n<div class=\"vc_empty_space\"   style=\"height: 25px\"><span class=\"vc_empty_space_inner\"><\/span><\/div>\n<div class=\"qodef-image-with-text\">\n\t<div class=\"qodef-image-with-text-image\">\n\n\t\t<img loading=\"lazy\" decoding=\"async\" width=\"1200\" height=\"800\" src=\"https:\/\/epit.lt\/wp-content\/uploads\/2023\/11\/8TH2.jpg\" class=\"attachment-full size-full\" alt=\"\" srcset=\"https:\/\/epit.lt\/wp-content\/uploads\/2023\/11\/8TH2.jpg 1200w, https:\/\/epit.lt\/wp-content\/uploads\/2023\/11\/8TH2-300x200.jpg 300w, https:\/\/epit.lt\/wp-content\/uploads\/2023\/11\/8TH2-1024x683.jpg 1024w, https:\/\/epit.lt\/wp-content\/uploads\/2023\/11\/8TH2-768x512.jpg 768w\" sizes=\"(max-width: 1200px) 100vw, 1200px\" \/>\n\t\t\t\t\t<a itemprop=\"url\" href=\"https:\/\/epit.lt\/en\/gaminiai\/terasustogines\/alu\/\" target=\"_self\">\n\t\t\n\t\t<div class=\"qodef-image-with-text-holder\">\n\t\t\t<div class=\"qodef-image-with-text-overlay\">\n\t\t\t\t<div class=\"qodef-image-with-text-inner\">\n\t\t\t\t\t<div class=\"qodef-image-with-text-inner-holder\">\n\n\t\t\t\t\t\t\t\t\t\t\t\t\t<span class=\"qodef-image-with-text-subtitle\">Technical<\/span>\n\t\t\t\t\t\t\n\t\t\t\t\t\t\t\t\t\t\t\t\t<h3 class=\"qodef-image-with-text-title\">Data Sheet<\/h3>\n\t\t\t\t\t\t\n\t\t\t\t\t\t\t\t\t\t\t\t\t<div class=\"qodef-image-with-text-icon\"><\/div>\n\t\t\t\t\t\t\n\t\t\t\t\t<\/div>\n\t\t\t\t<\/div>\n\t\t\t<\/div>\n\t\t<\/div>\n\n\t\t\t\t\t<\/a>\n\t\t\n\t<\/div>\n<\/div><\/div><\/div><\/div><div class=\"wpb_column vc_column_container vc_col-sm-4\"><div class=\"vc_column-inner\"><div class=\"wpb_wrapper\">\n\t<div class=\"wpb_text_column wpb_content_element\" >\n\t\t<div class=\"wpb_wrapper\">\n\t\t\t<h3><a href=\"https:\/\/epit.lt\/en\/gaminiai\/terasustogines\/gl\/\">Glulam timber shed<\/a><\/h3>\n\n\t\t<\/div>\n\t<\/div>\n<div class=\"vc_empty_space\"   style=\"height: 25px\"><span class=\"vc_empty_space_inner\"><\/span><\/div>\n<div class=\"qodef-image-with-text\">\n\t<div class=\"qodef-image-with-text-image\">\n\n\t\t<img loading=\"lazy\" decoding=\"async\" width=\"2560\" height=\"1601\" src=\"https:\/\/epit.lt\/wp-content\/uploads\/2023\/11\/10TH2-120-TOP-scaled.jpg\" class=\"attachment-full size-full\" alt=\"\" srcset=\"https:\/\/epit.lt\/wp-content\/uploads\/2023\/11\/10TH2-120-TOP-scaled.jpg 2560w, https:\/\/epit.lt\/wp-content\/uploads\/2023\/11\/10TH2-120-TOP-300x188.jpg 300w, https:\/\/epit.lt\/wp-content\/uploads\/2023\/11\/10TH2-120-TOP-1024x640.jpg 1024w, https:\/\/epit.lt\/wp-content\/uploads\/2023\/11\/10TH2-120-TOP-768x480.jpg 768w, https:\/\/epit.lt\/wp-content\/uploads\/2023\/11\/10TH2-120-TOP-1536x961.jpg 1536w\" sizes=\"(max-width: 2560px) 100vw, 2560px\" \/>\n\t\t\t\t\t<a itemprop=\"url\" href=\"https:\/\/epit.lt\/en\/gaminiai\/terasustogines\/gl\/\" target=\"_self\">\n\t\t\n\t\t<div class=\"qodef-image-with-text-holder\">\n\t\t\t<div class=\"qodef-image-with-text-overlay\">\n\t\t\t\t<div class=\"qodef-image-with-text-inner\">\n\t\t\t\t\t<div class=\"qodef-image-with-text-inner-holder\">\n\n\t\t\t\t\t\t\t\t\t\t\t\t\t<span class=\"qodef-image-with-text-subtitle\">Technical<\/span>\n\t\t\t\t\t\t\n\t\t\t\t\t\t\t\t\t\t\t\t\t<h3 class=\"qodef-image-with-text-title\">Data Sheet<\/h3>\n\t\t\t\t\t\t\n\t\t\t\t\t\t\t\t\t\t\t\t\t<div class=\"qodef-image-with-text-icon\"><\/div>\n\t\t\t\t\t\t\n\t\t\t\t\t<\/div>\n\t\t\t\t<\/div>\n\t\t\t<\/div>\n\t\t<\/div>\n\n\t\t\t\t\t<\/a>\n\t\t\n\t<\/div>\n<\/div><\/div><\/div><\/div><\/div><\/div><\/div>\n<\/section>","protected":false},"excerpt":{"rendered":"ePIT gamina \u012fvairaus dyd\u017eio ir galios, auk\u0161\u010diausios kokyb\u0117s, premium klas\u0117s autostogines ir teras\u0173 stogines su integruotomis saul\u0117s elektrin\u0117mis. Aliumin\u0117 stogin\u0117 Technin\u0117 Specifikacija Klijuoto ta\u0161o stogin\u0117 Technin\u0117 Specifikacija","protected":false},"author":2,"featured_media":0,"parent":6165,"menu_order":0,"comment_status":"closed","ping_status":"closed","template":"full-width.php","meta":{"footnotes":""},"_links":{"self":[{"href":"https:\/\/epit.lt\/en\/wp-json\/wp\/v2\/pages\/7193"}],"collection":[{"href":"https:\/\/epit.lt\/en\/wp-json\/wp\/v2\/pages"}],"about":[{"href":"https:\/\/epit.lt\/en\/wp-json\/wp\/v2\/types\/page"}],"author":[{"embeddable":true,"href":"https:\/\/epit.lt\/en\/wp-json\/wp\/v2\/users\/2"}],"replies":[{"embeddable":true,"href":"https:\/\/epit.lt\/en\/wp-json\/wp\/v2\/comments?post=7193"}],"version-history":[{"count":5,"href":"https:\/\/epit.lt\/en\/wp-json\/wp\/v2\/pages\/7193\/revisions"}],"predecessor-version":[{"id":8188,"href":"https:\/\/epit.lt\/en\/wp-json\/wp\/v2\/pages\/7193\/revisions\/8188"}],"up":[{"embeddable":true,"href":"https:\/\/epit.lt\/en\/wp-json\/wp\/v2\/pages\/6165"}],"wp:attachment":[{"href":"https:\/\/epit.lt\/en\/wp-json\/wp\/v2\/media?parent=7193"}],"curies":[{"name":"wp","href":"https:\/\/api.w.org\/{rel}","templated":true}]}}