{"id":7541,"date":"2023-11-21T08:21:44","date_gmt":"2023-11-21T08:21:44","guid":{"rendered":"https:\/\/epit.lt\/?page_id=7541"},"modified":"2023-12-15T06:32:40","modified_gmt":"2023-12-15T06:32:40","slug":"sniego-apkrova","status":"publish","type":"page","link":"https:\/\/epit.lt\/en\/sniego-apkrova\/","title":{"rendered":"Snow and Wind loads"},"content":{"rendered":"<section class=\"wpb-content-wrapper\"><div class=\"vc_row wpb_row vc_row-fluid qodef-section qodef-content-aligment-left\" style=\"\"><div class=\"clearfix qodef-full-section-inner\"><div class=\"wpb_column vc_column_container vc_col-sm-12\"><div class=\"vc_column-inner\"><div class=\"wpb_wrapper\">\n\t<div class=\"wpb_text_column wpb_content_element\" >\n\t\t<div class=\"wpb_wrapper\">\n\t\t\t<p>THE PAGE IS STILL UNDER DEVELOPMENT. WE ARE SORRY FOR THE INCONVENIENCE.<\/p>\n\n\t\t<\/div>\n\t<\/div>\n<\/div><\/div><\/div><\/div><\/div><div class=\"vc_row wpb_row vc_row-fluid qodef-section qodef-content-aligment-left\" style=\"\"><div class=\"clearfix qodef-full-section-inner\"><div class=\"wpb_column vc_column_container vc_col-sm-12\"><div class=\"vc_column-inner\"><div class=\"wpb_wrapper\"><div class=\"vc_empty_space\"   style=\"height: 32px\"><span class=\"vc_empty_space_inner\"><\/span><\/div><\/div><\/div><\/div><\/div><\/div><div data-qodef-parallax-speed=\"1\" class=\"vc_row wpb_row vc_row-fluid qodef-section qodef-content-aligment-left qodef-parallax-section-holder qodef-parallax-section-holder-touch-disabled qodef-grid-section\" style=\"\"><div class=\"clearfix qodef-section-inner\"><div class=\"qodef-section-inner-margin clearfix\"><div class=\"wpb_column vc_column_container vc_col-sm-6\"><div class=\"vc_column-inner\"><div class=\"wpb_wrapper\">\n\t<div class=\"wpb_text_column wpb_content_element\" >\n\t\t<div class=\"wpb_wrapper\">\n\t\t\t<p><img loading=\"lazy\" decoding=\"async\" class=\"alignnone size-full wp-image-8365\" src=\"https:\/\/epit.lt\/wp-content\/uploads\/2023\/12\/SOLID15V-STATIKA-2.gif\" alt=\"\" width=\"600\" height=\"330\" \/><\/p>\n\n\t\t<\/div>\n\t<\/div>\n<\/div><\/div><\/div><div class=\"wpb_column vc_column_container vc_col-sm-6\"><div class=\"vc_column-inner\"><div class=\"wpb_wrapper\">\n\t<div class=\"wpb_text_column wpb_content_element\" >\n\t\t<div class=\"wpb_wrapper\">\n\t\t\t<h4>We design our products with software that operates based on <strong>FEM<\/strong> (Finite Element Method). With its help we determine whether our product is <strong><em>CAPABLE OF WITHSTANDING EXTERNAL LOADS<\/em><\/strong>, <strong><em>STURDY<\/em><\/strong> and <em>STABLE<\/em>.<\/h4>\n\n\t\t<\/div>\n\t<\/div>\n<\/div><\/div><\/div><\/div><\/div><\/div><div class=\"vc_row wpb_row vc_row-fluid qodef-section qodef-content-aligment-left\" style=\"\"><div class=\"clearfix qodef-full-section-inner\"><div class=\"wpb_column vc_column_container vc_col-sm-12\"><div class=\"vc_column-inner\"><div class=\"wpb_wrapper\"><div class=\"vc_empty_space\"   style=\"height: 32px\"><span class=\"vc_empty_space_inner\"><\/span><\/div><\/div><\/div><\/div><\/div><\/div><div class=\"vc_row wpb_row vc_row-fluid qodef-section qodef-content-aligment-left\" style=\"\"><div class=\"clearfix qodef-full-section-inner\"><div class=\"wpb_column vc_column_container vc_col-sm-6\"><div class=\"vc_column-inner\"><div class=\"wpb_wrapper\">\n\t<div  class=\"wpb_single_image wpb_content_element vc_align_center  wpb_animate_when_almost_visible wpb_fadeIn fadeIn\">\n\t\t\n\t\t<figure class=\"wpb_wrapper vc_figure\">\n\t\t\t<div class=\"vc_single_image-wrapper vc_box_rounded  vc_box_border_grey\"><img loading=\"lazy\" decoding=\"async\" class=\"vc_single_image-img\" src=\"https:\/\/epit.lt\/wp-content\/uploads\/2023\/12\/SNIEGO-RAJONAI-LIETUVOJE_V3-700x700.png\" width=\"700\" height=\"700\" alt=\"SNIEGO RAJONAI LIETUVOJE\" title=\"SNIEGO RAJONAI LIETUVOJE\" \/><\/div>\n\t\t<\/figure>\n\t<\/div>\n<\/div><\/div><\/div><div class=\"wpb_column vc_column_container vc_col-sm-6\"><div class=\"vc_column-inner\"><div class=\"wpb_wrapper\">\n\t<div  class=\"wpb_single_image wpb_content_element vc_align_center  wpb_animate_when_almost_visible wpb_fadeIn fadeIn\">\n\t\t\n\t\t<figure class=\"wpb_wrapper vc_figure\">\n\t\t\t<div class=\"vc_single_image-wrapper vc_box_rounded  vc_box_border_grey\"><img loading=\"lazy\" decoding=\"async\" class=\"vc_single_image-img\" src=\"https:\/\/epit.lt\/wp-content\/uploads\/2023\/12\/VEJO-RAJONAI-LIETUVOJE_V4-700x700.png\" width=\"700\" height=\"700\" alt=\"V\u0116JO RAJONAI LIETUVOJE\" title=\"V\u0116JO RAJONAI LIETUVOJE\" \/><\/div>\n\t\t<\/figure>\n\t<\/div>\n<\/div><\/div><\/div><\/div><\/div><div class=\"vc_row wpb_row vc_row-fluid qodef-section qodef-content-aligment-left\" style=\"\"><div class=\"clearfix qodef-full-section-inner\"><div class=\"wpb_column vc_column_container vc_col-sm-12\"><div class=\"vc_column-inner\"><div class=\"wpb_wrapper\"><div class=\"vc_empty_space\"   style=\"height: 32px\"><span class=\"vc_empty_space_inner\"><\/span><\/div><\/div><\/div><\/div><\/div><\/div><div class=\"vc_row wpb_row vc_row-fluid qodef-section qodef-content-aligment-center\" style=\"\"><div class=\"clearfix qodef-full-section-inner\"><div class=\"wpb_column vc_column_container vc_col-sm-12\"><div class=\"vc_column-inner\"><div class=\"wpb_wrapper\">\n\t<div class=\"wpb_text_column wpb_content_element\" >\n\t\t<div class=\"wpb_wrapper\">\n\t\t\t<p>Sniego apkrovos ir v\u0117jo grei\u010dio rajonai Lietuvoje. Daugiau informacijos <a href=\"https:\/\/e-seimas.lrs.lt\/portal\/legalAct\/lt\/TAD\/TAIS.213447\"><em>STR 2.05.04:2003 &#8222;Poveikiai ir apkrovos&#8221;.<\/em><\/a><\/p>\n\n\t\t<\/div>\n\t<\/div>\n<\/div><\/div><\/div><\/div><\/div><div class=\"vc_row wpb_row vc_row-fluid qodef-section qodef-content-aligment-left\" style=\"\"><div class=\"clearfix qodef-full-section-inner\"><div class=\"wpb_column vc_column_container vc_col-sm-12\"><div class=\"vc_column-inner\"><div class=\"wpb_wrapper\"><div class=\"vc_empty_space\"   style=\"height: 32px\"><span class=\"vc_empty_space_inner\"><\/span><\/div><\/div><\/div><\/div><\/div><\/div><div class=\"vc_row wpb_row vc_row-fluid qodef-section qodef-content-aligment-left\" style=\"\"><div class=\"clearfix qodef-full-section-inner\"><div class=\"wpb_column vc_column_container vc_col-sm-12\"><div class=\"vc_column-inner\"><div class=\"wpb_wrapper\"><a itemprop=\"url\" href=\"https:\/\/www.dlubal.com\/en\/load-zones-for-snow-wind-earthquake\/snow-lst-en-1991-1-3.html#&#038;center=55.18907550205906,23.898908615000252&#038;zoom=8&#038;marker=54.6859284904,25.2862285542\" target=\"_self\" style=\"font-size: 10px;text-transform: None\" class=\"qodef-btn qodef-btn-small qodef-btn-solid qodef-btn-icon\"   >\n    <span class=\"qodef-btn-text\">Su\u017einokite kokios SNIEGO ir V\u0116JO apkrovos pagal J\u016bs\u0173 adres\u0105. <\/span>\n    <i class=\"qodef-icon-font-awesome fa fa-arrow-circle-down\" ><\/i><\/a><\/div><\/div><\/div><\/div><\/div><div class=\"vc_row wpb_row vc_row-fluid qodef-section qodef-content-aligment-left\" style=\"\"><div class=\"clearfix qodef-full-section-inner\"><div class=\"wpb_column vc_column_container vc_col-sm-12\"><div class=\"vc_column-inner\"><div class=\"wpb_wrapper\"><div class=\"vc_empty_space\"   style=\"height: 32px\"><span class=\"vc_empty_space_inner\"><\/span><\/div><\/div><\/div><\/div><\/div><\/div><div class=\"vc_row wpb_row vc_row-fluid qodef-section qodef-content-aligment-left\" style=\"\"><div class=\"clearfix qodef-full-section-inner\"><div class=\"wpb_column vc_column_container vc_col-sm-12\"><div class=\"vc_column-inner\"><div class=\"wpb_wrapper\"><div class=\"vc_empty_space\"   style=\"height: 32px\"><span class=\"vc_empty_space_inner\"><\/span><\/div><\/div><\/div><\/div><\/div><\/div><div class=\"vc_row wpb_row vc_row-fluid qodef-section qodef-content-aligment-right\" style=\"\"><div class=\"clearfix qodef-full-section-inner\"><div class=\"wpb_column vc_column_container vc_col-sm-6\"><div class=\"vc_column-inner\"><div class=\"wpb_wrapper\">\n\t<div class=\"wpb_text_column wpb_content_element\" >\n\t\t<div class=\"wpb_wrapper\">\n\t\t\t<h4 style=\"text-align: left;\"><em><strong>PAM\u0104STYMAI<\/strong><\/em>. <strong><em>\u0160VIE\u017dIAS<\/em><\/strong> (k\u0105 tik i\u0161krit\u0119s) sniegas sveria 1000kg\/m\u00b3, tod\u0117l 120kg\/m\u00b2 svorio sniego apkrova sudarys 1.2 m auk\u0161\u010dio pusn\u012f. Lygiai taip pat, tokio paties svorio, tik<strong><em> \u0160LAPIO<\/em><\/strong> sniego apkrova bus tik 30 centimetr\u0173\u00a0 auk\u0161\u010dio. Kitaip tariant, <strong><em>\u0160VIE\u017dAUS<\/em><\/strong> and <strong><em>\u0160LAPIO<\/em> <\/strong>sniego svoris <strong><em>skiriasi 4 kartus<\/em><\/strong>.<\/h4>\n\n\t\t<\/div>\n\t<\/div>\n<\/div><\/div><\/div><div class=\"wpb_column vc_column_container vc_col-sm-6\"><div class=\"vc_column-inner\"><div class=\"wpb_wrapper\">\n\t<div  class=\"wpb_single_image wpb_content_element vc_align_left\">\n\t\t\n\t\t<figure class=\"wpb_wrapper vc_figure\">\n\t\t\t<div class=\"vc_single_image-wrapper   vc_box_border_grey\"><img loading=\"lazy\" decoding=\"async\" class=\"vc_single_image-img\" src=\"https:\/\/epit.lt\/wp-content\/uploads\/2023\/12\/PUSNIES-AUKSTIS-PALYGINIMUI-Small.png\" width=\"854\" height=\"408\" alt=\"PUSNIES AUK\u0160TIS PALYGINIMUI (Small)\" title=\"PUSNIES AUK\u0160TIS PALYGINIMUI (Small)\" \/><\/div>\n\t\t<\/figure>\n\t<\/div>\n<\/div><\/div><\/div><\/div><\/div><div class=\"vc_row wpb_row vc_row-fluid qodef-section qodef-content-aligment-left\" style=\"\"><div class=\"clearfix qodef-full-section-inner\"><div class=\"wpb_column vc_column_container vc_col-sm-12\"><div class=\"vc_column-inner\"><div class=\"wpb_wrapper\"><div class=\"vc_empty_space\"   style=\"height: 50px\"><span class=\"vc_empty_space_inner\"><\/span><\/div><\/div><\/div><\/div><\/div><\/div><div class=\"vc_row wpb_row vc_row-fluid qodef-section qodef-content-aligment-left\" style=\"\"><div class=\"clearfix qodef-full-section-inner\"><div class=\"wpb_column vc_column_container vc_col-sm-12\"><div class=\"vc_column-inner\"><div class=\"wpb_wrapper\">\n\t<div class=\"wpb_text_column wpb_content_element\" >\n\t\t<div class=\"wpb_wrapper\">\n\t\t\t<h4>Statybin\u0117s konstrukcijos privalo tenkinti esminius reikalavimus &#8211; <em>STIPRUM\u0104<\/em>, <em>STANDUM\u0104<\/em> and <em>STABILUM\u0104<\/em>, kad nuo i\u0161orini\u0173 apkrov\u0173 poveiki\u0173 \u0161i\u0173 savybi\u0173 neprarast\u0173. B\u016btent d\u0117l \u0161i\u0173 prie\u017eas\u010di\u0173 ypatingas d\u0117mesys skiriamas konstrukcij\u0105 veiksian\u010di\u0173 apkrov\u0173 nustatymui. Didelis d\u0117mesys skiriamas <em>SNIEGO<\/em> and <em>V\u0116JO<\/em> kintamosioms apkrovoms.<\/h4>\n<h4>Sniegas ant konstrukcijos stogo gali susikaupti \u012fvairiomis formomis. Taip priklauso nuo stogo geometrijos, termini\u0173 jo savybi\u0173, pavir\u0161iaus nelygumo, gretim\u0173 statini\u0173 artumo, vietov\u0117s aplinkos ir kt. dedam\u0173j\u0173.<\/h4>\n<h4>Sniego ant\u017eemin\u0117s apkrovos, tenkan\u010dios 1m\u00b2 horizontalaus \u017eem\u0117s pavir\u0161iaus, charakteristin\u0117 reik\u0161m\u0117 Sk Lietuvoje imamos pagal dvi teritorines zonas &#8211; sniego apkrovos rajonus. <em>I rajonui<\/em> priklauso vakar\u0173 (i\u0161skyrus Tel\u0161i\u0173, Rietavo, \u0160ilal\u0117s rajonai) ir vidurio Lietuva, pradedant nuo Akmen\u0117s ir Joni\u0161kio iki Marijampol\u0117s ir Prien\u0173 rajon\u0173. <em><strong>II rajonui<\/strong><\/em> &#8211; ryt\u0173 bei piet\u0173 (pradedant nuo Bir\u017e\u0173 iki Lazdij\u0173 ir sienos su Baltarusija).<\/h4>\n\n\t\t<\/div>\n\t<\/div>\n<\/div><\/div><\/div><\/div><\/div><div class=\"vc_row wpb_row vc_row-fluid qodef-section qodef-content-aligment-left\" style=\"\"><div class=\"clearfix qodef-full-section-inner\"><div class=\"wpb_column vc_column_container vc_col-sm-12\"><div class=\"vc_column-inner\"><div class=\"wpb_wrapper\"><div class=\"vc_empty_space\"   style=\"height: 100px\"><span class=\"vc_empty_space_inner\"><\/span><\/div><\/div><\/div><\/div><\/div><\/div>\n<\/section>","protected":false},"excerpt":{"rendered":"PUSLAPIS PILDOMAS. ATSIPRA\u0160OME U\u017d NEPATOGUMUS. Konstrukcinius skai\u010diavimus atliekame FEM (baigtini\u0173 element\u0173 metod\u0173) skai\u010diuojan\u010diose programose, kuri\u0173 pagalba prognozuojame element\u0173 darb\u0105 ir tikriname ar konstrukcija yra pakankamai STIPRI, STANDI ir STABILI. Sniego apkrovos ir v\u0117jo grei\u010dio rajonai Lietuvoje. Daugiau informacijos STR 2.05.04:2003 \"Poveikiai ir apkrovos\". Su\u017einokite kokios...","protected":false},"author":2,"featured_media":0,"parent":0,"menu_order":0,"comment_status":"closed","ping_status":"closed","template":"","meta":{"footnotes":""},"_links":{"self":[{"href":"https:\/\/epit.lt\/en\/wp-json\/wp\/v2\/pages\/7541"}],"collection":[{"href":"https:\/\/epit.lt\/en\/wp-json\/wp\/v2\/pages"}],"about":[{"href":"https:\/\/epit.lt\/en\/wp-json\/wp\/v2\/types\/page"}],"author":[{"embeddable":true,"href":"https:\/\/epit.lt\/en\/wp-json\/wp\/v2\/users\/2"}],"replies":[{"embeddable":true,"href":"https:\/\/epit.lt\/en\/wp-json\/wp\/v2\/comments?post=7541"}],"version-history":[{"count":62,"href":"https:\/\/epit.lt\/en\/wp-json\/wp\/v2\/pages\/7541\/revisions"}],"predecessor-version":[{"id":8447,"href":"https:\/\/epit.lt\/en\/wp-json\/wp\/v2\/pages\/7541\/revisions\/8447"}],"wp:attachment":[{"href":"https:\/\/epit.lt\/en\/wp-json\/wp\/v2\/media?parent=7541"}],"curies":[{"name":"wp","href":"https:\/\/api.w.org\/{rel}","templated":true}]}}