{"id":7644,"date":"2023-11-22T07:50:42","date_gmt":"2023-11-22T07:50:42","guid":{"rendered":"https:\/\/epit.lt\/?page_id=7644"},"modified":"2024-06-17T13:09:36","modified_gmt":"2024-06-17T13:09:36","slug":"solid15ts","status":"publish","type":"page","link":"https:\/\/epit.lt\/en\/gaminiai\/autostogine\/tstipo\/solid15ts\/","title":{"rendered":"SOLID 15 TS"},"content":{"rendered":"<section class=\"wpb-content-wrapper\"><div class=\"vc_row wpb_row vc_row-fluid qodef-section vc_custom_1483640905823 qodef-content-aligment-left qodef-grid-section\" style=\"\"><div class=\"clearfix qodef-section-inner\"><div class=\"qodef-section-inner-margin clearfix\"><div class=\"wpb_column vc_column_container vc_col-sm-6 vc_col-lg-6 vc_col-md-12\"><div class=\"vc_column-inner\"><div class=\"wpb_wrapper\"><div class=\"vc_empty_space\"   style=\"height: 25px\"><span class=\"vc_empty_space_inner\"><\/span><\/div>\n\t<div  class=\"wpb_single_image wpb_content_element vc_align_right\">\n\t\t\n\t\t<figure class=\"wpb_wrapper vc_figure\">\n\t\t\t<div class=\"vc_single_image-wrapper   vc_box_border_grey\"><img loading=\"lazy\" decoding=\"async\" class=\"vc_single_image-img\" src=\"https:\/\/epit.lt\/wp-content\/uploads\/2024\/06\/15TS5-160-WEB_TOP-Small-500x400.png\" width=\"500\" height=\"400\" alt=\"15TS5-160 WEB_TOP (Small)\" title=\"15TS5-160 WEB_TOP (Small)\" \/><\/div>\n\t\t<\/figure>\n\t<\/div>\n<\/div><\/div><\/div><div class=\"wpb_column vc_column_container vc_col-sm-6\"><div class=\"vc_column-inner\"><div class=\"wpb_wrapper\"><div class=\"vc_empty_space\"   style=\"height: 25px\"><span class=\"vc_empty_space_inner\"><\/span><\/div>\n\t<div class=\"wpb_text_column wpb_content_element\" >\n\t\t<div class=\"wpb_wrapper\">\n\t\t\t<h3>Carport technical characteristics:<\/h3>\n\n\t\t<\/div>\n\t<\/div>\n<div class=\"vc_empty_space\"   style=\"height: 15px\"><span class=\"vc_empty_space_inner\"><\/span><\/div>\n\t<div class=\"wpb_text_column wpb_content_element\" >\n\t\t<div class=\"wpb_wrapper\">\n\t\t\t<ul>\n<li>Integrated solar panel quantity 15 pcs. (5,55 kWp)<\/li>\n<li>Carport width \u2013 5440 mm<\/li>\n<li>Carport length \u2013 5289 mm<\/li>\n<li>Roof slope from 5\u00b0<\/li>\n<li>Column size 160 mm<\/li>\n<li>Standard height from the back beam to soil \u2013 2594 mm<\/li>\n<li>Carport area \u2013 28,77 sq. m.<\/li>\n<li>Snow load: <strong>iki 1,6 kN\/m\u00b2 <\/strong>(pagal LST EN 1991-1-3)<\/li>\n<li>Wind load: <strong>up to 32 m\/s <\/strong>(pagal LST EN 1991-1-4)<\/li>\n<\/ul>\n\n\t\t<\/div>\n\t<\/div>\n<div class=\"vc_empty_space\"   style=\"height: 25px\"><span class=\"vc_empty_space_inner\"><\/span><\/div><a itemprop=\"url\" href=\"https:\/\/epit.lt\/en\/projektai\/\" target=\"_blank\" style=\"color: #444444;border-color: #c0c0c0;font-size: 1\u0161px\" class=\"qodef-btn qodef-btn-medium qodef-btn-outline\"   >\n    <span class=\"qodef-btn-text\">Projects<\/span>\n    <\/a><\/div><\/div><\/div><\/div><\/div><\/div><div class=\"vc_row wpb_row vc_row-fluid qodef-section qodef-content-aligment-left\" style=\"\"><div class=\"clearfix qodef-full-section-inner\"><div class=\"wpb_column vc_column_container vc_col-sm-12\"><div class=\"vc_column-inner\"><div class=\"wpb_wrapper\"><div class=\"qodef-image-gallery\" style=\"height: 400px\">\n\t<div class=\"qodef-image-gallery-slider\" data-autoplay=\"3\" data-navigation=\"yes\" data-pagination=\"yes\">\n\t\t\t\t\t\t<a itemprop=\"image\" href=\"https:\/\/epit.lt\/wp-content\/uploads\/2023\/12\/15TS-160-top-Small.jpg\" data-rel=\"prettyPhoto[single_pretty_photo]\" title=\"15TS-160 top (Small)\">\n\t\t\t\n\t\t\t\n\t\t\t\t<img decoding=\"async\" class=\"qodef-image-gallery-defined-height\" style=\"height: 400px\" src=\"https:\/\/epit.lt\/wp-content\/uploads\/2023\/12\/15TS-160-top-Small.jpg\" alt=\"15TS-160 top (Small)\" \/>\n\n\t\t\t\n\t\t\t<\/a>\n\n\t\t\t\t\t\t<a itemprop=\"image\" href=\"https:\/\/epit.lt\/wp-content\/uploads\/2023\/12\/15TS-160-Small.jpg\" data-rel=\"prettyPhoto[single_pretty_photo]\" title=\"15TS-160 (Small)\">\n\t\t\t\n\t\t\t\n\t\t\t\t<img decoding=\"async\" class=\"qodef-image-gallery-defined-height\" style=\"height: 400px\" src=\"https:\/\/epit.lt\/wp-content\/uploads\/2023\/12\/15TS-160-Small.jpg\" alt=\"15TS-160 (Small)\" \/>\n\n\t\t\t\n\t\t\t<\/a>\n\n\t\t\t\t\t\t<a itemprop=\"image\" href=\"https:\/\/epit.lt\/wp-content\/uploads\/2024\/06\/15TS5-160-WEB_LEFT-Small.png\" data-rel=\"prettyPhoto[single_pretty_photo]\" title=\"15TS5-160 WEB_LEFT (Small)\">\n\t\t\t\n\t\t\t\n\t\t\t\t<img decoding=\"async\" class=\"qodef-image-gallery-defined-height\" style=\"height: 400px\" src=\"https:\/\/epit.lt\/wp-content\/uploads\/2024\/06\/15TS5-160-WEB_LEFT-Small.png\" alt=\"15TS5-160 WEB_LEFT (Small)\" \/>\n\n\t\t\t\n\t\t\t<\/a>\n\n\t\t\t\t\t\t<a itemprop=\"image\" href=\"https:\/\/epit.lt\/wp-content\/uploads\/2024\/06\/15TS5-160-WEB_TOP-Small.png\" data-rel=\"prettyPhoto[single_pretty_photo]\" title=\"15TS5-160 WEB_TOP (Small)\">\n\t\t\t\n\t\t\t\n\t\t\t\t<img decoding=\"async\" class=\"qodef-image-gallery-defined-height\" style=\"height: 400px\" src=\"https:\/\/epit.lt\/wp-content\/uploads\/2024\/06\/15TS5-160-WEB_TOP-Small.png\" alt=\"15TS5-160 WEB_TOP (Small)\" \/>\n\n\t\t\t\n\t\t\t<\/a>\n\n\t\t\t\t\t\t<a itemprop=\"image\" href=\"https:\/\/epit.lt\/wp-content\/uploads\/2024\/06\/15TS5-160-WEB_FRONT-Small.png\" data-rel=\"prettyPhoto[single_pretty_photo]\" title=\"15TS5-160 WEB_FRONT (Small)\">\n\t\t\t\n\t\t\t\n\t\t\t\t<img decoding=\"async\" class=\"qodef-image-gallery-defined-height\" style=\"height: 400px\" src=\"https:\/\/epit.lt\/wp-content\/uploads\/2024\/06\/15TS5-160-WEB_FRONT-Small.png\" alt=\"15TS5-160 WEB_FRONT (Small)\" \/>\n\n\t\t\t\n\t\t\t<\/a>\n\n\t\t\t<\/div>\n<\/div><\/div><\/div><\/div><\/div><\/div><div class=\"vc_row wpb_row vc_row-fluid qodef-section vc_custom_1483639981434 qodef-content-aligment-center qodef-grid-section\" style=\"\"><div class=\"clearfix qodef-section-inner\"><div class=\"qodef-section-inner-margin clearfix\"><div class=\"wpb_column vc_column_container vc_col-sm-12\"><div class=\"vc_column-inner\"><div class=\"wpb_wrapper\">\n\t<div class=\"wpb_text_column wpb_content_element\" >\n\t\t<div class=\"wpb_wrapper\">\n\t\t\t<h2>Other TS<em><strong>-type <\/strong><\/em>carport sizes:<\/h2>\n\n\t\t<\/div>\n\t<\/div>\n<div class=\"vc_empty_space\"   style=\"height: 17px\"><span class=\"vc_empty_space_inner\"><\/span><\/div><div data-qodef-parallax-speed=\"1\" class=\"vc_row wpb_row vc_inner vc_row-fluid qodef-section qodef-content-aligment-center\" style=\"\"><div class=\"qodef-full-section-inner\"><div class=\"wpb_column vc_column_container vc_col-sm-12 vc_col-lg-offset-2 vc_col-lg-8 vc_col-md-offset-2 vc_col-md-8\"><div class=\"vc_column-inner\"><div class=\"wpb_wrapper\">\n\t<div class=\"wpb_text_column wpb_content_element\" >\n\t\t<div class=\"wpb_wrapper\">\n\t\t\t<h4><a href=\"https:\/\/epit.lt\/en\/gaminiai\/autostogine\/tstipo\/solid12ts\/\">SOLID 12 TS<\/a><\/h4>\n\n\t\t<\/div>\n\t<\/div>\n<\/div><\/div><\/div><\/div><\/div><\/div><\/div><\/div><\/div><\/div><\/div><div class=\"vc_row wpb_row vc_row-fluid qodef-section vc_custom_1503414287844 qodef-content-aligment-center qodef-grid-section\" style=\"\"><div class=\"clearfix qodef-section-inner\"><div class=\"qodef-section-inner-margin clearfix\"><div class=\"wpb_column vc_column_container vc_col-sm-12\"><div class=\"vc_column-inner\"><div class=\"wpb_wrapper\"><div class=\"qodef-image-gallery\">\n\t<div class=\"qodef-image-gallery-grid clearfix qodef-gallery-columns-2\" >\n\t\t\t\t\t<div class=\"qodef-gallery-image\">\n\t\t\t\t\t\t\t\t\t<a itemprop=\"image\" href=\"https:\/\/epit.lt\/wp-content\/uploads\/2023\/12\/12TS-140-top-Small.jpg\" data-rel=\"prettyPhoto[single_pretty_photo]\" title=\"12TS-140 top (Small)\">\n\t\t\t\t\n\t\t\t\t\t\t\t\t\t\t\t<img loading=\"lazy\" decoding=\"async\" src=\"https:\/\/epit.lt\/wp-content\/uploads\/2023\/12\/12TS-140-top-Small-800x400.jpg\" alt=\"\" width=\"800\" height=\"400\" \/>\t\t\t\t\t\n\t\t\t\t<\/a>\n\n\t\t\t<\/div>\n\t\t\t\t\t<div class=\"qodef-gallery-image\">\n\t\t\t\t\t\t\t\t\t<a itemprop=\"image\" href=\"https:\/\/epit.lt\/wp-content\/uploads\/2023\/12\/12TS-140-Small.jpg\" data-rel=\"prettyPhoto[single_pretty_photo]\" title=\"12TS-140 (Small)\">\n\t\t\t\t\n\t\t\t\t\t\t\t\t\t\t\t<img loading=\"lazy\" decoding=\"async\" src=\"https:\/\/epit.lt\/wp-content\/uploads\/2023\/12\/12TS-140-Small-800x400.jpg\" alt=\"\" width=\"800\" height=\"400\" \/>\t\t\t\t\t\n\t\t\t\t<\/a>\n\n\t\t\t<\/div>\n\t\t\t<\/div>\n<\/div><div class=\"vc_empty_space\"   style=\"height: 45px\"><span class=\"vc_empty_space_inner\"><\/span><\/div>\n\t<div class=\"wpb_text_column wpb_content_element\" >\n\t\t<div class=\"wpb_wrapper\">\n\t\t\t<h4><a href=\"https:\/\/epit.lt\/en\/gaminiai\/autostogine\/tstipo\/solid18ts\/\">SOLID 18 TS<\/a><\/h4>\n\n\t\t<\/div>\n\t<\/div>\n<div class=\"vc_empty_space\"   style=\"height: 45px\"><span class=\"vc_empty_space_inner\"><\/span><\/div><div class=\"qodef-image-gallery\">\n\t<div class=\"qodef-image-gallery-grid clearfix qodef-gallery-columns-2\" >\n\t\t\t\t\t<div class=\"qodef-gallery-image\">\n\t\t\t\t\t\t\t\t\t<a itemprop=\"image\" href=\"https:\/\/epit.lt\/wp-content\/uploads\/2023\/12\/18TS-160-top-Small.jpg\" data-rel=\"prettyPhoto[single_pretty_photo]\" title=\"18TS &#8211; 160 top (Small)\">\n\t\t\t\t\n\t\t\t\t\t\t\t\t\t\t\t<img loading=\"lazy\" decoding=\"async\" src=\"https:\/\/epit.lt\/wp-content\/uploads\/2023\/12\/18TS-160-top-Small-800x400.jpg\" alt=\"\" width=\"800\" height=\"400\" \/>\t\t\t\t\t\n\t\t\t\t<\/a>\n\n\t\t\t<\/div>\n\t\t\t\t\t<div class=\"qodef-gallery-image\">\n\t\t\t\t\t\t\t\t\t<a itemprop=\"image\" href=\"https:\/\/epit.lt\/wp-content\/uploads\/2023\/12\/18TS-160-Small.jpg\" data-rel=\"prettyPhoto[single_pretty_photo]\" title=\"18TS &#8211; 160 (Small)\">\n\t\t\t\t\n\t\t\t\t\t\t\t\t\t\t\t<img loading=\"lazy\" decoding=\"async\" src=\"https:\/\/epit.lt\/wp-content\/uploads\/2023\/12\/18TS-160-Small-800x400.jpg\" alt=\"\" width=\"800\" height=\"400\" \/>\t\t\t\t\t\n\t\t\t\t<\/a>\n\n\t\t\t<\/div>\n\t\t\t<\/div>\n<\/div><\/div><\/div><\/div><\/div><\/div><\/div><div class=\"vc_row wpb_row vc_row-fluid qodef-section vc_custom_1503414287844 qodef-content-aligment-center qodef-grid-section\" style=\"\"><div class=\"clearfix qodef-section-inner\"><div class=\"qodef-section-inner-margin clearfix\"><div class=\"wpb_column vc_column_container vc_col-sm-12 vc_hidden-lg vc_hidden-md vc_hidden-sm vc_hidden-xs\"><div class=\"vc_column-inner\"><div class=\"wpb_wrapper\"><div class=\"vc_empty_space\"   style=\"height: 45px\"><span class=\"vc_empty_space_inner\"><\/span><\/div>\n\t<div class=\"wpb_text_column wpb_content_element\" >\n\t\t<div class=\"wpb_wrapper\">\n\t\t\t<h4><a href=\"https:\/\/epit.lt\/en\/gaminiai\/autostogine\/tstipo\/solid21ts\/\">SOLID 21 TS<\/a><\/h4>\n\n\t\t<\/div>\n\t<\/div>\n<div class=\"vc_empty_space\"   style=\"height: 45px\"><span class=\"vc_empty_space_inner\"><\/span><\/div><div class=\"qodef-image-gallery\">\n\t<div class=\"qodef-image-gallery-grid clearfix qodef-gallery-columns-2\" >\n\t\t\t\t\t<div class=\"qodef-gallery-image\">\n\t\t\t\t\t\t\t\t\t<a itemprop=\"image\" href=\"https:\/\/epit.lt\/wp-content\/uploads\/2023\/12\/21TS-160-top-Small.jpg\" data-rel=\"prettyPhoto[single_pretty_photo]\" title=\"21TS-160 top (Small)\">\n\t\t\t\t\n\t\t\t\t\t\t\t\t\t\t\t<img loading=\"lazy\" decoding=\"async\" src=\"https:\/\/epit.lt\/wp-content\/uploads\/2023\/12\/21TS-160-top-Small-800x400.jpg\" alt=\"\" width=\"800\" height=\"400\" \/>\t\t\t\t\t\n\t\t\t\t<\/a>\n\n\t\t\t<\/div>\n\t\t\t\t\t<div class=\"qodef-gallery-image\">\n\t\t\t\t\t\t\t\t\t<a itemprop=\"image\" href=\"https:\/\/epit.lt\/wp-content\/uploads\/2023\/12\/21TS-160-Small.jpg\" data-rel=\"prettyPhoto[single_pretty_photo]\" title=\"21TS-160 (Small)\">\n\t\t\t\t\n\t\t\t\t\t\t\t\t\t\t\t<img loading=\"lazy\" decoding=\"async\" src=\"https:\/\/epit.lt\/wp-content\/uploads\/2023\/12\/21TS-160-Small-800x400.jpg\" alt=\"\" width=\"800\" height=\"400\" \/>\t\t\t\t\t\n\t\t\t\t<\/a>\n\n\t\t\t<\/div>\n\t\t\t<\/div>\n<\/div><\/div><\/div><\/div><\/div><\/div><\/div><div class=\"vc_row wpb_row vc_row-fluid qodef-section vc_custom_1677163506919 qodef-content-aligment-left\" style=\"min-height:60px;height:auto;\"><div class=\"clearfix qodef-full-section-inner\"><div class=\"wpb_column vc_column_container vc_col-sm-12\"><div class=\"vc_column-inner\"><div class=\"wpb_wrapper\"><div class=\"vc_empty_space  vc_custom_1677163669445\"   style=\"height: 32px\"><span class=\"vc_empty_space_inner\"><\/span><\/div>\t<div class=\"qodef-call-to-action normal\">\n\n\t\t\t\t<div class=\"qodef-container-inner\">\n\t\t\t\t\t<div class=\"qodef-call-to-action-row-75-25 clearfix\" >\n\t\t\t\t\t\t<div class=\"qodef-text-wrapper qodef-call-to-action-column1 qodef-call-to-action-cell\">\n\t\t\t\t\t\t\t\t\t<div class=\"qodef-call-to-action-text\" style=\"font-size: 26px\">\n<h4><span style=\"color: #ffffff;\">Interested in this project?<\/span><\/h4>\n<\/div>\n\t\t\t\t<\/div>\n\n\t\t\t\t\t\t\t\t\t<div class=\"qodef-button-wrapper qodef-call-to-action-column2 qodef-call-to-action-cell\" style =\"text-align: right ;\">\n\t\t\t\t\t\t<a itemprop=\"url\" href=\"https:\/\/epit.lt\/en\/kontaktai\/\" target=\"_self\" style=\"color: #ffffff;background-color: #51ae3e;border-color: #ffffff\" class=\"qodef-btn qodef-btn-medium qodef-btn-outline qodef-btn-custom-hover-bg qodef-btn-custom-border-hover qodef-btn-custom-hover-color\" data-hover-bg-color=\"#ffffff\" data-hover-color=\"#51ae3e\" data-hover-border-color=\"#ffffff\"  >    <span class=\"qodef-btn-text\">Contact Us<\/span>    <\/a>\t\t\t\t\t<\/div>\n\t\t\t\t\t\t\t<\/div>\n\t\t\t\t<\/div>\n\t\t\t<\/div>\n<div class=\"vc_empty_space  vc_custom_1677163669445\"   style=\"height: 32px\"><span class=\"vc_empty_space_inner\"><\/span><\/div><\/div><\/div><\/div><\/div><\/div>\n<\/section>","protected":false},"excerpt":{"rendered":"Autostogin\u0117s technin\u0117 charakteristika: Integruotas paneli\u0173 skai\u010dius\u00a0 15 vnt. ( 5,55 kWp) Gabaritinis stogin\u0117s plotis -\u00a0 5440 mm Gabaritinis stogin\u0117s ilgis -\u00a0 5289 mm Stogo nuolyd\u017eio kampas nuo 5\u00b0 Kolonos dydis 160 mm Standartinis auk\u0161tis iki galin\u0117s sijos nuo grunto -\u00a0 2594 mm Stogin\u0117s u\u017eimamas plotas...","protected":false},"author":2,"featured_media":0,"parent":7574,"menu_order":0,"comment_status":"closed","ping_status":"closed","template":"full-width.php","meta":{"footnotes":""},"_links":{"self":[{"href":"https:\/\/epit.lt\/en\/wp-json\/wp\/v2\/pages\/7644"}],"collection":[{"href":"https:\/\/epit.lt\/en\/wp-json\/wp\/v2\/pages"}],"about":[{"href":"https:\/\/epit.lt\/en\/wp-json\/wp\/v2\/types\/page"}],"author":[{"embeddable":true,"href":"https:\/\/epit.lt\/en\/wp-json\/wp\/v2\/users\/2"}],"replies":[{"embeddable":true,"href":"https:\/\/epit.lt\/en\/wp-json\/wp\/v2\/comments?post=7644"}],"version-history":[{"count":11,"href":"https:\/\/epit.lt\/en\/wp-json\/wp\/v2\/pages\/7644\/revisions"}],"predecessor-version":[{"id":8853,"href":"https:\/\/epit.lt\/en\/wp-json\/wp\/v2\/pages\/7644\/revisions\/8853"}],"up":[{"embeddable":true,"href":"https:\/\/epit.lt\/en\/wp-json\/wp\/v2\/pages\/7574"}],"wp:attachment":[{"href":"https:\/\/epit.lt\/en\/wp-json\/wp\/v2\/media?parent=7644"}],"curies":[{"name":"wp","href":"https:\/\/api.w.org\/{rel}","templated":true}]}}