{"id":7678,"date":"2023-11-22T08:10:41","date_gmt":"2023-11-22T08:10:41","guid":{"rendered":"https:\/\/epit.lt\/?page_id=7678"},"modified":"2023-11-29T07:29:39","modified_gmt":"2023-11-29T07:29:39","slug":"thtipo","status":"publish","type":"page","link":"https:\/\/epit.lt\/en\/gaminiai\/autostogine\/thtipo\/","title":{"rendered":"TH-type"},"content":{"rendered":"<section class=\"wpb-content-wrapper\"><div class=\"vc_row wpb_row vc_row-fluid qodef-section vc_custom_1484328690301 qodef-content-aligment-center qodef-grid-section\" style=\"\"><div class=\"clearfix qodef-section-inner\"><div class=\"qodef-section-inner-margin clearfix\"><div class=\"wpb_column vc_column_container vc_col-sm-12 vc_col-lg-offset-2 vc_col-lg-8 vc_col-md-offset-2 vc_col-md-8\"><div class=\"vc_column-inner\"><div class=\"wpb_wrapper\">\n\t<div class=\"wpb_text_column wpb_content_element\" >\n\t\t<div class=\"wpb_wrapper\">\n\t\t\t<h4>ePIT produces high quality, premium class carports and terrace sheds of various sizes and wattages with integrated solar panels.<\/h4>\n\n\t\t<\/div>\n\t<\/div>\n<div class=\"vc_empty_space\"   style=\"height: 30px\"><span class=\"vc_empty_space_inner\"><\/span><\/div><\/div><\/div><\/div><\/div><\/div><\/div><div class=\"vc_row wpb_row vc_row-fluid qodef-section vc_custom_1483641571119 qodef-content-aligment-center qodef-grid-section\" style=\"\"><div class=\"clearfix qodef-section-inner\"><div class=\"qodef-section-inner-margin clearfix\"><div class=\"wpb_column vc_column_container vc_col-sm-4\"><div class=\"vc_column-inner\"><div class=\"wpb_wrapper\">\n\t<div class=\"wpb_text_column wpb_content_element\" >\n\t\t<div class=\"wpb_wrapper\">\n\t\t\t<h3><a href=\"https:\/\/epit.lt\/en\/gaminiai\/autostogine\/thtipo\/solid12th\/\">SOLID 12 TH<\/a><\/h3>\n\n\t\t<\/div>\n\t<\/div>\n<div class=\"vc_empty_space\"   style=\"height: 25px\"><span class=\"vc_empty_space_inner\"><\/span><\/div>\n<div class=\"qodef-image-with-text\">\n\t<div class=\"qodef-image-with-text-image\">\n\n\t\t<img loading=\"lazy\" decoding=\"async\" width=\"1479\" height=\"802\" src=\"https:\/\/epit.lt\/wp-content\/uploads\/2023\/02\/12V_120-ePIT_roof.png\" class=\"attachment-full size-full\" alt=\"\" srcset=\"https:\/\/epit.lt\/wp-content\/uploads\/2023\/02\/12V_120-ePIT_roof.png 1479w, https:\/\/epit.lt\/wp-content\/uploads\/2023\/02\/12V_120-ePIT_roof-300x163.png 300w, https:\/\/epit.lt\/wp-content\/uploads\/2023\/02\/12V_120-ePIT_roof-1024x555.png 1024w, https:\/\/epit.lt\/wp-content\/uploads\/2023\/02\/12V_120-ePIT_roof-768x416.png 768w\" sizes=\"(max-width: 1479px) 100vw, 1479px\" \/>\n\t\t\t\t\t<a itemprop=\"url\" href=\"https:\/\/epit.lt\/en\/gaminiai\/autostogine\/thtipo\/solid12th\/\" target=\"_self\">\n\t\t\n\t\t<div class=\"qodef-image-with-text-holder\">\n\t\t\t<div class=\"qodef-image-with-text-overlay\">\n\t\t\t\t<div class=\"qodef-image-with-text-inner\">\n\t\t\t\t\t<div class=\"qodef-image-with-text-inner-holder\">\n\n\t\t\t\t\t\t\t\t\t\t\t\t\t<span class=\"qodef-image-with-text-subtitle\">Technical<\/span>\n\t\t\t\t\t\t\n\t\t\t\t\t\t\t\t\t\t\t\t\t<h3 class=\"qodef-image-with-text-title\">Data Sheet<\/h3>\n\t\t\t\t\t\t\n\t\t\t\t\t\t\t\t\t\t\t\t\t<div class=\"qodef-image-with-text-icon\"><\/div>\n\t\t\t\t\t\t\n\t\t\t\t\t<\/div>\n\t\t\t\t<\/div>\n\t\t\t<\/div>\n\t\t<\/div>\n\n\t\t\t\t\t<\/a>\n\t\t\n\t<\/div>\n<\/div><\/div><\/div><\/div><div class=\"wpb_column vc_column_container vc_col-sm-4\"><div class=\"vc_column-inner\"><div class=\"wpb_wrapper\">\n\t<div class=\"wpb_text_column wpb_content_element\" >\n\t\t<div class=\"wpb_wrapper\">\n\t\t\t<h3><a href=\"https:\/\/epit.lt\/en\/gaminiai\/autostogine\/thtipo\/solid15th\/\">SOLID 15 TH<\/a><\/h3>\n\n\t\t<\/div>\n\t<\/div>\n<div class=\"vc_empty_space\"   style=\"height: 25px\"><span class=\"vc_empty_space_inner\"><\/span><\/div>\n<div class=\"qodef-image-with-text\">\n\t<div class=\"qodef-image-with-text-image\">\n\n\t\t<img loading=\"lazy\" decoding=\"async\" width=\"1609\" height=\"814\" src=\"https:\/\/epit.lt\/wp-content\/uploads\/2023\/02\/15V_120-ePIT_roof.png\" class=\"attachment-full size-full\" alt=\"\" srcset=\"https:\/\/epit.lt\/wp-content\/uploads\/2023\/02\/15V_120-ePIT_roof.png 1609w, https:\/\/epit.lt\/wp-content\/uploads\/2023\/02\/15V_120-ePIT_roof-300x152.png 300w, https:\/\/epit.lt\/wp-content\/uploads\/2023\/02\/15V_120-ePIT_roof-1024x518.png 1024w, https:\/\/epit.lt\/wp-content\/uploads\/2023\/02\/15V_120-ePIT_roof-768x389.png 768w, https:\/\/epit.lt\/wp-content\/uploads\/2023\/02\/15V_120-ePIT_roof-1536x777.png 1536w\" sizes=\"(max-width: 1609px) 100vw, 1609px\" \/>\n\t\t\t\t\t<a itemprop=\"url\" href=\"https:\/\/epit.lt\/en\/gaminiai\/autostogine\/thtipo\/solid15th\/\" target=\"_self\">\n\t\t\n\t\t<div class=\"qodef-image-with-text-holder\">\n\t\t\t<div class=\"qodef-image-with-text-overlay\">\n\t\t\t\t<div class=\"qodef-image-with-text-inner\">\n\t\t\t\t\t<div class=\"qodef-image-with-text-inner-holder\">\n\n\t\t\t\t\t\t\t\t\t\t\t\t\t<span class=\"qodef-image-with-text-subtitle\">Technical<\/span>\n\t\t\t\t\t\t\n\t\t\t\t\t\t\t\t\t\t\t\t\t<h3 class=\"qodef-image-with-text-title\">Data Sheet<\/h3>\n\t\t\t\t\t\t\n\t\t\t\t\t\t\t\t\t\t\t\t\t<div class=\"qodef-image-with-text-icon\"><\/div>\n\t\t\t\t\t\t\n\t\t\t\t\t<\/div>\n\t\t\t\t<\/div>\n\t\t\t<\/div>\n\t\t<\/div>\n\n\t\t\t\t\t<\/a>\n\t\t\n\t<\/div>\n<\/div><\/div><\/div><\/div><div class=\"wpb_column vc_column_container vc_col-sm-4\"><div class=\"vc_column-inner\"><div class=\"wpb_wrapper\">\n\t<div class=\"wpb_text_column wpb_content_element\" >\n\t\t<div class=\"wpb_wrapper\">\n\t\t\t<h3><a href=\"https:\/\/epit.lt\/en\/gaminiai\/autostogine\/thtipo\/solid18th\/\">SOLID 18 TH<\/a><\/h3>\n\n\t\t<\/div>\n\t<\/div>\n<div class=\"vc_empty_space\"   style=\"height: 25px\"><span class=\"vc_empty_space_inner\"><\/span><\/div>\n<div class=\"qodef-image-with-text\">\n\t<div class=\"qodef-image-with-text-image\">\n\n\t\t<img loading=\"lazy\" decoding=\"async\" width=\"1564\" height=\"799\" src=\"https:\/\/epit.lt\/wp-content\/uploads\/2023\/02\/16V_160-ePIT_roof.png\" class=\"attachment-full size-full\" alt=\"\" srcset=\"https:\/\/epit.lt\/wp-content\/uploads\/2023\/02\/16V_160-ePIT_roof.png 1564w, https:\/\/epit.lt\/wp-content\/uploads\/2023\/02\/16V_160-ePIT_roof-300x153.png 300w, https:\/\/epit.lt\/wp-content\/uploads\/2023\/02\/16V_160-ePIT_roof-1024x523.png 1024w, https:\/\/epit.lt\/wp-content\/uploads\/2023\/02\/16V_160-ePIT_roof-768x392.png 768w, https:\/\/epit.lt\/wp-content\/uploads\/2023\/02\/16V_160-ePIT_roof-1536x785.png 1536w\" sizes=\"(max-width: 1564px) 100vw, 1564px\" \/>\n\t\t\t\t\t<a itemprop=\"url\" href=\"https:\/\/epit.lt\/en\/gaminiai\/autostogine\/thtipo\/solid18th\/\" target=\"_self\">\n\t\t\n\t\t<div class=\"qodef-image-with-text-holder\">\n\t\t\t<div class=\"qodef-image-with-text-overlay\">\n\t\t\t\t<div class=\"qodef-image-with-text-inner\">\n\t\t\t\t\t<div class=\"qodef-image-with-text-inner-holder\">\n\n\t\t\t\t\t\t\t\t\t\t\t\t\t<span class=\"qodef-image-with-text-subtitle\">Technical<\/span>\n\t\t\t\t\t\t\n\t\t\t\t\t\t\t\t\t\t\t\t\t<h3 class=\"qodef-image-with-text-title\">Data Sheet<\/h3>\n\t\t\t\t\t\t\n\t\t\t\t\t\t\t\t\t\t\t\t\t<div class=\"qodef-image-with-text-icon\"><\/div>\n\t\t\t\t\t\t\n\t\t\t\t\t<\/div>\n\t\t\t\t<\/div>\n\t\t\t<\/div>\n\t\t<\/div>\n\n\t\t\t\t\t<\/a>\n\t\t\n\t<\/div>\n<\/div><\/div><\/div><\/div><\/div><\/div><\/div>\n<\/section>","protected":false},"excerpt":{"rendered":"ePIT gamina \u012fvairaus dyd\u017eio ir galios, auk\u0161\u010diausios kokyb\u0117s, premium klas\u0117s autostogines ir teras\u0173 stogines su integruotomis saul\u0117s elektrin\u0117mis. SOLID 12 TH Technin\u0117 Specifikacija SOLID 15 TH Technin\u0117 Specifikacija SOLID 18 TH Technin\u0117 Specifikacija","protected":false},"author":2,"featured_media":0,"parent":7200,"menu_order":0,"comment_status":"closed","ping_status":"closed","template":"full-width.php","meta":{"footnotes":""},"_links":{"self":[{"href":"https:\/\/epit.lt\/en\/wp-json\/wp\/v2\/pages\/7678"}],"collection":[{"href":"https:\/\/epit.lt\/en\/wp-json\/wp\/v2\/pages"}],"about":[{"href":"https:\/\/epit.lt\/en\/wp-json\/wp\/v2\/types\/page"}],"author":[{"embeddable":true,"href":"https:\/\/epit.lt\/en\/wp-json\/wp\/v2\/users\/2"}],"replies":[{"embeddable":true,"href":"https:\/\/epit.lt\/en\/wp-json\/wp\/v2\/comments?post=7678"}],"version-history":[{"count":4,"href":"https:\/\/epit.lt\/en\/wp-json\/wp\/v2\/pages\/7678\/revisions"}],"predecessor-version":[{"id":7945,"href":"https:\/\/epit.lt\/en\/wp-json\/wp\/v2\/pages\/7678\/revisions\/7945"}],"up":[{"embeddable":true,"href":"https:\/\/epit.lt\/en\/wp-json\/wp\/v2\/pages\/7200"}],"wp:attachment":[{"href":"https:\/\/epit.lt\/en\/wp-json\/wp\/v2\/media?parent=7678"}],"curies":[{"name":"wp","href":"https:\/\/api.w.org\/{rel}","templated":true}]}}