{"id":7762,"date":"2023-11-23T09:15:35","date_gmt":"2023-11-23T09:15:35","guid":{"rendered":"https:\/\/epit.lt\/?page_id=7762"},"modified":"2024-06-17T11:50:17","modified_gmt":"2024-06-17T11:50:17","slug":"gl","status":"publish","type":"page","link":"https:\/\/epit.lt\/en\/gaminiai\/terasustogines\/gl\/","title":{"rendered":"Glulam timber shed"},"content":{"rendered":"<section class=\"wpb-content-wrapper\"><div class=\"vc_row wpb_row vc_row-fluid qodef-section vc_custom_1484328690301 qodef-content-aligment-center qodef-grid-section\" style=\"\"><div class=\"clearfix qodef-section-inner\"><div class=\"qodef-section-inner-margin clearfix\"><div class=\"wpb_column vc_column_container vc_col-sm-12 vc_col-lg-offset-2 vc_col-lg-8 vc_col-md-offset-2 vc_col-md-8\"><div class=\"vc_column-inner\"><div class=\"wpb_wrapper\">\n\t<div class=\"wpb_text_column wpb_content_element\" >\n\t\t<div class=\"wpb_wrapper\">\n\t\t\t<h4>ePIT produces high quality, premium class carports and terrace sheds of various sizes and wattages with integrated solar panels.<\/h4>\n\n\t\t<\/div>\n\t<\/div>\n<div class=\"vc_empty_space\"   style=\"height: 30px\"><span class=\"vc_empty_space_inner\"><\/span><\/div><\/div><\/div><\/div><\/div><\/div><\/div><div class=\"vc_row wpb_row vc_row-fluid qodef-section vc_custom_1483641571119 qodef-content-aligment-center qodef-grid-section\" style=\"\"><div class=\"clearfix qodef-section-inner\"><div class=\"qodef-section-inner-margin clearfix\"><div class=\"wpb_column vc_column_container vc_col-sm-4\"><div class=\"vc_column-inner\"><div class=\"wpb_wrapper\">\n\t<div class=\"wpb_text_column wpb_content_element\" >\n\t\t<div class=\"wpb_wrapper\">\n\t\t\t<h3><a href=\"https:\/\/epit.lt\/en\/gaminiai\/terasustogines\/gl\/3-3\/\">Double row panel sheds<\/a><\/h3>\n\n\t\t<\/div>\n\t<\/div>\n<div class=\"vc_empty_space\"   style=\"height: 25px\"><span class=\"vc_empty_space_inner\"><\/span><\/div>\n<div class=\"qodef-image-with-text\">\n\t<div class=\"qodef-image-with-text-image\">\n\n\t\t<img loading=\"lazy\" decoding=\"async\" width=\"2560\" height=\"1601\" src=\"https:\/\/epit.lt\/wp-content\/uploads\/2023\/11\/8TH2-120-TOP-scaled.jpg\" class=\"attachment-full size-full\" alt=\"\" srcset=\"https:\/\/epit.lt\/wp-content\/uploads\/2023\/11\/8TH2-120-TOP-scaled.jpg 2560w, https:\/\/epit.lt\/wp-content\/uploads\/2023\/11\/8TH2-120-TOP-300x188.jpg 300w, https:\/\/epit.lt\/wp-content\/uploads\/2023\/11\/8TH2-120-TOP-1024x640.jpg 1024w, https:\/\/epit.lt\/wp-content\/uploads\/2023\/11\/8TH2-120-TOP-768x480.jpg 768w, https:\/\/epit.lt\/wp-content\/uploads\/2023\/11\/8TH2-120-TOP-1536x961.jpg 1536w\" sizes=\"(max-width: 2560px) 100vw, 2560px\" \/>\n\t\t\t\t\t<a itemprop=\"url\" href=\"https:\/\/epit.lt\/en\/gaminiai\/terasustogines\/gl\/3-3\/\" target=\"_self\">\n\t\t\n\t\t<div class=\"qodef-image-with-text-holder\">\n\t\t\t<div class=\"qodef-image-with-text-overlay\">\n\t\t\t\t<div class=\"qodef-image-with-text-inner\">\n\t\t\t\t\t<div class=\"qodef-image-with-text-inner-holder\">\n\n\t\t\t\t\t\t\t\t\t\t\t\t\t<span class=\"qodef-image-with-text-subtitle\">Technical<\/span>\n\t\t\t\t\t\t\n\t\t\t\t\t\t\t\t\t\t\t\t\t<h3 class=\"qodef-image-with-text-title\">Data Sheet<\/h3>\n\t\t\t\t\t\t\n\t\t\t\t\t\t\t\t\t\t\t\t\t<div class=\"qodef-image-with-text-icon\"><\/div>\n\t\t\t\t\t\t\n\t\t\t\t\t<\/div>\n\t\t\t\t<\/div>\n\t\t\t<\/div>\n\t\t<\/div>\n\n\t\t\t\t\t<\/a>\n\t\t\n\t<\/div>\n<\/div><\/div><\/div><\/div><div class=\"wpb_column vc_column_container vc_col-sm-4 vc_hidden-lg vc_hidden-md vc_hidden-sm vc_hidden-xs\"><div class=\"vc_column-inner\"><div class=\"wpb_wrapper\">\n\t<div class=\"wpb_text_column wpb_content_element\" >\n\t\t<div class=\"wpb_wrapper\">\n\t\t\t<h3><a href=\"https:\/\/epit.lt\/en\/?page_id=8001\/\">Triple row panel sheds<\/a><\/h3>\n\n\t\t<\/div>\n\t<\/div>\n<div class=\"vc_empty_space\"   style=\"height: 25px\"><span class=\"vc_empty_space_inner\"><\/span><\/div>\n<div class=\"qodef-image-with-text\">\n\t<div class=\"qodef-image-with-text-image\">\n\n\t\t\n\t\t\n\t\t<div class=\"qodef-image-with-text-holder\">\n\t\t\t<div class=\"qodef-image-with-text-overlay\">\n\t\t\t\t<div class=\"qodef-image-with-text-inner\">\n\t\t\t\t\t<div class=\"qodef-image-with-text-inner-holder\">\n\n\t\t\t\t\t\t\t\t\t\t\t\t\t<span class=\"qodef-image-with-text-subtitle\">Technical<\/span>\n\t\t\t\t\t\t\n\t\t\t\t\t\t\t\t\t\t\t\t\t<h3 class=\"qodef-image-with-text-title\">Data Sheet<\/h3>\n\t\t\t\t\t\t\n\t\t\t\t\t\t\n\t\t\t\t\t<\/div>\n\t\t\t\t<\/div>\n\t\t\t<\/div>\n\t\t<\/div>\n\n\t\t\n\t<\/div>\n<\/div><\/div><\/div><\/div><\/div><\/div><\/div>\n<\/section>","protected":false},"excerpt":{"rendered":"ePIT gamina \u012fvairaus dyd\u017eio ir galios, auk\u0161\u010diausios kokyb\u0117s, premium klas\u0117s autostogines ir teras\u0173 stogines su integruotomis saul\u0117s elektrin\u0117mis. Dviej\u0173 eili\u0173 paneli\u0173 stogin\u0117s Technin\u0117 Specifikacija Trij\u0173 eili\u0173 paneli\u0173 stogin\u0117s Technin\u0117 Specifikacija","protected":false},"author":2,"featured_media":0,"parent":7193,"menu_order":0,"comment_status":"closed","ping_status":"closed","template":"full-width.php","meta":{"footnotes":""},"_links":{"self":[{"href":"https:\/\/epit.lt\/en\/wp-json\/wp\/v2\/pages\/7762"}],"collection":[{"href":"https:\/\/epit.lt\/en\/wp-json\/wp\/v2\/pages"}],"about":[{"href":"https:\/\/epit.lt\/en\/wp-json\/wp\/v2\/types\/page"}],"author":[{"embeddable":true,"href":"https:\/\/epit.lt\/en\/wp-json\/wp\/v2\/users\/2"}],"replies":[{"embeddable":true,"href":"https:\/\/epit.lt\/en\/wp-json\/wp\/v2\/comments?post=7762"}],"version-history":[{"count":7,"href":"https:\/\/epit.lt\/en\/wp-json\/wp\/v2\/pages\/7762\/revisions"}],"predecessor-version":[{"id":8802,"href":"https:\/\/epit.lt\/en\/wp-json\/wp\/v2\/pages\/7762\/revisions\/8802"}],"up":[{"embeddable":true,"href":"https:\/\/epit.lt\/en\/wp-json\/wp\/v2\/pages\/7193"}],"wp:attachment":[{"href":"https:\/\/epit.lt\/en\/wp-json\/wp\/v2\/media?parent=7762"}],"curies":[{"name":"wp","href":"https:\/\/api.w.org\/{rel}","templated":true}]}}