{"id":7830,"date":"2023-11-28T08:52:07","date_gmt":"2023-11-28T08:52:07","guid":{"rendered":"https:\/\/epit.lt\/?page_id=7830"},"modified":"2023-12-05T12:02:05","modified_gmt":"2023-12-05T12:02:05","slug":"2-2","status":"publish","type":"page","link":"https:\/\/epit.lt\/en\/gaminiai\/terasustogines\/alu\/2-2\/","title":{"rendered":"Double row panel sheds"},"content":{"rendered":"<section class=\"wpb-content-wrapper\"><div class=\"vc_row wpb_row vc_row-fluid qodef-section vc_custom_1484328690301 qodef-content-aligment-center qodef-grid-section\" style=\"\"><div class=\"clearfix qodef-section-inner\"><div class=\"qodef-section-inner-margin clearfix\"><div class=\"wpb_column vc_column_container vc_col-sm-12 vc_col-lg-offset-2 vc_col-lg-8 vc_col-md-offset-2 vc_col-md-8\"><div class=\"vc_column-inner\"><div class=\"wpb_wrapper\">\n\t<div class=\"wpb_text_column wpb_content_element\" >\n\t\t<div class=\"wpb_wrapper\">\n\t\t\t<h4>ePIT produces high quality, premium class carports and terrace sheds of various sizes and wattages with integrated solar panels.<\/h4>\n\n\t\t<\/div>\n\t<\/div>\n<div class=\"vc_empty_space\"   style=\"height: 30px\"><span class=\"vc_empty_space_inner\"><\/span><\/div><\/div><\/div><\/div><\/div><\/div><\/div><div class=\"vc_row wpb_row vc_row-fluid qodef-section vc_custom_1483641571119 qodef-content-aligment-center qodef-grid-section\" style=\"\"><div class=\"clearfix qodef-section-inner\"><div class=\"qodef-section-inner-margin clearfix\"><div class=\"wpb_column vc_column_container vc_col-sm-4\"><div class=\"vc_column-inner\"><div class=\"wpb_wrapper\">\n\t<div class=\"wpb_text_column wpb_content_element\" >\n\t\t<div class=\"wpb_wrapper\">\n\t\t\t<h3><a href=\"https:\/\/epit.lt\/en\/gaminiai\/terasustogines\/alu\/2-2\/solidepit6th2\/\">SOLID ePIT ALU 6TH2<\/a><\/h3>\n\n\t\t<\/div>\n\t<\/div>\n<div class=\"vc_empty_space\"   style=\"height: 25px\"><span class=\"vc_empty_space_inner\"><\/span><\/div>\n<div class=\"qodef-image-with-text\">\n\t<div class=\"qodef-image-with-text-image\">\n\n\t\t<img loading=\"lazy\" decoding=\"async\" width=\"720\" height=\"480\" src=\"https:\/\/epit.lt\/wp-content\/uploads\/2023\/12\/6TH2-Small.jpg\" class=\"attachment-full size-full\" alt=\"\" srcset=\"https:\/\/epit.lt\/wp-content\/uploads\/2023\/12\/6TH2-Small.jpg 720w, https:\/\/epit.lt\/wp-content\/uploads\/2023\/12\/6TH2-Small-300x200.jpg 300w\" sizes=\"(max-width: 720px) 100vw, 720px\" \/>\n\t\t\t\t\t<a itemprop=\"url\" href=\"https:\/\/epit.lt\/en\/gaminiai\/terasustogines\/alu\/2-2\/solidepit6th2\/\" target=\"_self\">\n\t\t\n\t\t<div class=\"qodef-image-with-text-holder\">\n\t\t\t<div class=\"qodef-image-with-text-overlay\">\n\t\t\t\t<div class=\"qodef-image-with-text-inner\">\n\t\t\t\t\t<div class=\"qodef-image-with-text-inner-holder\">\n\n\t\t\t\t\t\t\t\t\t\t\t\t\t<span class=\"qodef-image-with-text-subtitle\">Technical<\/span>\n\t\t\t\t\t\t\n\t\t\t\t\t\t\t\t\t\t\t\t\t<h3 class=\"qodef-image-with-text-title\">Data Sheet<\/h3>\n\t\t\t\t\t\t\n\t\t\t\t\t\t\t\t\t\t\t\t\t<div class=\"qodef-image-with-text-icon\"><\/div>\n\t\t\t\t\t\t\n\t\t\t\t\t<\/div>\n\t\t\t\t<\/div>\n\t\t\t<\/div>\n\t\t<\/div>\n\n\t\t\t\t\t<\/a>\n\t\t\n\t<\/div>\n<\/div><\/div><\/div><\/div><div class=\"wpb_column vc_column_container vc_col-sm-4\"><div class=\"vc_column-inner\"><div class=\"wpb_wrapper\">\n\t<div class=\"wpb_text_column wpb_content_element\" >\n\t\t<div class=\"wpb_wrapper\">\n\t\t\t<h3><a href=\"https:\/\/epit.lt\/en\/gaminiai\/terasustogines\/alu\/2-2\/solidepit8th2\/\">SOLID ePIT ALU 8TH2<\/a><\/h3>\n\n\t\t<\/div>\n\t<\/div>\n<div class=\"vc_empty_space\"   style=\"height: 25px\"><span class=\"vc_empty_space_inner\"><\/span><\/div>\n<div class=\"qodef-image-with-text\">\n\t<div class=\"qodef-image-with-text-image\">\n\n\t\t<img loading=\"lazy\" decoding=\"async\" width=\"720\" height=\"480\" src=\"https:\/\/epit.lt\/wp-content\/uploads\/2023\/12\/8TH2-Small.jpg\" class=\"attachment-full size-full\" alt=\"\" srcset=\"https:\/\/epit.lt\/wp-content\/uploads\/2023\/12\/8TH2-Small.jpg 720w, https:\/\/epit.lt\/wp-content\/uploads\/2023\/12\/8TH2-Small-300x200.jpg 300w\" sizes=\"(max-width: 720px) 100vw, 720px\" \/>\n\t\t\t\t\t<a itemprop=\"url\" href=\"https:\/\/epit.lt\/en\/gaminiai\/terasustogines\/alu\/2-2\/solidepit8th2\/\" target=\"_self\">\n\t\t\n\t\t<div class=\"qodef-image-with-text-holder\">\n\t\t\t<div class=\"qodef-image-with-text-overlay\">\n\t\t\t\t<div class=\"qodef-image-with-text-inner\">\n\t\t\t\t\t<div class=\"qodef-image-with-text-inner-holder\">\n\n\t\t\t\t\t\t\t\t\t\t\t\t\t<span class=\"qodef-image-with-text-subtitle\">Technical<\/span>\n\t\t\t\t\t\t\n\t\t\t\t\t\t\t\t\t\t\t\t\t<h3 class=\"qodef-image-with-text-title\">Data Sheet<\/h3>\n\t\t\t\t\t\t\n\t\t\t\t\t\t\t\t\t\t\t\t\t<div class=\"qodef-image-with-text-icon\"><\/div>\n\t\t\t\t\t\t\n\t\t\t\t\t<\/div>\n\t\t\t\t<\/div>\n\t\t\t<\/div>\n\t\t<\/div>\n\n\t\t\t\t\t<\/a>\n\t\t\n\t<\/div>\n<\/div><\/div><\/div><\/div><div class=\"wpb_column vc_column_container vc_col-sm-4\"><div class=\"vc_column-inner\"><div class=\"wpb_wrapper\">\n\t<div class=\"wpb_text_column wpb_content_element\" >\n\t\t<div class=\"wpb_wrapper\">\n\t\t\t<h3><a href=\"https:\/\/epit.lt\/en\/gaminiai\/terasustogines\/alu\/2-2\/solidepit10th2\/\">SOLID ePIT ALU 10TH2<\/a><\/h3>\n\n\t\t<\/div>\n\t<\/div>\n<div class=\"vc_empty_space\"   style=\"height: 25px\"><span class=\"vc_empty_space_inner\"><\/span><\/div>\n<div class=\"qodef-image-with-text\">\n\t<div class=\"qodef-image-with-text-image\">\n\n\t\t<img loading=\"lazy\" decoding=\"async\" width=\"720\" height=\"480\" src=\"https:\/\/epit.lt\/wp-content\/uploads\/2023\/12\/12TH2-Small.jpg\" class=\"attachment-full size-full\" alt=\"\" srcset=\"https:\/\/epit.lt\/wp-content\/uploads\/2023\/12\/12TH2-Small.jpg 720w, https:\/\/epit.lt\/wp-content\/uploads\/2023\/12\/12TH2-Small-300x200.jpg 300w\" sizes=\"(max-width: 720px) 100vw, 720px\" \/>\n\t\t\t\t\t<a itemprop=\"url\" href=\"https:\/\/epit.lt\/en\/gaminiai\/terasustogines\/alu\/2-2\/solidepit10th2\/\" target=\"_self\">\n\t\t\n\t\t<div class=\"qodef-image-with-text-holder\">\n\t\t\t<div class=\"qodef-image-with-text-overlay\">\n\t\t\t\t<div class=\"qodef-image-with-text-inner\">\n\t\t\t\t\t<div class=\"qodef-image-with-text-inner-holder\">\n\n\t\t\t\t\t\t\t\t\t\t\t\t\t<span class=\"qodef-image-with-text-subtitle\">Technical<\/span>\n\t\t\t\t\t\t\n\t\t\t\t\t\t\t\t\t\t\t\t\t<h3 class=\"qodef-image-with-text-title\">Data Sheet<\/h3>\n\t\t\t\t\t\t\n\t\t\t\t\t\t\t\t\t\t\t\t\t<div class=\"qodef-image-with-text-icon\"><\/div>\n\t\t\t\t\t\t\n\t\t\t\t\t<\/div>\n\t\t\t\t<\/div>\n\t\t\t<\/div>\n\t\t<\/div>\n\n\t\t\t\t\t<\/a>\n\t\t\n\t<\/div>\n<\/div><\/div><\/div><\/div><\/div><\/div><\/div><div class=\"vc_row wpb_row vc_row-fluid qodef-section vc_custom_1483641571119 qodef-content-aligment-center qodef-grid-section\" style=\"\"><div class=\"clearfix qodef-section-inner\"><div class=\"qodef-section-inner-margin clearfix\"><div class=\"wpb_column vc_column_container vc_col-sm-4\"><div class=\"vc_column-inner\"><div class=\"wpb_wrapper\">\n\t<div class=\"wpb_text_column wpb_content_element\" >\n\t\t<div class=\"wpb_wrapper\">\n\t\t\t<h3><a href=\"https:\/\/epit.lt\/en\/gaminiai\/terasustogines\/alu\/2-2\/solidepit12th2\/\">SOLID ePIT ALU 12TH2<\/a><\/h3>\n\n\t\t<\/div>\n\t<\/div>\n<div class=\"vc_empty_space\"   style=\"height: 25px\"><span class=\"vc_empty_space_inner\"><\/span><\/div>\n<div class=\"qodef-image-with-text\">\n\t<div class=\"qodef-image-with-text-image\">\n\n\t\t<img loading=\"lazy\" decoding=\"async\" width=\"1200\" height=\"800\" src=\"https:\/\/epit.lt\/wp-content\/uploads\/2023\/11\/12TH2.jpg\" class=\"attachment-full size-full\" alt=\"\" srcset=\"https:\/\/epit.lt\/wp-content\/uploads\/2023\/11\/12TH2.jpg 1200w, https:\/\/epit.lt\/wp-content\/uploads\/2023\/11\/12TH2-300x200.jpg 300w, https:\/\/epit.lt\/wp-content\/uploads\/2023\/11\/12TH2-1024x683.jpg 1024w, https:\/\/epit.lt\/wp-content\/uploads\/2023\/11\/12TH2-768x512.jpg 768w\" sizes=\"(max-width: 1200px) 100vw, 1200px\" \/>\n\t\t\t\t\t<a itemprop=\"url\" href=\"https:\/\/epit.lt\/en\/gaminiai\/terasustogines\/alu\/2-2\/solidepit12th2\/\" target=\"_self\">\n\t\t\n\t\t<div class=\"qodef-image-with-text-holder\">\n\t\t\t<div class=\"qodef-image-with-text-overlay\">\n\t\t\t\t<div class=\"qodef-image-with-text-inner\">\n\t\t\t\t\t<div class=\"qodef-image-with-text-inner-holder\">\n\n\t\t\t\t\t\t\t\t\t\t\t\t\t<span class=\"qodef-image-with-text-subtitle\">Technical<\/span>\n\t\t\t\t\t\t\n\t\t\t\t\t\t\t\t\t\t\t\t\t<h3 class=\"qodef-image-with-text-title\">Data Sheet<\/h3>\n\t\t\t\t\t\t\n\t\t\t\t\t\t\t\t\t\t\t\t\t<div class=\"qodef-image-with-text-icon\"><\/div>\n\t\t\t\t\t\t\n\t\t\t\t\t<\/div>\n\t\t\t\t<\/div>\n\t\t\t<\/div>\n\t\t<\/div>\n\n\t\t\t\t\t<\/a>\n\t\t\n\t<\/div>\n<\/div><\/div><\/div><\/div><div class=\"wpb_column vc_column_container vc_col-sm-4\"><div class=\"vc_column-inner\"><div class=\"wpb_wrapper\">\n\t<div class=\"wpb_text_column wpb_content_element\" >\n\t\t<div class=\"wpb_wrapper\">\n\t\t\t<h3><a href=\"https:\/\/epit.lt\/en\/gaminiai\/terasustogines\/alu\/2-2\/solidepit14th2\/\">SOLID ePIT ALU 14TH2<\/a><\/h3>\n\n\t\t<\/div>\n\t<\/div>\n<div class=\"vc_empty_space\"   style=\"height: 25px\"><span class=\"vc_empty_space_inner\"><\/span><\/div>\n<div class=\"qodef-image-with-text\">\n\t<div class=\"qodef-image-with-text-image\">\n\n\t\t<img loading=\"lazy\" decoding=\"async\" width=\"720\" height=\"480\" src=\"https:\/\/epit.lt\/wp-content\/uploads\/2023\/12\/14TH2-Small.jpg\" class=\"attachment-full size-full\" alt=\"\" srcset=\"https:\/\/epit.lt\/wp-content\/uploads\/2023\/12\/14TH2-Small.jpg 720w, https:\/\/epit.lt\/wp-content\/uploads\/2023\/12\/14TH2-Small-300x200.jpg 300w\" sizes=\"(max-width: 720px) 100vw, 720px\" \/>\n\t\t\t\t\t<a itemprop=\"url\" href=\"https:\/\/epit.lt\/en\/gaminiai\/terasustogines\/alu\/2-2\/solidepit14th2\/\" target=\"_self\">\n\t\t\n\t\t<div class=\"qodef-image-with-text-holder\">\n\t\t\t<div class=\"qodef-image-with-text-overlay\">\n\t\t\t\t<div class=\"qodef-image-with-text-inner\">\n\t\t\t\t\t<div class=\"qodef-image-with-text-inner-holder\">\n\n\t\t\t\t\t\t\t\t\t\t\t\t\t<span class=\"qodef-image-with-text-subtitle\">Technical<\/span>\n\t\t\t\t\t\t\n\t\t\t\t\t\t\t\t\t\t\t\t\t<h3 class=\"qodef-image-with-text-title\">Data Sheet<\/h3>\n\t\t\t\t\t\t\n\t\t\t\t\t\t\t\t\t\t\t\t\t<div class=\"qodef-image-with-text-icon\"><\/div>\n\t\t\t\t\t\t\n\t\t\t\t\t<\/div>\n\t\t\t\t<\/div>\n\t\t\t<\/div>\n\t\t<\/div>\n\n\t\t\t\t\t<\/a>\n\t\t\n\t<\/div>\n<\/div><\/div><\/div><\/div><div class=\"wpb_column vc_column_container vc_col-sm-4\"><div class=\"vc_column-inner\"><div class=\"wpb_wrapper\">\n\t<div class=\"wpb_text_column wpb_content_element\" >\n\t\t<div class=\"wpb_wrapper\">\n\t\t\t<h3><a href=\"https:\/\/epit.lt\/en\/gaminiai\/terasustogines\/alu\/2-2\/solidepit16th2\/\">SOLID ePIT ALU 16TH2<\/a><\/h3>\n\n\t\t<\/div>\n\t<\/div>\n<div class=\"vc_empty_space\"   style=\"height: 25px\"><span class=\"vc_empty_space_inner\"><\/span><\/div>\n<div class=\"qodef-image-with-text\">\n\t<div class=\"qodef-image-with-text-image\">\n\n\t\t<img loading=\"lazy\" decoding=\"async\" width=\"720\" height=\"480\" src=\"https:\/\/epit.lt\/wp-content\/uploads\/2023\/12\/16TH2-Small.jpg\" class=\"attachment-full size-full\" alt=\"\" srcset=\"https:\/\/epit.lt\/wp-content\/uploads\/2023\/12\/16TH2-Small.jpg 720w, https:\/\/epit.lt\/wp-content\/uploads\/2023\/12\/16TH2-Small-300x200.jpg 300w\" sizes=\"(max-width: 720px) 100vw, 720px\" \/>\n\t\t\t\t\t<a itemprop=\"url\" href=\"https:\/\/epit.lt\/en\/gaminiai\/terasustogines\/alu\/2-2\/solidepit16th2\/\" target=\"_self\">\n\t\t\n\t\t<div class=\"qodef-image-with-text-holder\">\n\t\t\t<div class=\"qodef-image-with-text-overlay\">\n\t\t\t\t<div class=\"qodef-image-with-text-inner\">\n\t\t\t\t\t<div class=\"qodef-image-with-text-inner-holder\">\n\n\t\t\t\t\t\t\t\t\t\t\t\t\t<span class=\"qodef-image-with-text-subtitle\">Technical<\/span>\n\t\t\t\t\t\t\n\t\t\t\t\t\t\t\t\t\t\t\t\t<h3 class=\"qodef-image-with-text-title\">Data Sheet<\/h3>\n\t\t\t\t\t\t\n\t\t\t\t\t\t\t\t\t\t\t\t\t<div class=\"qodef-image-with-text-icon\"><\/div>\n\t\t\t\t\t\t\n\t\t\t\t\t<\/div>\n\t\t\t\t<\/div>\n\t\t\t<\/div>\n\t\t<\/div>\n\n\t\t\t\t\t<\/a>\n\t\t\n\t<\/div>\n<\/div><\/div><\/div><\/div><\/div><\/div><\/div><div class=\"vc_row wpb_row vc_row-fluid qodef-section vc_custom_1483641571119 qodef-content-aligment-center qodef-grid-section\" style=\"\"><div class=\"clearfix qodef-section-inner\"><div class=\"qodef-section-inner-margin clearfix\"><div class=\"wpb_column vc_column_container vc_col-sm-4\"><div class=\"vc_column-inner\"><div class=\"wpb_wrapper\">\n\t<div class=\"wpb_text_column wpb_content_element\" >\n\t\t<div class=\"wpb_wrapper\">\n\t\t\t<h3><a href=\"https:\/\/epit.lt\/en\/gaminiai\/terasustogines\/alu\/2-2\/solidepit18th2\/\">SOLID ePIT ALU 18TH2<\/a><\/h3>\n\n\t\t<\/div>\n\t<\/div>\n<div class=\"vc_empty_space\"   style=\"height: 25px\"><span class=\"vc_empty_space_inner\"><\/span><\/div>\n<div class=\"qodef-image-with-text\">\n\t<div class=\"qodef-image-with-text-image\">\n\n\t\t<img loading=\"lazy\" decoding=\"async\" width=\"720\" height=\"480\" src=\"https:\/\/epit.lt\/wp-content\/uploads\/2023\/12\/18TH2-Small.jpg\" class=\"attachment-full size-full\" alt=\"\" srcset=\"https:\/\/epit.lt\/wp-content\/uploads\/2023\/12\/18TH2-Small.jpg 720w, https:\/\/epit.lt\/wp-content\/uploads\/2023\/12\/18TH2-Small-300x200.jpg 300w\" sizes=\"(max-width: 720px) 100vw, 720px\" \/>\n\t\t\t\t\t<a itemprop=\"url\" href=\"https:\/\/epit.lt\/en\/gaminiai\/terasustogines\/alu\/2-2\/solidepit18th2\/\" target=\"_self\">\n\t\t\n\t\t<div class=\"qodef-image-with-text-holder\">\n\t\t\t<div class=\"qodef-image-with-text-overlay\">\n\t\t\t\t<div class=\"qodef-image-with-text-inner\">\n\t\t\t\t\t<div class=\"qodef-image-with-text-inner-holder\">\n\n\t\t\t\t\t\t\t\t\t\t\t\t\t<span class=\"qodef-image-with-text-subtitle\">Technical<\/span>\n\t\t\t\t\t\t\n\t\t\t\t\t\t\t\t\t\t\t\t\t<h3 class=\"qodef-image-with-text-title\">Data Sheet<\/h3>\n\t\t\t\t\t\t\n\t\t\t\t\t\t\t\t\t\t\t\t\t<div class=\"qodef-image-with-text-icon\"><\/div>\n\t\t\t\t\t\t\n\t\t\t\t\t<\/div>\n\t\t\t\t<\/div>\n\t\t\t<\/div>\n\t\t<\/div>\n\n\t\t\t\t\t<\/a>\n\t\t\n\t<\/div>\n<\/div><\/div><\/div><\/div><div class=\"wpb_column vc_column_container vc_col-sm-4\"><div class=\"vc_column-inner\"><div class=\"wpb_wrapper\">\n\t<div class=\"wpb_text_column wpb_content_element\" >\n\t\t<div class=\"wpb_wrapper\">\n\t\t\t<h3><a href=\"https:\/\/epit.lt\/en\/gaminiai\/terasustogines\/alu\/2-2\/solidepit20th2\/\">SOLID ePIT ALU 20TH2<\/a><\/h3>\n\n\t\t<\/div>\n\t<\/div>\n<div class=\"vc_empty_space\"   style=\"height: 25px\"><span class=\"vc_empty_space_inner\"><\/span><\/div>\n<div class=\"qodef-image-with-text\">\n\t<div class=\"qodef-image-with-text-image\">\n\n\t\t<img loading=\"lazy\" decoding=\"async\" width=\"720\" height=\"480\" src=\"https:\/\/epit.lt\/wp-content\/uploads\/2023\/12\/20TH2-Small.jpg\" class=\"attachment-full size-full\" alt=\"\" srcset=\"https:\/\/epit.lt\/wp-content\/uploads\/2023\/12\/20TH2-Small.jpg 720w, https:\/\/epit.lt\/wp-content\/uploads\/2023\/12\/20TH2-Small-300x200.jpg 300w\" sizes=\"(max-width: 720px) 100vw, 720px\" \/>\n\t\t\t\t\t<a itemprop=\"url\" href=\"https:\/\/epit.lt\/en\/gaminiai\/terasustogines\/alu\/2-2\/solidepit20th2\/\" target=\"_self\">\n\t\t\n\t\t<div class=\"qodef-image-with-text-holder\">\n\t\t\t<div class=\"qodef-image-with-text-overlay\">\n\t\t\t\t<div class=\"qodef-image-with-text-inner\">\n\t\t\t\t\t<div class=\"qodef-image-with-text-inner-holder\">\n\n\t\t\t\t\t\t\t\t\t\t\t\t\t<span class=\"qodef-image-with-text-subtitle\">Technical<\/span>\n\t\t\t\t\t\t\n\t\t\t\t\t\t\t\t\t\t\t\t\t<h3 class=\"qodef-image-with-text-title\">Data Sheet<\/h3>\n\t\t\t\t\t\t\n\t\t\t\t\t\t\t\t\t\t\t\t\t<div class=\"qodef-image-with-text-icon\"><\/div>\n\t\t\t\t\t\t\n\t\t\t\t\t<\/div>\n\t\t\t\t<\/div>\n\t\t\t<\/div>\n\t\t<\/div>\n\n\t\t\t\t\t<\/a>\n\t\t\n\t<\/div>\n<\/div><\/div><\/div><\/div><\/div><\/div><\/div>\n<\/section>","protected":false},"excerpt":{"rendered":"ePIT gamina \u012fvairaus dyd\u017eio ir galios, auk\u0161\u010diausios kokyb\u0117s, premium klas\u0117s autostogines ir teras\u0173 stogines su integruotomis saul\u0117s elektrin\u0117mis. SOLID ePIT ALU 6TH2 Technin\u0117 Specifikacija SOLID ePIT ALU 8TH2 Technin\u0117 Specifikacija SOLID ePIT ALU 10TH2 Technin\u0117 Specifikacija SOLID ePIT ALU 12TH2 Technin\u0117 Specifikacija SOLID ePIT ALU...","protected":false},"author":2,"featured_media":0,"parent":7756,"menu_order":0,"comment_status":"closed","ping_status":"closed","template":"full-width.php","meta":{"footnotes":""},"_links":{"self":[{"href":"https:\/\/epit.lt\/en\/wp-json\/wp\/v2\/pages\/7830"}],"collection":[{"href":"https:\/\/epit.lt\/en\/wp-json\/wp\/v2\/pages"}],"about":[{"href":"https:\/\/epit.lt\/en\/wp-json\/wp\/v2\/types\/page"}],"author":[{"embeddable":true,"href":"https:\/\/epit.lt\/en\/wp-json\/wp\/v2\/users\/2"}],"replies":[{"embeddable":true,"href":"https:\/\/epit.lt\/en\/wp-json\/wp\/v2\/comments?post=7830"}],"version-history":[{"count":9,"href":"https:\/\/epit.lt\/en\/wp-json\/wp\/v2\/pages\/7830\/revisions"}],"predecessor-version":[{"id":8295,"href":"https:\/\/epit.lt\/en\/wp-json\/wp\/v2\/pages\/7830\/revisions\/8295"}],"up":[{"embeddable":true,"href":"https:\/\/epit.lt\/en\/wp-json\/wp\/v2\/pages\/7756"}],"wp:attachment":[{"href":"https:\/\/epit.lt\/en\/wp-json\/wp\/v2\/media?parent=7830"}],"curies":[{"name":"wp","href":"https:\/\/api.w.org\/{rel}","templated":true}]}}