{"id":7881,"date":"2023-11-28T14:05:01","date_gmt":"2023-11-28T14:05:01","guid":{"rendered":"https:\/\/epit.lt\/?page_id=7881"},"modified":"2024-06-17T13:15:40","modified_gmt":"2024-06-17T13:15:40","slug":"solidepit10th2","status":"publish","type":"page","link":"https:\/\/epit.lt\/en\/gaminiai\/terasustogines\/alu\/2-2\/solidepit10th2\/","title":{"rendered":"SOLID ePIT ALU 10TH2"},"content":{"rendered":"<section class=\"wpb-content-wrapper\"><div class=\"vc_row wpb_row vc_row-fluid qodef-section vc_custom_1483640905823 qodef-content-aligment-left qodef-grid-section\" style=\"\"><div class=\"clearfix qodef-section-inner\"><div class=\"qodef-section-inner-margin clearfix\"><div class=\"wpb_column vc_column_container vc_col-sm-6 vc_col-lg-6 vc_col-md-12\"><div class=\"vc_column-inner\"><div class=\"wpb_wrapper\"><div class=\"vc_empty_space\"   style=\"height: 25px\"><span class=\"vc_empty_space_inner\"><\/span><\/div>\n\t<div  class=\"wpb_single_image wpb_content_element vc_align_right\">\n\t\t\n\t\t<figure class=\"wpb_wrapper vc_figure\">\n\t\t\t<div class=\"vc_single_image-wrapper   vc_box_border_grey\"><img loading=\"lazy\" decoding=\"async\" width=\"854\" height=\"355\" src=\"https:\/\/epit.lt\/wp-content\/uploads\/2024\/01\/ALU-10TH2-Small.png\" class=\"vc_single_image-img attachment-full\" alt=\"\" title=\"ALU-10TH2 (Small)\" srcset=\"https:\/\/epit.lt\/wp-content\/uploads\/2024\/01\/ALU-10TH2-Small.png 854w, https:\/\/epit.lt\/wp-content\/uploads\/2024\/01\/ALU-10TH2-Small-300x125.png 300w, https:\/\/epit.lt\/wp-content\/uploads\/2024\/01\/ALU-10TH2-Small-768x319.png 768w, https:\/\/epit.lt\/wp-content\/uploads\/2024\/01\/ALU-10TH2-Small-18x7.png 18w\" sizes=\"(max-width: 854px) 100vw, 854px\" \/><\/div>\n\t\t<\/figure>\n\t<\/div>\n<\/div><\/div><\/div><div class=\"wpb_column vc_column_container vc_col-sm-6\"><div class=\"vc_column-inner\"><div class=\"wpb_wrapper\"><div class=\"vc_empty_space\"   style=\"height: 25px\"><span class=\"vc_empty_space_inner\"><\/span><\/div>\n\t<div class=\"wpb_text_column wpb_content_element\" >\n\t\t<div class=\"wpb_wrapper\">\n\t\t\t<h3>Terrace shed technical characteristics:<\/h3>\n\n\t\t<\/div>\n\t<\/div>\n<div class=\"vc_empty_space\"   style=\"height: 15px\"><span class=\"vc_empty_space_inner\"><\/span><\/div>\n\t<div class=\"wpb_text_column wpb_content_element\" >\n\t\t<div class=\"wpb_wrapper\">\n\t\t\t<ul>\n<li>Integrated solar panel quantity 10 pcs. (3,70 kWp)<\/li>\n<li>Terrace shed width \u2013 5415 mm<\/li>\n<li>Terrace shed depth from wall \u2013 3631 mm<\/li>\n<li>Roof slope from 5\u00b0 to 15\u00b0<\/li>\n<li>Column size 120 mm<\/li>\n<li>Maximum height alongside the wall \u2013 3302 mm<\/li>\n<li>Standard height from the front beam to soil \u2013 2200 mm<\/li>\n<li>Terrace shed area \u2013 19,66 sq. m.<\/li>\n<li>Snow load: <strong>iki 1,6 kN\/m\u00b2 <\/strong>(pagal LST EN 1991-1-3)<\/li>\n<li>Wind load: <strong>up to 32 m\/s <\/strong>(pagal LST EN 1991-1-4)<\/li>\n<\/ul>\n\n\t\t<\/div>\n\t<\/div>\n<div class=\"vc_empty_space\"   style=\"height: 25px\"><span class=\"vc_empty_space_inner\"><\/span><\/div><a itemprop=\"url\" href=\"https:\/\/epit.lt\/en\/projektai\/\" target=\"_blank\" style=\"color: #444444;border-color: #c0c0c0;font-size: 1\u0161px\" class=\"qodef-btn qodef-btn-medium qodef-btn-outline\"   >\n    <span class=\"qodef-btn-text\">Projects<\/span>\n    <\/a><\/div><\/div><\/div><\/div><\/div><\/div><div class=\"vc_row wpb_row vc_row-fluid qodef-section qodef-content-aligment-left\" style=\"\"><div class=\"clearfix qodef-full-section-inner\"><div class=\"wpb_column vc_column_container vc_col-sm-12\"><div class=\"vc_column-inner\"><div class=\"wpb_wrapper\"><div class=\"qodef-image-gallery\" >\n\t<div class=\"qodef-image-gallery-slider\" data-autoplay=\"3\" data-navigation=\"yes\" data-pagination=\"yes\">\n\t\t\t\t\t\t<a itemprop=\"image\" href=\"https:\/\/epit.lt\/wp-content\/uploads\/2023\/12\/10TH2-Small.jpg\" data-rel=\"prettyPhoto[single_pretty_photo]\" title=\"10TH2 (Small)\">\n\t\t\t\n\t\t\t<img loading=\"lazy\" decoding=\"async\" width=\"720\" height=\"480\" src=\"https:\/\/epit.lt\/wp-content\/uploads\/2023\/12\/10TH2-Small.jpg\" class=\"attachment-full size-full\" alt=\"\" srcset=\"https:\/\/epit.lt\/wp-content\/uploads\/2023\/12\/10TH2-Small.jpg 720w, https:\/\/epit.lt\/wp-content\/uploads\/2023\/12\/10TH2-Small-300x200.jpg 300w\" sizes=\"(max-width: 720px) 100vw, 720px\" \/>\n\t\t\t<\/a>\n\n\t\t\t\t\t\t<a itemprop=\"image\" href=\"https:\/\/epit.lt\/wp-content\/uploads\/2024\/01\/DIM_ALU_TH2-5_LEFT.png\" data-rel=\"prettyPhoto[single_pretty_photo]\" title=\"DIM_ALU_TH2-5_LEFT\">\n\t\t\t\n\t\t\t<img loading=\"lazy\" decoding=\"async\" width=\"532\" height=\"502\" src=\"https:\/\/epit.lt\/wp-content\/uploads\/2024\/01\/DIM_ALU_TH2-5_LEFT.png\" class=\"attachment-full size-full\" alt=\"\" srcset=\"https:\/\/epit.lt\/wp-content\/uploads\/2024\/01\/DIM_ALU_TH2-5_LEFT.png 532w, https:\/\/epit.lt\/wp-content\/uploads\/2024\/01\/DIM_ALU_TH2-5_LEFT-300x283.png 300w, https:\/\/epit.lt\/wp-content\/uploads\/2024\/01\/DIM_ALU_TH2-5_LEFT-13x12.png 13w\" sizes=\"(max-width: 532px) 100vw, 532px\" \/>\n\t\t\t<\/a>\n\n\t\t\t\t\t\t<a itemprop=\"image\" href=\"https:\/\/epit.lt\/wp-content\/uploads\/2024\/01\/DIM_ALU_TH2-10_LEFT.png\" data-rel=\"prettyPhoto[single_pretty_photo]\" title=\"DIM_ALU_TH2-10_LEFT\">\n\t\t\t\n\t\t\t<img loading=\"lazy\" decoding=\"async\" width=\"526\" height=\"537\" src=\"https:\/\/epit.lt\/wp-content\/uploads\/2024\/01\/DIM_ALU_TH2-10_LEFT.png\" class=\"attachment-full size-full\" alt=\"\" srcset=\"https:\/\/epit.lt\/wp-content\/uploads\/2024\/01\/DIM_ALU_TH2-10_LEFT.png 526w, https:\/\/epit.lt\/wp-content\/uploads\/2024\/01\/DIM_ALU_TH2-10_LEFT-294x300.png 294w, https:\/\/epit.lt\/wp-content\/uploads\/2024\/01\/DIM_ALU_TH2-10_LEFT-12x12.png 12w\" sizes=\"(max-width: 526px) 100vw, 526px\" \/>\n\t\t\t<\/a>\n\n\t\t\t\t\t\t<a itemprop=\"image\" href=\"https:\/\/epit.lt\/wp-content\/uploads\/2024\/01\/DIM_ALU_TH2-15_LEFT.png\" data-rel=\"prettyPhoto[single_pretty_photo]\" title=\"DIM_ALU_TH2-15_LEFT\">\n\t\t\t\n\t\t\t<img loading=\"lazy\" decoding=\"async\" width=\"631\" height=\"676\" src=\"https:\/\/epit.lt\/wp-content\/uploads\/2024\/01\/DIM_ALU_TH2-15_LEFT.png\" class=\"attachment-full size-full\" alt=\"\" srcset=\"https:\/\/epit.lt\/wp-content\/uploads\/2024\/01\/DIM_ALU_TH2-15_LEFT.png 631w, https:\/\/epit.lt\/wp-content\/uploads\/2024\/01\/DIM_ALU_TH2-15_LEFT-280x300.png 280w, https:\/\/epit.lt\/wp-content\/uploads\/2024\/01\/DIM_ALU_TH2-15_LEFT-11x12.png 11w\" sizes=\"(max-width: 631px) 100vw, 631px\" \/>\n\t\t\t<\/a>\n\n\t\t\t\t\t\t<a itemprop=\"image\" href=\"https:\/\/epit.lt\/wp-content\/uploads\/2024\/01\/DIM_ALU_10TH2-10_FRONT.png\" data-rel=\"prettyPhoto[single_pretty_photo]\" title=\"DIM_ALU_10TH2-10_FRONT\">\n\t\t\t\n\t\t\t<img loading=\"lazy\" decoding=\"async\" width=\"638\" height=\"458\" src=\"https:\/\/epit.lt\/wp-content\/uploads\/2024\/01\/DIM_ALU_10TH2-10_FRONT.png\" class=\"attachment-full size-full\" alt=\"\" srcset=\"https:\/\/epit.lt\/wp-content\/uploads\/2024\/01\/DIM_ALU_10TH2-10_FRONT.png 638w, https:\/\/epit.lt\/wp-content\/uploads\/2024\/01\/DIM_ALU_10TH2-10_FRONT-300x215.png 300w, https:\/\/epit.lt\/wp-content\/uploads\/2024\/01\/DIM_ALU_10TH2-10_FRONT-18x12.png 18w\" sizes=\"(max-width: 638px) 100vw, 638px\" \/>\n\t\t\t<\/a>\n\n\t\t\t\t\t\t<a itemprop=\"image\" href=\"https:\/\/epit.lt\/wp-content\/uploads\/2024\/01\/ALU_PARAMETRAI-e1706016345220.png\" data-rel=\"prettyPhoto[single_pretty_photo]\" title=\"ALU_PARAMETRAI\">\n\t\t\t\n\t\t\t<img loading=\"lazy\" decoding=\"async\" width=\"773\" height=\"437\" src=\"https:\/\/epit.lt\/wp-content\/uploads\/2024\/01\/ALU_PARAMETRAI-e1706016345220.png\" class=\"attachment-full size-full\" alt=\"\" srcset=\"https:\/\/epit.lt\/wp-content\/uploads\/2024\/01\/ALU_PARAMETRAI-e1706016345220.png 773w, https:\/\/epit.lt\/wp-content\/uploads\/2024\/01\/ALU_PARAMETRAI-e1706016345220-300x170.png 300w, https:\/\/epit.lt\/wp-content\/uploads\/2024\/01\/ALU_PARAMETRAI-e1706016345220-768x434.png 768w, https:\/\/epit.lt\/wp-content\/uploads\/2024\/01\/ALU_PARAMETRAI-e1706016345220-18x10.png 18w\" sizes=\"(max-width: 773px) 100vw, 773px\" \/>\n\t\t\t<\/a>\n\n\t\t\t\t\t\t<a itemprop=\"image\" href=\"https:\/\/epit.lt\/wp-content\/uploads\/2024\/01\/10TH2.jpg\" data-rel=\"prettyPhoto[single_pretty_photo]\" title=\"10TH2\">\n\t\t\t\n\t\t\t<img loading=\"lazy\" decoding=\"async\" width=\"720\" height=\"480\" src=\"https:\/\/epit.lt\/wp-content\/uploads\/2024\/01\/10TH2.jpg\" class=\"attachment-full size-full\" alt=\"\" srcset=\"https:\/\/epit.lt\/wp-content\/uploads\/2024\/01\/10TH2.jpg 720w, https:\/\/epit.lt\/wp-content\/uploads\/2024\/01\/10TH2-300x200.jpg 300w, https:\/\/epit.lt\/wp-content\/uploads\/2024\/01\/10TH2-18x12.jpg 18w\" sizes=\"(max-width: 720px) 100vw, 720px\" \/>\n\t\t\t<\/a>\n\n\t\t\t<\/div>\n<\/div><\/div><\/div><\/div><\/div><\/div><div class=\"vc_row wpb_row vc_row-fluid qodef-section vc_custom_1483639981434 qodef-content-aligment-center qodef-grid-section\" style=\"\"><div class=\"clearfix qodef-section-inner\"><div class=\"qodef-section-inner-margin clearfix\"><div class=\"wpb_column vc_column_container vc_col-sm-12\"><div class=\"vc_column-inner\"><div class=\"wpb_wrapper\">\n\t<div class=\"wpb_text_column wpb_content_element\" >\n\t\t<div class=\"wpb_wrapper\">\n\t\t\t<h2>Other SOLID ePIT ALU shed sizes:<\/h2>\n\n\t\t<\/div>\n\t<\/div>\n<div class=\"vc_empty_space\"   style=\"height: 17px\"><span class=\"vc_empty_space_inner\"><\/span><\/div><\/div><\/div><\/div><\/div><\/div><\/div><div class=\"vc_row wpb_row vc_row-fluid qodef-section vc_custom_1503414287844 qodef-content-aligment-center qodef-grid-section\" style=\"\"><div class=\"clearfix qodef-section-inner\"><div class=\"qodef-section-inner-margin clearfix\"><div class=\"wpb_column vc_column_container vc_col-sm-12\"><div class=\"vc_column-inner\"><div class=\"wpb_wrapper\">\n\t<div class=\"wpb_text_column wpb_content_element\" >\n\t\t<div class=\"wpb_wrapper\">\n\t\t\t<h4><a href=\"https:\/\/epit.lt\/en\/gaminiai\/terasustogines\/alu\/2-2\/solidepit6th2\/\">SOLID ePIT ALU 6TH2<\/a><\/h4>\n\n\t\t<\/div>\n\t<\/div>\n<div class=\"vc_empty_space\"   style=\"height: 45px\"><span class=\"vc_empty_space_inner\"><\/span><\/div><div class=\"qodef-image-gallery\">\n\t<div class=\"qodef-image-gallery-grid clearfix qodef-gallery-columns-2\" >\n\t\t\t\t\t<div class=\"qodef-gallery-image\">\n\t\t\t\t\t\t\t\t\t<a itemprop=\"image\" href=\"https:\/\/epit.lt\/en\/gaminiai\/terasustogines\/alu\/2-2\/solidepit6th2\/\" title=\"6TH2 (Small)\" target=\"_self\">\n\t\t\t\t\t\t\n\t\t\t\t\t\t\t\t\t\t\t<img loading=\"lazy\" decoding=\"async\" src=\"https:\/\/epit.lt\/wp-content\/uploads\/2023\/12\/6TH2-Small-800x400.jpg\" alt=\"\" width=\"800\" height=\"400\" \/>\t\t\t\t\t\n\t\t\t\t<\/a>\n\n\t\t\t<\/div>\n\t\t\t<\/div>\n<\/div><div class=\"vc_empty_space\"   style=\"height: 45px\"><span class=\"vc_empty_space_inner\"><\/span><\/div><\/div><\/div><\/div><\/div><\/div><\/div><div class=\"vc_row wpb_row vc_row-fluid qodef-section vc_custom_1503414287844 qodef-content-aligment-center qodef-grid-section\" style=\"\"><div class=\"clearfix qodef-section-inner\"><div class=\"qodef-section-inner-margin clearfix\"><div class=\"wpb_column vc_column_container vc_col-sm-12\"><div class=\"vc_column-inner\"><div class=\"wpb_wrapper\">\n\t<div class=\"wpb_text_column wpb_content_element\" >\n\t\t<div class=\"wpb_wrapper\">\n\t\t\t<h4><a href=\"https:\/\/epit.lt\/en\/gaminiai\/terasustogines\/alu\/2-2\/solidepit8th2\/\">SOLID ePIT ALU 8TH2<\/a><\/h4>\n\n\t\t<\/div>\n\t<\/div>\n<div class=\"vc_empty_space\"   style=\"height: 45px\"><span class=\"vc_empty_space_inner\"><\/span><\/div><div class=\"qodef-image-gallery\">\n\t<div class=\"qodef-image-gallery-grid clearfix qodef-gallery-columns-2\" >\n\t\t\t\t\t<div class=\"qodef-gallery-image\">\n\t\t\t\t\t\t\t\t\t<a itemprop=\"image\" href=\"https:\/\/epit.lt\/en\/gaminiai\/terasustogines\/alu\/2-2\/solidepit8th2\/\" title=\"8TH2 (Small)\" target=\"_self\">\n\t\t\t\t\t\t\n\t\t\t\t\t\t\t\t\t\t\t<img loading=\"lazy\" decoding=\"async\" src=\"https:\/\/epit.lt\/wp-content\/uploads\/2023\/12\/8TH2-Small-800x400.jpg\" alt=\"\" width=\"800\" height=\"400\" \/>\t\t\t\t\t\n\t\t\t\t<\/a>\n\n\t\t\t<\/div>\n\t\t\t<\/div>\n<\/div><div class=\"vc_empty_space\"   style=\"height: 45px\"><span class=\"vc_empty_space_inner\"><\/span><\/div><\/div><\/div><\/div><\/div><\/div><\/div><div class=\"vc_row wpb_row vc_row-fluid qodef-section vc_custom_1503414287844 qodef-content-aligment-center qodef-grid-section\" style=\"\"><div class=\"clearfix qodef-section-inner\"><div class=\"qodef-section-inner-margin clearfix\"><div class=\"wpb_column vc_column_container vc_col-sm-12\"><div class=\"vc_column-inner\"><div class=\"wpb_wrapper\">\n\t<div class=\"wpb_text_column wpb_content_element\" >\n\t\t<div class=\"wpb_wrapper\">\n\t\t\t<h4><a href=\"https:\/\/epit.lt\/en\/gaminiai\/terasustogines\/alu\/2-2\/solidepit12th2\/\">SOLID ePIT ALU 12TH2<\/a><\/h4>\n\n\t\t<\/div>\n\t<\/div>\n<div class=\"vc_empty_space\"   style=\"height: 45px\"><span class=\"vc_empty_space_inner\"><\/span><\/div><div class=\"qodef-image-gallery\">\n\t<div class=\"qodef-image-gallery-grid clearfix qodef-gallery-columns-2\" >\n\t\t\t\t\t<div class=\"qodef-gallery-image\">\n\t\t\t\t\t\t\t\t\t<a itemprop=\"image\" href=\"https:\/\/epit.lt\/en\/gaminiai\/terasustogines\/alu\/2-2\/solidepit12th2\/\" title=\"12TH2 (Small)\" target=\"_self\">\n\t\t\t\t\t\t\n\t\t\t\t\t\t\t\t\t\t\t<img loading=\"lazy\" decoding=\"async\" src=\"https:\/\/epit.lt\/wp-content\/uploads\/2023\/12\/12TH2-Small-800x400.jpg\" alt=\"\" width=\"800\" height=\"400\" \/>\t\t\t\t\t\n\t\t\t\t<\/a>\n\n\t\t\t<\/div>\n\t\t\t<\/div>\n<\/div><div class=\"vc_empty_space\"   style=\"height: 45px\"><span class=\"vc_empty_space_inner\"><\/span><\/div><\/div><\/div><\/div><\/div><\/div><\/div><div class=\"vc_row wpb_row vc_row-fluid qodef-section vc_custom_1503414287844 qodef-content-aligment-center qodef-grid-section\" style=\"\"><div class=\"clearfix qodef-section-inner\"><div class=\"qodef-section-inner-margin clearfix\"><div class=\"wpb_column vc_column_container vc_col-sm-12\"><div class=\"vc_column-inner\"><div class=\"wpb_wrapper\">\n\t<div class=\"wpb_text_column wpb_content_element\" >\n\t\t<div class=\"wpb_wrapper\">\n\t\t\t<h4><a href=\"https:\/\/epit.lt\/en\/gaminiai\/terasustogines\/alu\/2-2\/solidepit14th2\/\">SOLID ePIT ALU 14TH2<\/a><\/h4>\n\n\t\t<\/div>\n\t<\/div>\n<div class=\"vc_empty_space\"   style=\"height: 45px\"><span class=\"vc_empty_space_inner\"><\/span><\/div><div class=\"qodef-image-gallery\">\n\t<div class=\"qodef-image-gallery-grid clearfix qodef-gallery-columns-2\" >\n\t\t\t\t\t<div class=\"qodef-gallery-image\">\n\t\t\t\t\t\t\t\t\t<a itemprop=\"image\" href=\"https:\/\/epit.lt\/en\/gaminiai\/terasustogines\/alu\/2-2\/solidepit14th2\/\" title=\"14TH2 (Small)\" target=\"_self\">\n\t\t\t\t\t\t\n\t\t\t\t\t\t\t\t\t\t\t<img loading=\"lazy\" decoding=\"async\" src=\"https:\/\/epit.lt\/wp-content\/uploads\/2023\/12\/14TH2-Small-800x400.jpg\" alt=\"\" width=\"800\" height=\"400\" \/>\t\t\t\t\t\n\t\t\t\t<\/a>\n\n\t\t\t<\/div>\n\t\t\t<\/div>\n<\/div><div class=\"vc_empty_space\"   style=\"height: 45px\"><span class=\"vc_empty_space_inner\"><\/span><\/div><\/div><\/div><\/div><\/div><\/div><\/div><div class=\"vc_row wpb_row vc_row-fluid qodef-section vc_custom_1503414287844 qodef-content-aligment-center qodef-grid-section\" style=\"\"><div class=\"clearfix qodef-section-inner\"><div class=\"qodef-section-inner-margin clearfix\"><div class=\"wpb_column vc_column_container vc_col-sm-12\"><div class=\"vc_column-inner\"><div class=\"wpb_wrapper\">\n\t<div class=\"wpb_text_column wpb_content_element\" >\n\t\t<div class=\"wpb_wrapper\">\n\t\t\t<h4><a href=\"https:\/\/epit.lt\/en\/gaminiai\/terasustogines\/alu\/2-2\/solidepit16th2\/\">SOLID ePIT ALU 16TH2<\/a><\/h4>\n\n\t\t<\/div>\n\t<\/div>\n<div class=\"vc_empty_space\"   style=\"height: 45px\"><span class=\"vc_empty_space_inner\"><\/span><\/div><div class=\"qodef-image-gallery\">\n\t<div class=\"qodef-image-gallery-grid clearfix qodef-gallery-columns-2\" >\n\t\t\t\t\t<div class=\"qodef-gallery-image\">\n\t\t\t\t\t\t\t\t\t<a itemprop=\"image\" href=\"https:\/\/epit.lt\/en\/gaminiai\/terasustogines\/alu\/2-2\/solidepit16th2\/\" title=\"16TH2 (Small)\" target=\"_self\">\n\t\t\t\t\t\t\n\t\t\t\t\t\t\t\t\t\t\t<img loading=\"lazy\" decoding=\"async\" src=\"https:\/\/epit.lt\/wp-content\/uploads\/2023\/12\/16TH2-Small-800x400.jpg\" alt=\"\" width=\"800\" height=\"400\" \/>\t\t\t\t\t\n\t\t\t\t<\/a>\n\n\t\t\t<\/div>\n\t\t\t<\/div>\n<\/div><div class=\"vc_empty_space\"   style=\"height: 45px\"><span class=\"vc_empty_space_inner\"><\/span><\/div><\/div><\/div><\/div><\/div><\/div><\/div><div class=\"vc_row wpb_row vc_row-fluid qodef-section vc_custom_1503414287844 qodef-content-aligment-center qodef-grid-section\" style=\"\"><div class=\"clearfix qodef-section-inner\"><div class=\"qodef-section-inner-margin clearfix\"><div class=\"wpb_column vc_column_container vc_col-sm-12\"><div class=\"vc_column-inner\"><div class=\"wpb_wrapper\">\n\t<div class=\"wpb_text_column wpb_content_element\" >\n\t\t<div class=\"wpb_wrapper\">\n\t\t\t<h4><a href=\"https:\/\/epit.lt\/en\/gaminiai\/terasustogines\/alu\/2-2\/solidepit18th2\/\">SOLID ePIT ALU 18TH2<\/a><\/h4>\n\n\t\t<\/div>\n\t<\/div>\n<div class=\"vc_empty_space\"   style=\"height: 45px\"><span class=\"vc_empty_space_inner\"><\/span><\/div><div class=\"qodef-image-gallery\">\n\t<div class=\"qodef-image-gallery-grid clearfix qodef-gallery-columns-2\" >\n\t\t\t\t\t<div class=\"qodef-gallery-image\">\n\t\t\t\t\t\t\t\t\t<a itemprop=\"image\" href=\"https:\/\/epit.lt\/en\/gaminiai\/terasustogines\/alu\/2-2\/solidepit18th2\/\" title=\"18TH2 (Small)\" target=\"_self\">\n\t\t\t\t\t\t\n\t\t\t\t\t\t\t\t\t\t\t<img loading=\"lazy\" decoding=\"async\" src=\"https:\/\/epit.lt\/wp-content\/uploads\/2023\/12\/18TH2-Small-800x400.jpg\" alt=\"\" width=\"800\" height=\"400\" \/>\t\t\t\t\t\n\t\t\t\t<\/a>\n\n\t\t\t<\/div>\n\t\t\t<\/div>\n<\/div><div class=\"vc_empty_space\"   style=\"height: 45px\"><span class=\"vc_empty_space_inner\"><\/span><\/div><\/div><\/div><\/div><\/div><\/div><\/div><div class=\"vc_row wpb_row vc_row-fluid qodef-section vc_custom_1503414287844 qodef-content-aligment-center qodef-grid-section\" style=\"\"><div class=\"clearfix qodef-section-inner\"><div class=\"qodef-section-inner-margin clearfix\"><div class=\"wpb_column vc_column_container vc_col-sm-12\"><div class=\"vc_column-inner\"><div class=\"wpb_wrapper\">\n\t<div class=\"wpb_text_column wpb_content_element\" >\n\t\t<div class=\"wpb_wrapper\">\n\t\t\t<h4><a href=\"https:\/\/epit.lt\/en\/gaminiai\/terasustogines\/alu\/2-2\/solidepit20th2\/\">SOLID ePIT ALU 20TH2<\/a><\/h4>\n\n\t\t<\/div>\n\t<\/div>\n<div class=\"vc_empty_space\"   style=\"height: 45px\"><span class=\"vc_empty_space_inner\"><\/span><\/div><div class=\"qodef-image-gallery\">\n\t<div class=\"qodef-image-gallery-grid clearfix qodef-gallery-columns-2\" >\n\t\t\t\t\t<div class=\"qodef-gallery-image\">\n\t\t\t\t\t\t\t\t\t<a itemprop=\"image\" href=\"https:\/\/epit.lt\/en\/gaminiai\/terasustogines\/alu\/2-2\/solidepit20th2\/\" title=\"20TH2 (Small)\" target=\"_self\">\n\t\t\t\t\t\t\n\t\t\t\t\t\t\t\t\t\t\t<img loading=\"lazy\" decoding=\"async\" src=\"https:\/\/epit.lt\/wp-content\/uploads\/2023\/12\/20TH2-Small-800x400.jpg\" alt=\"\" width=\"800\" height=\"400\" \/>\t\t\t\t\t\n\t\t\t\t<\/a>\n\n\t\t\t<\/div>\n\t\t\t<\/div>\n<\/div><div class=\"vc_empty_space\"   style=\"height: 45px\"><span class=\"vc_empty_space_inner\"><\/span><\/div><\/div><\/div><\/div><\/div><\/div><\/div><div class=\"vc_row wpb_row vc_row-fluid qodef-section vc_custom_1677163506919 qodef-content-aligment-left\" style=\"min-height:60px;height:auto;\"><div class=\"clearfix qodef-full-section-inner\"><div class=\"wpb_column vc_column_container vc_col-sm-12\"><div class=\"vc_column-inner\"><div class=\"wpb_wrapper\"><div class=\"vc_empty_space  vc_custom_1677163669445\"   style=\"height: 32px\"><span class=\"vc_empty_space_inner\"><\/span><\/div>\t<div class=\"qodef-call-to-action normal\">\n\n\t\t\t\t<div class=\"qodef-container-inner\">\n\t\t\t\t\t<div class=\"qodef-call-to-action-row-75-25 clearfix\" >\n\t\t\t\t\t\t<div class=\"qodef-text-wrapper qodef-call-to-action-column1 qodef-call-to-action-cell\">\n\t\t\t\t\t\t\t\t\t<div class=\"qodef-call-to-action-text\" style=\"font-size: 26px\">\n<h4><span style=\"color: #ffffff;\">Interested in this project?<\/span><\/h4>\n<\/div>\n\t\t\t\t<\/div>\n\n\t\t\t\t\t\t\t\t\t<div class=\"qodef-button-wrapper qodef-call-to-action-column2 qodef-call-to-action-cell\" style =\"text-align: right ;\">\n\t\t\t\t\t\t<a itemprop=\"url\" href=\"https:\/\/epit.lt\/en\/kontaktai\/\" target=\"_self\" style=\"color: #ffffff;background-color: #51ae3e;border-color: #ffffff\" class=\"qodef-btn qodef-btn-medium qodef-btn-outline qodef-btn-custom-hover-bg qodef-btn-custom-border-hover qodef-btn-custom-hover-color\" data-hover-bg-color=\"#ffffff\" data-hover-color=\"#51ae3e\" data-hover-border-color=\"#ffffff\"  >    <span class=\"qodef-btn-text\">Contact Us<\/span>    <\/a>\t\t\t\t\t<\/div>\n\t\t\t\t\t\t\t<\/div>\n\t\t\t\t<\/div>\n\t\t\t<\/div>\n<div class=\"vc_empty_space  vc_custom_1677163669445\"   style=\"height: 32px\"><span class=\"vc_empty_space_inner\"><\/span><\/div><\/div><\/div><\/div><\/div><\/div>\n<\/section>","protected":false},"excerpt":{"rendered":"Stogin\u0117s technin\u0117 charakteristika: Integruotas paneli\u0173 skai\u010dius 10 vnt. (3,70 kWp) Gabaritinis stogin\u0117s plotis - 5415 mm Maksimalus gabaritinis stogin\u0117s gylis nuo sienos - 3631 mm Stogo nuolyd\u017eio kampas nuo 5\u00b0 iki 15\u00b0 Kolonos dydis 120 mm Maksimalus au\u0161tis prie sienos - 3302 mm Standartinis auk\u0161tis...","protected":false},"author":2,"featured_media":0,"parent":7830,"menu_order":0,"comment_status":"closed","ping_status":"closed","template":"full-width.php","meta":{"footnotes":""},"_links":{"self":[{"href":"https:\/\/epit.lt\/en\/wp-json\/wp\/v2\/pages\/7881"}],"collection":[{"href":"https:\/\/epit.lt\/en\/wp-json\/wp\/v2\/pages"}],"about":[{"href":"https:\/\/epit.lt\/en\/wp-json\/wp\/v2\/types\/page"}],"author":[{"embeddable":true,"href":"https:\/\/epit.lt\/en\/wp-json\/wp\/v2\/users\/2"}],"replies":[{"embeddable":true,"href":"https:\/\/epit.lt\/en\/wp-json\/wp\/v2\/comments?post=7881"}],"version-history":[{"count":12,"href":"https:\/\/epit.lt\/en\/wp-json\/wp\/v2\/pages\/7881\/revisions"}],"predecessor-version":[{"id":8858,"href":"https:\/\/epit.lt\/en\/wp-json\/wp\/v2\/pages\/7881\/revisions\/8858"}],"up":[{"embeddable":true,"href":"https:\/\/epit.lt\/en\/wp-json\/wp\/v2\/pages\/7830"}],"wp:attachment":[{"href":"https:\/\/epit.lt\/en\/wp-json\/wp\/v2\/media?parent=7881"}],"curies":[{"name":"wp","href":"https:\/\/api.w.org\/{rel}","templated":true}]}}