{"id":7893,"date":"2023-11-28T14:30:02","date_gmt":"2023-11-28T14:30:02","guid":{"rendered":"https:\/\/epit.lt\/?page_id=7893"},"modified":"2024-06-17T13:18:52","modified_gmt":"2024-06-17T13:18:52","slug":"solidepit16th2","status":"publish","type":"page","link":"https:\/\/epit.lt\/en\/gaminiai\/terasustogines\/alu\/2-2\/solidepit16th2\/","title":{"rendered":"SOLID ePIT ALU 16TH2"},"content":{"rendered":"<section class=\"wpb-content-wrapper\"><div class=\"vc_row wpb_row vc_row-fluid qodef-section vc_custom_1483640905823 qodef-content-aligment-left qodef-grid-section\" style=\"\"><div class=\"clearfix qodef-section-inner\"><div class=\"qodef-section-inner-margin clearfix\"><div class=\"wpb_column vc_column_container vc_col-sm-6 vc_col-lg-6 vc_col-md-12\"><div class=\"vc_column-inner\"><div class=\"wpb_wrapper\"><div class=\"vc_empty_space\"   style=\"height: 25px\"><span class=\"vc_empty_space_inner\"><\/span><\/div>\n\t<div  class=\"wpb_single_image wpb_content_element vc_align_right\">\n\t\t\n\t\t<figure class=\"wpb_wrapper vc_figure\">\n\t\t\t<div class=\"vc_single_image-wrapper   vc_box_border_grey\"><img loading=\"lazy\" decoding=\"async\" width=\"854\" height=\"274\" src=\"https:\/\/epit.lt\/wp-content\/uploads\/2024\/01\/ALU-16TH2-Small.png\" class=\"vc_single_image-img attachment-full\" alt=\"\" title=\"ALU-16TH2 (Small)\" srcset=\"https:\/\/epit.lt\/wp-content\/uploads\/2024\/01\/ALU-16TH2-Small.png 854w, https:\/\/epit.lt\/wp-content\/uploads\/2024\/01\/ALU-16TH2-Small-300x96.png 300w, https:\/\/epit.lt\/wp-content\/uploads\/2024\/01\/ALU-16TH2-Small-768x246.png 768w, https:\/\/epit.lt\/wp-content\/uploads\/2024\/01\/ALU-16TH2-Small-18x6.png 18w\" sizes=\"(max-width: 854px) 100vw, 854px\" \/><\/div>\n\t\t<\/figure>\n\t<\/div>\n<\/div><\/div><\/div><div class=\"wpb_column vc_column_container vc_col-sm-6\"><div class=\"vc_column-inner\"><div class=\"wpb_wrapper\"><div class=\"vc_empty_space\"   style=\"height: 25px\"><span class=\"vc_empty_space_inner\"><\/span><\/div>\n\t<div class=\"wpb_text_column wpb_content_element\" >\n\t\t<div class=\"wpb_wrapper\">\n\t\t\t<h3>Terrace shed technical characteristics:<\/h3>\n\n\t\t<\/div>\n\t<\/div>\n<div class=\"vc_empty_space\"   style=\"height: 15px\"><span class=\"vc_empty_space_inner\"><\/span><\/div>\n\t<div class=\"wpb_text_column wpb_content_element\" >\n\t\t<div class=\"wpb_wrapper\">\n\t\t\t<ul>\n<li>Integrated solar panel quantity 16 pcs. (5,92 kWp)<\/li>\n<li>Terrace shed width \u2013 8634 mm<\/li>\n<li>Terrace shed depth from wall \u2013 3631 mm<\/li>\n<li>Roof slope from 5\u00b0 to 15\u00b0<\/li>\n<li>Column size 120 mm<\/li>\n<li>Maximum height alongside the wall \u2013 3302 mm<\/li>\n<li>Standard height from the front beam to soil \u2013 2200 mm<\/li>\n<li>Terrace shed area \u2013 31,35 sq. m.<\/li>\n<li>Snow load: <strong>iki 1,6 kN\/m\u00b2 <\/strong>(pagal LST EN 1991-1-3)<\/li>\n<li>Wind load: <strong>up to 32 m\/s <\/strong>(pagal LST EN 1991-1-4)<\/li>\n<\/ul>\n\n\t\t<\/div>\n\t<\/div>\n<div class=\"vc_empty_space\"   style=\"height: 25px\"><span class=\"vc_empty_space_inner\"><\/span><\/div><a itemprop=\"url\" href=\"https:\/\/epit.lt\/en\/projektai\/\" target=\"_blank\" style=\"color: #444444;border-color: #c0c0c0;font-size: 1\u0161px\" class=\"qodef-btn qodef-btn-medium qodef-btn-outline\"   >\n    <span class=\"qodef-btn-text\">Projects<\/span>\n    <\/a><\/div><\/div><\/div><\/div><\/div><\/div><div class=\"vc_row wpb_row vc_row-fluid qodef-section qodef-content-aligment-left\" style=\"\"><div class=\"clearfix qodef-full-section-inner\"><div class=\"wpb_column vc_column_container vc_col-sm-12\"><div class=\"vc_column-inner\"><div class=\"wpb_wrapper\"><div class=\"qodef-image-gallery\" style=\"height: 400px\">\n\t<div class=\"qodef-image-gallery-slider\" data-autoplay=\"3\" data-navigation=\"yes\" data-pagination=\"yes\">\n\t\t\t\t\t\t<a itemprop=\"image\" href=\"https:\/\/epit.lt\/wp-content\/uploads\/2023\/12\/16TH2-Small.jpg\" data-rel=\"prettyPhoto[single_pretty_photo]\" title=\"16TH2 (Small)\">\n\t\t\t\n\t\t\t\n\t\t\t\t<img decoding=\"async\" class=\"qodef-image-gallery-defined-height\" style=\"height: 400px\" src=\"https:\/\/epit.lt\/wp-content\/uploads\/2023\/12\/16TH2-Small.jpg\" alt=\"16TH2 (Small)\" \/>\n\n\t\t\t\n\t\t\t<\/a>\n\n\t\t\t\t\t\t<a itemprop=\"image\" href=\"https:\/\/epit.lt\/wp-content\/uploads\/2024\/01\/DIM_ALU_TH2-5_LEFT.png\" data-rel=\"prettyPhoto[single_pretty_photo]\" title=\"DIM_ALU_TH2-5_LEFT\">\n\t\t\t\n\t\t\t\n\t\t\t\t<img decoding=\"async\" class=\"qodef-image-gallery-defined-height\" style=\"height: 400px\" src=\"https:\/\/epit.lt\/wp-content\/uploads\/2024\/01\/DIM_ALU_TH2-5_LEFT.png\" alt=\"DIM_ALU_TH2-5_LEFT\" \/>\n\n\t\t\t\n\t\t\t<\/a>\n\n\t\t\t\t\t\t<a itemprop=\"image\" href=\"https:\/\/epit.lt\/wp-content\/uploads\/2024\/01\/DIM_ALU_TH2-10_LEFT.png\" data-rel=\"prettyPhoto[single_pretty_photo]\" title=\"DIM_ALU_TH2-10_LEFT\">\n\t\t\t\n\t\t\t\n\t\t\t\t<img decoding=\"async\" class=\"qodef-image-gallery-defined-height\" style=\"height: 400px\" src=\"https:\/\/epit.lt\/wp-content\/uploads\/2024\/01\/DIM_ALU_TH2-10_LEFT.png\" alt=\"DIM_ALU_TH2-10_LEFT\" \/>\n\n\t\t\t\n\t\t\t<\/a>\n\n\t\t\t\t\t\t<a itemprop=\"image\" href=\"https:\/\/epit.lt\/wp-content\/uploads\/2024\/01\/DIM_ALU_TH2-15_LEFT.png\" data-rel=\"prettyPhoto[single_pretty_photo]\" title=\"DIM_ALU_TH2-15_LEFT\">\n\t\t\t\n\t\t\t\n\t\t\t\t<img decoding=\"async\" class=\"qodef-image-gallery-defined-height\" style=\"height: 400px\" src=\"https:\/\/epit.lt\/wp-content\/uploads\/2024\/01\/DIM_ALU_TH2-15_LEFT.png\" alt=\"DIM_ALU_TH2-15_LEFT\" \/>\n\n\t\t\t\n\t\t\t<\/a>\n\n\t\t\t\t\t\t<a itemprop=\"image\" href=\"https:\/\/epit.lt\/wp-content\/uploads\/2024\/01\/ALU-16TH2-Small.png\" data-rel=\"prettyPhoto[single_pretty_photo]\" title=\"ALU-16TH2 (Small)\">\n\t\t\t\n\t\t\t\n\t\t\t\t<img decoding=\"async\" class=\"qodef-image-gallery-defined-height\" style=\"height: 400px\" src=\"https:\/\/epit.lt\/wp-content\/uploads\/2024\/01\/ALU-16TH2-Small.png\" alt=\"ALU-16TH2 (Small)\" \/>\n\n\t\t\t\n\t\t\t<\/a>\n\n\t\t\t\t\t\t<a itemprop=\"image\" href=\"https:\/\/epit.lt\/wp-content\/uploads\/2024\/01\/ALU_PARAMETRAI-e1706016345220.png\" data-rel=\"prettyPhoto[single_pretty_photo]\" title=\"ALU_PARAMETRAI\">\n\t\t\t\n\t\t\t\n\t\t\t\t<img decoding=\"async\" class=\"qodef-image-gallery-defined-height\" style=\"height: 400px\" src=\"https:\/\/epit.lt\/wp-content\/uploads\/2024\/01\/ALU_PARAMETRAI-e1706016345220.png\" alt=\"ALU_PARAMETRAI\" \/>\n\n\t\t\t\n\t\t\t<\/a>\n\n\t\t\t\t\t\t<a itemprop=\"image\" href=\"https:\/\/epit.lt\/wp-content\/uploads\/2024\/01\/16TH2.jpg\" data-rel=\"prettyPhoto[single_pretty_photo]\" title=\"16TH2\">\n\t\t\t\n\t\t\t\n\t\t\t\t<img decoding=\"async\" class=\"qodef-image-gallery-defined-height\" style=\"height: 400px\" src=\"https:\/\/epit.lt\/wp-content\/uploads\/2024\/01\/16TH2.jpg\" alt=\"16TH2\" \/>\n\n\t\t\t\n\t\t\t<\/a>\n\n\t\t\t<\/div>\n<\/div><\/div><\/div><\/div><\/div><\/div><div class=\"vc_row wpb_row vc_row-fluid qodef-section vc_custom_1483639981434 qodef-content-aligment-center qodef-grid-section\" style=\"\"><div class=\"clearfix qodef-section-inner\"><div class=\"qodef-section-inner-margin clearfix\"><div class=\"wpb_column vc_column_container vc_col-sm-12\"><div class=\"vc_column-inner\"><div class=\"wpb_wrapper\">\n\t<div class=\"wpb_text_column wpb_content_element\" >\n\t\t<div class=\"wpb_wrapper\">\n\t\t\t<h2>Other SOLID ePIT ALU shed sizes:<\/h2>\n\n\t\t<\/div>\n\t<\/div>\n<div class=\"vc_empty_space\"   style=\"height: 17px\"><span class=\"vc_empty_space_inner\"><\/span><\/div><\/div><\/div><\/div><\/div><\/div><\/div><div class=\"vc_row wpb_row vc_row-fluid qodef-section vc_custom_1503414287844 qodef-content-aligment-center qodef-grid-section\" style=\"\"><div class=\"clearfix qodef-section-inner\"><div class=\"qodef-section-inner-margin clearfix\"><div class=\"wpb_column vc_column_container vc_col-sm-12\"><div class=\"vc_column-inner\"><div class=\"wpb_wrapper\">\n\t<div class=\"wpb_text_column wpb_content_element\" >\n\t\t<div class=\"wpb_wrapper\">\n\t\t\t<h4><a href=\"https:\/\/epit.lt\/en\/gaminiai\/terasustogines\/alu\/2-2\/solidepit6th2\/\">SOLID ePIT ALU 6TH2<\/a><\/h4>\n\n\t\t<\/div>\n\t<\/div>\n<div class=\"vc_empty_space\"   style=\"height: 45px\"><span class=\"vc_empty_space_inner\"><\/span><\/div><div class=\"qodef-image-gallery\">\n\t<div class=\"qodef-image-gallery-grid clearfix qodef-gallery-columns-2\" >\n\t\t\t\t\t<div class=\"qodef-gallery-image\">\n\t\t\t\t\t\t\t\t\t<a itemprop=\"image\" href=\"https:\/\/epit.lt\/en\/gaminiai\/terasustogines\/alu\/2-2\/solidepit6th2\/\" title=\"6TH2 (Small)\" target=\"_self\">\n\t\t\t\t\t\t\n\t\t\t\t\t\t\t\t\t\t\t<img loading=\"lazy\" decoding=\"async\" src=\"https:\/\/epit.lt\/wp-content\/uploads\/2023\/12\/6TH2-Small-800x400.jpg\" alt=\"\" width=\"800\" height=\"400\" \/>\t\t\t\t\t\n\t\t\t\t<\/a>\n\n\t\t\t<\/div>\n\t\t\t<\/div>\n<\/div><div class=\"vc_empty_space\"   style=\"height: 45px\"><span class=\"vc_empty_space_inner\"><\/span><\/div><\/div><\/div><\/div><\/div><\/div><\/div><div class=\"vc_row wpb_row vc_row-fluid qodef-section vc_custom_1503414287844 qodef-content-aligment-center qodef-grid-section\" style=\"\"><div class=\"clearfix qodef-section-inner\"><div class=\"qodef-section-inner-margin clearfix\"><div class=\"wpb_column vc_column_container vc_col-sm-12\"><div class=\"vc_column-inner\"><div class=\"wpb_wrapper\">\n\t<div class=\"wpb_text_column wpb_content_element\" >\n\t\t<div class=\"wpb_wrapper\">\n\t\t\t<h4><a href=\"https:\/\/epit.lt\/en\/gaminiai\/terasustogines\/alu\/2-2\/solidepit8th2\/\">SOLID ePIT ALU 8TH2<\/a><\/h4>\n\n\t\t<\/div>\n\t<\/div>\n<div class=\"vc_empty_space\"   style=\"height: 45px\"><span class=\"vc_empty_space_inner\"><\/span><\/div><div class=\"qodef-image-gallery\">\n\t<div class=\"qodef-image-gallery-grid clearfix qodef-gallery-columns-2\" >\n\t\t\t\t\t<div class=\"qodef-gallery-image\">\n\t\t\t\t\t\t\t\t\t<a itemprop=\"image\" href=\"https:\/\/epit.lt\/en\/gaminiai\/terasustogines\/alu\/2-2\/solidepit8th2\/\" title=\"8TH2 (Small)\" target=\"_self\">\n\t\t\t\t\t\t\n\t\t\t\t\t\t\t\t\t\t\t<img loading=\"lazy\" decoding=\"async\" src=\"https:\/\/epit.lt\/wp-content\/uploads\/2023\/12\/8TH2-Small-800x400.jpg\" alt=\"\" width=\"800\" height=\"400\" \/>\t\t\t\t\t\n\t\t\t\t<\/a>\n\n\t\t\t<\/div>\n\t\t\t<\/div>\n<\/div><div class=\"vc_empty_space\"   style=\"height: 45px\"><span class=\"vc_empty_space_inner\"><\/span><\/div><\/div><\/div><\/div><\/div><\/div><\/div><div class=\"vc_row wpb_row vc_row-fluid qodef-section vc_custom_1503414287844 qodef-content-aligment-center qodef-grid-section\" style=\"\"><div class=\"clearfix qodef-section-inner\"><div class=\"qodef-section-inner-margin clearfix\"><div class=\"wpb_column vc_column_container vc_col-sm-12\"><div class=\"vc_column-inner\"><div class=\"wpb_wrapper\">\n\t<div class=\"wpb_text_column wpb_content_element\" >\n\t\t<div class=\"wpb_wrapper\">\n\t\t\t<h4><a href=\"https:\/\/epit.lt\/en\/gaminiai\/terasustogines\/alu\/2-2\/solidepit10th2\/\">SOLID ePIT ALU 10TH2<\/a><\/h4>\n\n\t\t<\/div>\n\t<\/div>\n<div class=\"vc_empty_space\"   style=\"height: 45px\"><span class=\"vc_empty_space_inner\"><\/span><\/div><div class=\"qodef-image-gallery\">\n\t<div class=\"qodef-image-gallery-grid clearfix qodef-gallery-columns-2\" >\n\t\t\t\t\t<div class=\"qodef-gallery-image\">\n\t\t\t\t\t\t\t\t\t<a itemprop=\"image\" href=\"https:\/\/epit.lt\/en\/gaminiai\/terasustogines\/alu\/2-2\/solidepit10th2\/\" title=\"10TH2 (Small)\" target=\"_self\">\n\t\t\t\t\t\t\n\t\t\t\t\t\t\t\t\t\t\t<img loading=\"lazy\" decoding=\"async\" src=\"https:\/\/epit.lt\/wp-content\/uploads\/2023\/12\/10TH2-Small-800x400.jpg\" alt=\"\" width=\"800\" height=\"400\" \/>\t\t\t\t\t\n\t\t\t\t<\/a>\n\n\t\t\t<\/div>\n\t\t\t<\/div>\n<\/div><div class=\"vc_empty_space\"   style=\"height: 45px\"><span class=\"vc_empty_space_inner\"><\/span><\/div><\/div><\/div><\/div><\/div><\/div><\/div><div class=\"vc_row wpb_row vc_row-fluid qodef-section vc_custom_1503414287844 qodef-content-aligment-center qodef-grid-section\" style=\"\"><div class=\"clearfix qodef-section-inner\"><div class=\"qodef-section-inner-margin clearfix\"><div class=\"wpb_column vc_column_container vc_col-sm-12\"><div class=\"vc_column-inner\"><div class=\"wpb_wrapper\">\n\t<div class=\"wpb_text_column wpb_content_element\" >\n\t\t<div class=\"wpb_wrapper\">\n\t\t\t<h4><a href=\"https:\/\/epit.lt\/en\/gaminiai\/terasustogines\/alu\/2-2\/solidepit12th2\/\">SOLID ePIT ALU 12TH2<\/a><\/h4>\n\n\t\t<\/div>\n\t<\/div>\n<div class=\"vc_empty_space\"   style=\"height: 45px\"><span class=\"vc_empty_space_inner\"><\/span><\/div><div class=\"qodef-image-gallery\">\n\t<div class=\"qodef-image-gallery-grid clearfix qodef-gallery-columns-2\" >\n\t\t\t\t\t<div class=\"qodef-gallery-image\">\n\t\t\t\t\t\t\t\t\t<a itemprop=\"image\" href=\"https:\/\/epit.lt\/en\/gaminiai\/terasustogines\/alu\/2-2\/solidepit12th2\/\" title=\"12TH2 (Small)\" target=\"_self\">\n\t\t\t\t\t\t\n\t\t\t\t\t\t\t\t\t\t\t<img loading=\"lazy\" decoding=\"async\" src=\"https:\/\/epit.lt\/wp-content\/uploads\/2023\/12\/12TH2-Small-800x400.jpg\" alt=\"\" width=\"800\" height=\"400\" \/>\t\t\t\t\t\n\t\t\t\t<\/a>\n\n\t\t\t<\/div>\n\t\t\t<\/div>\n<\/div><div class=\"vc_empty_space\"   style=\"height: 45px\"><span class=\"vc_empty_space_inner\"><\/span><\/div><\/div><\/div><\/div><\/div><\/div><\/div><div class=\"vc_row wpb_row vc_row-fluid qodef-section vc_custom_1503414287844 qodef-content-aligment-center qodef-grid-section\" style=\"\"><div class=\"clearfix qodef-section-inner\"><div class=\"qodef-section-inner-margin clearfix\"><div class=\"wpb_column vc_column_container vc_col-sm-12\"><div class=\"vc_column-inner\"><div class=\"wpb_wrapper\">\n\t<div class=\"wpb_text_column wpb_content_element\" >\n\t\t<div class=\"wpb_wrapper\">\n\t\t\t<h4><a href=\"https:\/\/epit.lt\/en\/gaminiai\/terasustogines\/alu\/2-2\/solidepit14th2\/\">SOLID ePIT ALU 14TH2<\/a><\/h4>\n\n\t\t<\/div>\n\t<\/div>\n<div class=\"vc_empty_space\"   style=\"height: 45px\"><span class=\"vc_empty_space_inner\"><\/span><\/div><div class=\"qodef-image-gallery\">\n\t<div class=\"qodef-image-gallery-grid clearfix qodef-gallery-columns-2\" >\n\t\t\t\t\t<div class=\"qodef-gallery-image\">\n\t\t\t\t\t\t\t\t\t<a itemprop=\"image\" href=\"https:\/\/epit.lt\/en\/gaminiai\/terasustogines\/alu\/2-2\/solidepit14th2\/\" title=\"14TH2 (Small)\" target=\"_self\">\n\t\t\t\t\t\t\n\t\t\t\t\t\t\t\t\t\t\t<img loading=\"lazy\" decoding=\"async\" src=\"https:\/\/epit.lt\/wp-content\/uploads\/2023\/12\/14TH2-Small-800x400.jpg\" alt=\"\" width=\"800\" height=\"400\" \/>\t\t\t\t\t\n\t\t\t\t<\/a>\n\n\t\t\t<\/div>\n\t\t\t<\/div>\n<\/div><div class=\"vc_empty_space\"   style=\"height: 45px\"><span class=\"vc_empty_space_inner\"><\/span><\/div><\/div><\/div><\/div><\/div><\/div><\/div><div class=\"vc_row wpb_row vc_row-fluid qodef-section vc_custom_1503414287844 qodef-content-aligment-center qodef-grid-section\" style=\"\"><div class=\"clearfix qodef-section-inner\"><div class=\"qodef-section-inner-margin clearfix\"><div class=\"wpb_column vc_column_container vc_col-sm-12\"><div class=\"vc_column-inner\"><div class=\"wpb_wrapper\">\n\t<div class=\"wpb_text_column wpb_content_element\" >\n\t\t<div class=\"wpb_wrapper\">\n\t\t\t<h4><a href=\"https:\/\/epit.lt\/en\/gaminiai\/terasustogines\/alu\/2-2\/solidepit18th2\/\">SOLID ePIT ALU 18TH2<\/a><\/h4>\n\n\t\t<\/div>\n\t<\/div>\n<div class=\"vc_empty_space\"   style=\"height: 45px\"><span class=\"vc_empty_space_inner\"><\/span><\/div><div class=\"qodef-image-gallery\">\n\t<div class=\"qodef-image-gallery-grid clearfix qodef-gallery-columns-2\" >\n\t\t\t\t\t<div class=\"qodef-gallery-image\">\n\t\t\t\t\t\t\t\t\t<a itemprop=\"image\" href=\"https:\/\/epit.lt\/en\/gaminiai\/terasustogines\/alu\/2-2\/solidepit18th2\/\" title=\"18TH2 (Small)\" target=\"_self\">\n\t\t\t\t\t\t\n\t\t\t\t\t\t\t\t\t\t\t<img loading=\"lazy\" decoding=\"async\" src=\"https:\/\/epit.lt\/wp-content\/uploads\/2023\/12\/18TH2-Small-800x400.jpg\" alt=\"\" width=\"800\" height=\"400\" \/>\t\t\t\t\t\n\t\t\t\t<\/a>\n\n\t\t\t<\/div>\n\t\t\t<\/div>\n<\/div><div class=\"vc_empty_space\"   style=\"height: 45px\"><span class=\"vc_empty_space_inner\"><\/span><\/div><\/div><\/div><\/div><\/div><\/div><\/div><div class=\"vc_row wpb_row vc_row-fluid qodef-section vc_custom_1503414287844 qodef-content-aligment-center qodef-grid-section\" style=\"\"><div class=\"clearfix qodef-section-inner\"><div class=\"qodef-section-inner-margin clearfix\"><div class=\"wpb_column vc_column_container vc_col-sm-12\"><div class=\"vc_column-inner\"><div class=\"wpb_wrapper\">\n\t<div class=\"wpb_text_column wpb_content_element\" >\n\t\t<div class=\"wpb_wrapper\">\n\t\t\t<h4><a href=\"https:\/\/epit.lt\/en\/gaminiai\/terasustogines\/alu\/2-2\/solidepit20th2\/\">SOLID ePIT ALU 20TH2<\/a><\/h4>\n\n\t\t<\/div>\n\t<\/div>\n<div class=\"vc_empty_space\"   style=\"height: 45px\"><span class=\"vc_empty_space_inner\"><\/span><\/div><div class=\"qodef-image-gallery\">\n\t<div class=\"qodef-image-gallery-grid clearfix qodef-gallery-columns-2\" >\n\t\t\t\t\t<div class=\"qodef-gallery-image\">\n\t\t\t\t\t\t\t\t\t<a itemprop=\"image\" href=\"https:\/\/epit.lt\/en\/gaminiai\/terasustogines\/alu\/2-2\/solidepit20th2\/\" title=\"20TH2 (Small)\" target=\"_self\">\n\t\t\t\t\t\t\n\t\t\t\t\t\t\t\t\t\t\t<img loading=\"lazy\" decoding=\"async\" src=\"https:\/\/epit.lt\/wp-content\/uploads\/2023\/12\/20TH2-Small-800x400.jpg\" alt=\"\" width=\"800\" height=\"400\" \/>\t\t\t\t\t\n\t\t\t\t<\/a>\n\n\t\t\t<\/div>\n\t\t\t<\/div>\n<\/div><div class=\"vc_empty_space\"   style=\"height: 45px\"><span class=\"vc_empty_space_inner\"><\/span><\/div><\/div><\/div><\/div><\/div><\/div><\/div><div class=\"vc_row wpb_row vc_row-fluid qodef-section vc_custom_1677163506919 qodef-content-aligment-left\" style=\"min-height:60px;height:auto;\"><div class=\"clearfix qodef-full-section-inner\"><div class=\"wpb_column vc_column_container vc_col-sm-12\"><div class=\"vc_column-inner\"><div class=\"wpb_wrapper\"><div class=\"vc_empty_space  vc_custom_1677163669445\"   style=\"height: 32px\"><span class=\"vc_empty_space_inner\"><\/span><\/div>\t<div class=\"qodef-call-to-action normal\">\n\n\t\t\t\t<div class=\"qodef-container-inner\">\n\t\t\t\t\t<div class=\"qodef-call-to-action-row-75-25 clearfix\" >\n\t\t\t\t\t\t<div class=\"qodef-text-wrapper qodef-call-to-action-column1 qodef-call-to-action-cell\">\n\t\t\t\t\t\t\t\t\t<div class=\"qodef-call-to-action-text\" style=\"font-size: 26px\">\n<h4><span style=\"color: #ffffff;\">Interested in this project?<\/span><\/h4>\n<\/div>\n\t\t\t\t<\/div>\n\n\t\t\t\t\t\t\t\t\t<div class=\"qodef-button-wrapper qodef-call-to-action-column2 qodef-call-to-action-cell\" style =\"text-align: right ;\">\n\t\t\t\t\t\t<a itemprop=\"url\" href=\"https:\/\/epit.lt\/en\/kontaktai\/\" target=\"_self\" style=\"color: #ffffff;background-color: #51ae3e;border-color: #ffffff\" class=\"qodef-btn qodef-btn-medium qodef-btn-outline qodef-btn-custom-hover-bg qodef-btn-custom-border-hover qodef-btn-custom-hover-color\" data-hover-bg-color=\"#ffffff\" data-hover-color=\"#51ae3e\" data-hover-border-color=\"#ffffff\"  >    <span class=\"qodef-btn-text\">Contact Us<\/span>    <\/a>\t\t\t\t\t<\/div>\n\t\t\t\t\t\t\t<\/div>\n\t\t\t\t<\/div>\n\t\t\t<\/div>\n<div class=\"vc_empty_space  vc_custom_1677163669445\"   style=\"height: 32px\"><span class=\"vc_empty_space_inner\"><\/span><\/div><\/div><\/div><\/div><\/div><\/div>\n<\/section>","protected":false},"excerpt":{"rendered":"Stogin\u0117s technin\u0117 charakteristika: Integruotas paneli\u0173 skai\u010dius 16 vnt. (5,92 kWp) Gabaritinis stogin\u0117s plotis - 8634 mm Maksimalus gabaritinis stogin\u0117s gylis nuo sienos - 3631 mm Stogo nuolyd\u017eio kampas nuo 5\u00b0 iki 15\u00b0 Kolonos dydis 120 mm Maksimalus au\u0161tis prie sienos - 3302 mm Standartinis auk\u0161tis...","protected":false},"author":2,"featured_media":0,"parent":7830,"menu_order":0,"comment_status":"closed","ping_status":"closed","template":"full-width.php","meta":{"footnotes":""},"_links":{"self":[{"href":"https:\/\/epit.lt\/en\/wp-json\/wp\/v2\/pages\/7893"}],"collection":[{"href":"https:\/\/epit.lt\/en\/wp-json\/wp\/v2\/pages"}],"about":[{"href":"https:\/\/epit.lt\/en\/wp-json\/wp\/v2\/types\/page"}],"author":[{"embeddable":true,"href":"https:\/\/epit.lt\/en\/wp-json\/wp\/v2\/users\/2"}],"replies":[{"embeddable":true,"href":"https:\/\/epit.lt\/en\/wp-json\/wp\/v2\/comments?post=7893"}],"version-history":[{"count":9,"href":"https:\/\/epit.lt\/en\/wp-json\/wp\/v2\/pages\/7893\/revisions"}],"predecessor-version":[{"id":8861,"href":"https:\/\/epit.lt\/en\/wp-json\/wp\/v2\/pages\/7893\/revisions\/8861"}],"up":[{"embeddable":true,"href":"https:\/\/epit.lt\/en\/wp-json\/wp\/v2\/pages\/7830"}],"wp:attachment":[{"href":"https:\/\/epit.lt\/en\/wp-json\/wp\/v2\/media?parent=7893"}],"curies":[{"name":"wp","href":"https:\/\/api.w.org\/{rel}","templated":true}]}}